{"id":10272,"date":"2022-02-28T16:21:54","date_gmt":"2022-02-28T16:21:54","guid":{"rendered":"https:\/\/nnpc.tempurl.host\/russia-ukraine-conflict-updates\/"},"modified":"2022-03-01T08:10:01","modified_gmt":"2022-03-01T08:10:01","slug":"russland-ukraine-konflikt-updates","status":"publish","type":"page","link":"https:\/\/nnpc-marine.com\/de\/russland-ukraine-konflikt-updates\/","title":{"rendered":"Russland \/ Ukraine Konflikt updates"},"content":{"rendered":"<section class=\"l-section wpb_row height_auto with_img\"><div class=\"l-section-img\" role=\"img\" aria-label=\"Bild\" data-img-width=\"1800\" data-img-height=\"1002\" style=\"background-image: url(https:\/\/nnpc-marine.com\/wp-content\/uploads\/2022\/02\/nnpc-oekraine-v2.jpg);background-position: top center;background-repeat: no-repeat;\"><\/div><div class=\"l-section-h i-cf\"><div class=\"g-cols vc_row via_flex valign_top type_default stacking_default\"><div class=\"vc_col-sm-12 wpb_column vc_column_container\"><div class=\"vc_column-inner\"><div class=\"wpb_wrapper\"><div class=\"w-separator size_custom\" style=\"height:560px\" id=\"rea4\"><style>@media(max-width:1024px){ #rea4{height:360px!important}}@media(max-width:600px){ #rea4{height:360px!important}}<\/style><\/div><\/div><\/div><\/div><\/div><\/div><\/section><section class=\"l-section wpb_row height_auto\"><div class=\"l-section-h i-cf\"><div class=\"g-cols vc_row via_flex valign_top type_default stacking_default\"><div class=\"vc_col-sm-12 wpb_column vc_column_container\"><div class=\"vc_column-inner\"><div class=\"wpb_wrapper\"><div class=\"w-separator size_custom\" style=\"height:10px\"><\/div><\/div><\/div><\/div><\/div><\/div><\/section><section class=\"l-section wpb_row us_custom_d684e256 height_auto\"><div class=\"l-section-h i-cf\"><div class=\"g-cols vc_row via_flex valign_top type_default stacking_default\"><div class=\"vc_col-sm-12 wpb_column vc_column_container\"><div class=\"vc_column-inner\"><div class=\"wpb_wrapper\"><div class=\"w-separator size_custom\" style=\"height:40px\"><\/div><div class=\"wpb_text_column us_custom_6df4bc3a has_text_color\"><div class=\"wpb_wrapper\"><h1>RUSSLAND \/ UKRAINE KONFLIKT UPDATES<\/h1>\n<\/div><\/div><div class=\"w-separator size_custom\" style=\"height:40px\"><\/div><\/div><\/div><\/div><\/div><\/div><\/section><section class=\"l-section wpb_row height_small\"><div class=\"l-section-h i-cf\"><div class=\"g-cols vc_row via_flex valign_top type_default stacking_default\"><div class=\"vc_col-sm-8 wpb_column vc_column_container\"><div class=\"vc_column-inner\"><div class=\"wpb_wrapper\"><div class=\"w-separator size_custom\" style=\"height:20px\"><\/div><div class=\"wpb_text_column\"><div class=\"wpb_wrapper\"><p>Die Lage in der Ukraine \u00e4ndert sich schnell. Zus\u00e4tzlich zu dem bereits angek\u00fcndigten Sanktionspaket werden in K\u00fcrze neue Sanktionen folgen, die sich st\u00e4rker auf die russische Wirtschaft und die Finanzinstitute auswirken werden. Dies d\u00fcrfte sich auch auf den Transport und den Zugang zu russischen H\u00e4fen auswirken.<\/p>\n<p>Nachfolgend finden Sie eine \u00dcbersicht \u00fcber unsere Updates zur Situation:<\/p>\n<\/div><\/div><div class=\"w-separator size_custom\" style=\"height:40px\"><\/div><div class=\"w-grid us_grid type_grid layout_8136 cols_1 pagination_infinite preload_style_spinner\" id=\"us_grid_1\" style=\"--columns:1;--gap:1.5rem;\" data-filterable=\"true\"><style>.layout_8136 .w-grid-item-h{border-radius:0rem}.layout_8136 .usg_post_title_1{transition-duration:0.2s;transform-origin:50% 50%;transform:scale(1) translate(0%,0%)}.layout_8136 .w-grid-item-h:focus-within .usg_post_title_1,.layout_8136 .w-grid-item-h:hover .usg_post_title_1{transform:scale(1) translate(0%,0%);opacity:1;color:#173260!important}.layout_8136 .usg_post_title_1{color:#2d6fb2!important;font-size:17px!important;font-weight:600!important}.layout_8136 .usg_post_date_1{color:var(--color-content-faded)!important;font-size:14px!important;border-bottom-width:1px!important;border-color:rgba(26,26,26,0.20)!important;border-bottom-style:solid!important}<\/style><div class=\"w-grid-list\">\t<article class=\"w-grid-item size_1x1 post-22789 post type-post status-publish format-standard has-post-thumbnail hentry category-nachricht tag-haefen tag-russland\" data-id=\"22789\">\r\n\t\t<div class=\"w-grid-item-h\">\r\n\t\t\t\t\t\t<h3 class=\"w-post-elm post_title usg_post_title_1 has_text_color entry-title color_link_inherit\"><a href=\"https:\/\/nnpc-marine.com\/de\/rundschreiben-aktuelles-zur-ukraine-2026\/\">Rundschreiben &#8211; Aktuelles zur Ukraine (2026)<\/a><\/h3><time class=\"w-post-elm post_date usg_post_date_1 has_text_color entry-date published\" datetime=\"2026-04-10T14:12:27+00:00\">10. April 2026<\/time>\t\t<\/div>\r\n\t\t\t<\/article>\r\n\t<article class=\"w-grid-item size_1x1 post-17876 post type-post status-publish format-standard has-post-thumbnail hentry category-nachricht tag-russland tag-sanctions-de\" data-id=\"17876\">\r\n\t\t<div class=\"w-grid-item-h\">\r\n\t\t\t\t\t\t<h3 class=\"w-post-elm post_title usg_post_title_1 has_text_color entry-title color_link_inherit\"><a href=\"https:\/\/nnpc-marine.com\/de\/europaeische-union-praesentiert-18-sanktionspaket-gegen-russland\/\">Europ\u00e4ische Union pr\u00e4sentiert 18. Sanktionspaket gegen Russland<\/a><\/h3><time class=\"w-post-elm post_date usg_post_date_1 has_text_color entry-date published\" datetime=\"2025-07-31T12:20:45+00:00\">31. Juli 2025<\/time>\t\t<\/div>\r\n\t\t\t<\/article>\r\n\t<article class=\"w-grid-item size_1x1 post-14612 post type-post status-publish format-standard has-post-thumbnail hentry category-nachricht tag-russland\" data-id=\"14612\">\r\n\t\t<div class=\"w-grid-item-h\">\r\n\t\t\t\t\t\t<h3 class=\"w-post-elm post_title usg_post_title_1 has_text_color entry-title color_link_inherit\"><a href=\"https:\/\/nnpc-marine.com\/de\/rundschreiben-16-eu-sanktionspaket-gegen-russland-wichtige-aktualisierungen\/\">Rundschreiben: 16. eu-sanktionspaket gegen russland &#8211; wichtige aktualisierungen<\/a><\/h3><time class=\"w-post-elm post_date usg_post_date_1 has_text_color entry-date published\" datetime=\"2025-02-26T11:13:42+00:00\">26. Februar 2025<\/time>\t\t<\/div>\r\n\t\t\t<\/article>\r\n\t<article class=\"w-grid-item size_1x1 post-13584 post type-post status-publish format-standard has-post-thumbnail hentry category-nachricht tag-russland\" data-id=\"13584\">\r\n\t\t<div class=\"w-grid-item-h\">\r\n\t\t\t\t\t\t<h3 class=\"w-post-elm post_title usg_post_title_1 has_text_color entry-title color_link_inherit\"><a href=\"https:\/\/nnpc-marine.com\/de\/nnpc-rundschreiben-14-sanktionspaket-der-eu-gegen-russland\/\">NNPC-rundschreiben: 14. sanktionspaket der EU gegen Russland<\/a><\/h3><time class=\"w-post-elm post_date usg_post_date_1 has_text_color entry-date published\" datetime=\"2024-07-19T07:02:13+00:00\">19. Juli 2024<\/time>\t\t<\/div>\r\n\t\t\t<\/article>\r\n\t<article class=\"w-grid-item size_1x1 post-13188 post type-post status-publish format-standard has-post-thumbnail hentry category-nachricht tag-russland\" data-id=\"13188\">\r\n\t\t<div class=\"w-grid-item-h\">\r\n\t\t\t\t\t\t<h3 class=\"w-post-elm post_title usg_post_title_1 has_text_color entry-title color_link_inherit\"><a href=\"https:\/\/nnpc-marine.com\/de\/13-sanktionspaket-der-eu-gegen-russland-update\/\">13. Sanktionspaket der EU gegen Russland: Update<\/a><\/h3><time class=\"w-post-elm post_date usg_post_date_1 has_text_color entry-date published\" datetime=\"2024-04-11T10:05:16+00:00\">11. April 2024<\/time>\t\t<\/div>\r\n\t\t\t<\/article>\r\n\t<article class=\"w-grid-item size_1x1 post-12829 post type-post status-publish format-standard has-post-thumbnail hentry category-nachricht tag-russland\" data-id=\"12829\">\r\n\t\t<div class=\"w-grid-item-h\">\r\n\t\t\t\t\t\t<h3 class=\"w-post-elm post_title usg_post_title_1 has_text_color entry-title color_link_inherit\"><a href=\"https:\/\/nnpc-marine.com\/de\/ukraine-rundschreiben-update-februar-2024\/\">Ukraine-Rundschreiben &#8211; Update Februar 2024<\/a><\/h3><time class=\"w-post-elm post_date usg_post_date_1 has_text_color entry-date published\" datetime=\"2024-02-06T09:02:29+00:00\">6. Februar 2024<\/time>\t\t<\/div>\r\n\t\t\t<\/article>\r\n\t<article class=\"w-grid-item size_1x1 post-11597 post type-post status-publish format-standard has-post-thumbnail hentry category-nachricht tag-russland\" data-id=\"11597\">\r\n\t\t<div class=\"w-grid-item-h\">\r\n\t\t\t\t\t\t<h3 class=\"w-post-elm post_title usg_post_title_1 has_text_color entry-title color_link_inherit\"><a href=\"https:\/\/nnpc-marine.com\/de\/eu-sanktionspaket-11-juengste-entwicklungen-bei-den-sanktionen-gegen-russland-23-06-23\/\">EU-Sanktionspaket 11: J\u00fcngste Entwicklungen bei den Sanktionen gegen Russland (23.06.23)<\/a><\/h3><time class=\"w-post-elm post_date usg_post_date_1 has_text_color entry-date published\" datetime=\"2023-06-30T11:36:01+00:00\">30. Juni 2023<\/time>\t\t<\/div>\r\n\t\t\t<\/article>\r\n\t<article class=\"w-grid-item size_1x1 post-11416 post type-post status-publish format-standard has-post-thumbnail hentry category-nachricht tag-russland\" data-id=\"11416\">\r\n\t\t<div class=\"w-grid-item-h\">\r\n\t\t\t\t\t\t<h3 class=\"w-post-elm post_title usg_post_title_1 has_text_color entry-title color_link_inherit\"><a href=\"https:\/\/nnpc-marine.com\/de\/ukraine-update-schwarzmeer-getreide-initiative-um-60-tage-verlaengert\/\">Ukraine-Update: Schwarzmeer-Getreide-Initiative um 60 Tage verl\u00e4ngert<\/a><\/h3><time class=\"w-post-elm post_date usg_post_date_1 has_text_color entry-date published\" datetime=\"2023-03-24T11:13:22+00:00\">24. M\u00e4rz 2023<\/time>\t\t<\/div>\r\n\t\t\t<\/article>\r\n\t<article class=\"w-grid-item size_1x1 post-11397 post type-post status-publish format-standard has-post-thumbnail hentry category-nachricht tag-russland\" data-id=\"11397\">\r\n\t\t<div class=\"w-grid-item-h\">\r\n\t\t\t\t\t\t<h3 class=\"w-post-elm post_title usg_post_title_1 has_text_color entry-title color_link_inherit\"><a href=\"https:\/\/nnpc-marine.com\/de\/beperking-excess-war-pi-dekking-oekraine-rusland-en-wit-rusland-iga\/\">IGA-Beschr\u00e4nkungen der Excess War P&#038;I Deckung f\u00fcr die Ukraine, Russland und Wei\u00dfrussland<\/a><\/h3><time class=\"w-post-elm post_date usg_post_date_1 has_text_color entry-date published\" datetime=\"2023-03-19T15:56:17+00:00\">19. M\u00e4rz 2023<\/time>\t\t<\/div>\r\n\t\t\t<\/article>\r\n\t<article class=\"w-grid-item size_1x1 post-11365 post type-post status-publish format-standard has-post-thumbnail hentry category-nachricht tag-russland\" data-id=\"11365\">\r\n\t\t<div class=\"w-grid-item-h\">\r\n\t\t\t\t\t\t<h3 class=\"w-post-elm post_title usg_post_title_1 has_text_color entry-title color_link_inherit\"><a href=\"https:\/\/nnpc-marine.com\/de\/rundbrief-sanktionen-gegen-russland-update-vom-14-03-2023\/\">Rundbrief: Sanktionen gegen Russland \/ Update vom 14.03.2023<\/a><\/h3><time class=\"w-post-elm post_date usg_post_date_1 has_text_color entry-date published\" datetime=\"2023-03-14T11:06:52+00:00\">14. M\u00e4rz 2023<\/time>\t\t<\/div>\r\n\t\t\t<\/article>\r\n\t<article class=\"w-grid-item size_1x1 post-11199 post type-post status-publish format-standard has-post-thumbnail hentry category-nachricht tag-russland\" data-id=\"11199\">\r\n\t\t<div class=\"w-grid-item-h\">\r\n\t\t\t\t\t\t<h3 class=\"w-post-elm post_title usg_post_title_1 has_text_color entry-title color_link_inherit\"><a href=\"https:\/\/nnpc-marine.com\/de\/wichtiges-update-meldung-von-schiffen-die-russland-anlaufen-oder-russische-gewaesser-durchqueren\/\">Wichtiges Update: Meldung von Schiffen, die Russland anlaufen oder russische Gew\u00e4sser durchqueren<\/a><\/h3><time class=\"w-post-elm post_date usg_post_date_1 has_text_color entry-date published\" datetime=\"2023-01-05T09:45:34+00:00\">5. Januar 2023<\/time>\t\t<\/div>\r\n\t\t\t<\/article>\r\n\t<article class=\"w-grid-item size_1x1 post-11195 post type-post status-publish format-standard has-post-thumbnail hentry category-nachricht tag-russland\" data-id=\"11195\">\r\n\t\t<div class=\"w-grid-item-h\">\r\n\t\t\t\t\t\t<h3 class=\"w-post-elm post_title usg_post_title_1 has_text_color entry-title color_link_inherit\"><a href=\"https:\/\/nnpc-marine.com\/de\/wichtiges-update-kriegsrisikodeckung-fuer-versicherungsnehmer-mit-festbeitrag-einschliesslich-charterern\/\">Wichtiges Update: Kriegsrisikodeckung f\u00fcr Versicherungsnehmer mit Festbeitrag (einschlie\u00dflich Charterern)<\/a><\/h3><time class=\"w-post-elm post_date usg_post_date_1 has_text_color entry-date published\" datetime=\"2023-01-05T08:51:31+00:00\">5. Januar 2023<\/time>\t\t<\/div>\r\n\t\t\t<\/article>\r\n\t<article class=\"w-grid-item size_1x1 post-11101 post type-post status-publish format-standard has-post-thumbnail hentry category-nachricht tag-russland\" data-id=\"11101\">\r\n\t\t<div class=\"w-grid-item-h\">\r\n\t\t\t\t\t\t<h3 class=\"w-post-elm post_title usg_post_title_1 has_text_color entry-title color_link_inherit\"><a href=\"https:\/\/nnpc-marine.com\/de\/ukraine-update-november-2022\/\">Ukraine-Update &#8211; November 2022<\/a><\/h3><time class=\"w-post-elm post_date usg_post_date_1 has_text_color entry-date published\" datetime=\"2022-12-01T14:13:51+00:00\">1. Dezember 2022<\/time>\t\t<\/div>\r\n\t\t\t<\/article>\r\n\t<article class=\"w-grid-item size_1x1 post-10893 post type-post status-publish format-standard has-post-thumbnail hentry category-nachricht tag-russland tag-sanktionen\" data-id=\"10893\">\r\n\t\t<div class=\"w-grid-item-h\">\r\n\t\t\t\t\t\t<h3 class=\"w-post-elm post_title usg_post_title_1 has_text_color entry-title color_link_inherit\"><a href=\"https:\/\/nnpc-marine.com\/de\/update-eu-sancties-verduideli\/\">Update zu EU-Sanktionen &#8211; Klarstellung zum Transport bestimmter russischer Ladungen<\/a><\/h3><time class=\"w-post-elm post_date usg_post_date_1 has_text_color entry-date published\" datetime=\"2022-11-04T16:45:49+00:00\">4. November 2022<\/time>\t\t<\/div>\r\n\t\t\t<\/article>\r\n\t<article class=\"w-grid-item size_1x1 post-10750 post type-post status-publish format-standard has-post-thumbnail hentry category-nachricht tag-russland\" data-id=\"10750\">\r\n\t\t<div class=\"w-grid-item-h\">\r\n\t\t\t\t\t\t<h3 class=\"w-post-elm post_title usg_post_title_1 has_text_color entry-title color_link_inherit\"><a href=\"https:\/\/nnpc-marine.com\/de\/rundbrief-general-trade-licence-meldung-von-schiffen-die-russland-anlaufen-oder-russische-gewaesser-durchqueren\/\">Rundbrief: \u201eGeneral Trade Licence\u201c: Meldung von Schiffen, die Russland anlaufen oder russische Gew\u00e4sser durchqueren<\/a><\/h3><time class=\"w-post-elm post_date usg_post_date_1 has_text_color entry-date published\" datetime=\"2022-08-10T08:27:23+00:00\">10. August 2022<\/time>\t\t<\/div>\r\n\t\t\t<\/article>\r\n<\/div>\t<div class=\"w-grid-preloader\">\r\n\t\t<div class=\"g-preloader type_1\">\r\n\t\t\t<div><\/div>\r\n\t\t<\/div>\r\n\t<\/div>\r\n\t\t\t\t<div class=\"g-loadmore \">\r\n\t\t\t\t<div class=\"g-preloader type_1\">\r\n\t\t\t\t\t<div><\/div>\r\n\t\t\t\t<\/div>\r\n\t\t\t\t<button class=\"w-btn us-btn-style_1\">\r\n\t\t\t\t\t<span class=\"w-btn-label\">Mehr laden<\/span>\r\n\t\t\t\t<\/button>\r\n\t\t\t<\/div>\r\n\t\t\t\t<div class=\"w-grid-json hidden\" onclick='return {&quot;action&quot;:&quot;us_ajax_grid&quot;,&quot;infinite_scroll&quot;:true,&quot;max_num_pages&quot;:2,&quot;pagination&quot;:&quot;ajax&quot;,&quot;template_vars&quot;:{&quot;columns&quot;:&quot;1&quot;,&quot;exclude_items&quot;:&quot;none&quot;,&quot;img_size&quot;:&quot;default&quot;,&quot;ignore_items_size&quot;:0,&quot;items_layout&quot;:&quot;8136&quot;,&quot;items_offset&quot;:&quot;1&quot;,&quot;load_animation&quot;:&quot;none&quot;,&quot;overriding_link&quot;:&quot;{\\&quot;url\\&quot;:\\&quot;\\&quot;}&quot;,&quot;post_id&quot;:0,&quot;query_args&quot;:{&quot;post_type&quot;:[&quot;post&quot;],&quot;tax_query&quot;:[{&quot;taxonomy&quot;:&quot;category&quot;,&quot;field&quot;:&quot;slug&quot;,&quot;terms&quot;:[&quot;nieuws&quot;,&quot;nieuws-en&quot;,&quot;nieuws-en-de&quot;]},{&quot;taxonomy&quot;:&quot;post_tag&quot;,&quot;field&quot;:&quot;slug&quot;,&quot;terms&quot;:[&quot;rusland&quot;,&quot;russia&quot;,&quot;russland&quot;]}],&quot;post_status&quot;:[&quot;publish&quot;],&quot;posts_per_page&quot;:&quot;15&quot;},&quot;orderby_query_args&quot;:{&quot;orderby&quot;:{&quot;date&quot;:&quot;DESC&quot;}},&quot;type&quot;:&quot;grid&quot;,&quot;us_grid_post_type&quot;:&quot;post&quot;,&quot;us_grid_ajax_index&quot;:1,&quot;us_grid_filter_query_string&quot;:null,&quot;us_grid_index&quot;:1,&quot;page_args&quot;:[],&quot;lang&quot;:&quot;de&quot;}}'><\/div>\r\n\t<\/div><div class=\"w-separator size_medium\"><\/div><\/div><\/div><\/div><div class=\"vc_col-sm-4 wpb_column vc_column_container\"><div class=\"vc_column-inner\"><div class=\"wpb_wrapper\"><\/div><\/div><\/div><\/div><\/div><\/section>\n","protected":false},"excerpt":{"rendered":"Aufgrund des Krieges in der Ukraine wurden mehrere \u00c4nderungen an den britischen Sanktionen gegen Russland beschlossen. Am 17. M\u00e4rz d.J. ver\u00f6ffentlichte die britische Regierung eine \u201eGeneral Trade Licence\u201c, um diese Sanktionen zu pr\u00e4zisieren. Eine Kopie der \u201eGeneral Trade Licence\u201c finden Sie \u00fcber den unten stehenden Link: https:\/\/www.gov.uk\/government\/publications\/general-trade-licence-russia-sanctions-vessels Auf der Grundlage dieser \u201eLicence\u201c ist den (R\u00fcck-)Versicherern...","protected":false},"author":1,"featured_media":0,"parent":0,"menu_order":0,"comment_status":"closed","ping_status":"closed","template":"","meta":{"footnotes":""},"class_list":["post-10272","page","type-page","status-publish","hentry"],"_links":{"self":[{"href":"https:\/\/nnpc-marine.com\/de\/wp-json\/wp\/v2\/pages\/10272","targetHints":{"allow":["GET"]}}],"collection":[{"href":"https:\/\/nnpc-marine.com\/de\/wp-json\/wp\/v2\/pages"}],"about":[{"href":"https:\/\/nnpc-marine.com\/de\/wp-json\/wp\/v2\/types\/page"}],"author":[{"embeddable":true,"href":"https:\/\/nnpc-marine.com\/de\/wp-json\/wp\/v2\/users\/1"}],"replies":[{"embeddable":true,"href":"https:\/\/nnpc-marine.com\/de\/wp-json\/wp\/v2\/comments?post=10272"}],"version-history":[{"count":0,"href":"https:\/\/nnpc-marine.com\/de\/wp-json\/wp\/v2\/pages\/10272\/revisions"}],"wp:attachment":[{"href":"https:\/\/nnpc-marine.com\/de\/wp-json\/wp\/v2\/media?parent=10272"}],"curies":[{"name":"wp","href":"https:\/\/api.w.org\/{rel}","templated":true}]}}