{"id":10406,"date":"2022-03-24T13:18:16","date_gmt":"2022-03-24T13:18:16","guid":{"rendered":"https:\/\/nnpc.tempurl.host\/ueber-nnpc\/unsere-spezialisten\/eli-gottschal\/"},"modified":"2025-07-07T14:13:07","modified_gmt":"2025-07-07T14:13:07","slug":"eli-gottschal","status":"publish","type":"page","link":"https:\/\/nnpc-marine.com\/de\/ueber-nnpc\/unsere-spezialisten\/eli-gottschal\/","title":{"rendered":"Eli Gottschal"},"content":{"rendered":"<section class=\"l-section wpb_row height_auto width_full\"><div class=\"l-section-h i-cf\"><div class=\"g-cols vc_row via_flex valign_top type_default stacking_default\"><div class=\"vc_col-sm-12 wpb_column vc_column_container\"><div class=\"vc_column-inner\"><div class=\"wpb_wrapper\"><section class=\"l-section wpb_row us_custom_6b927907 height_medium\"><div class=\"l-section-h i-cf\"><div class=\"g-cols vc_row via_flex valign_top type_default stacking_default\"><div class=\"vc_col-sm-12 wpb_column vc_column_container\"><div class=\"vc_column-inner\"><div class=\"wpb_wrapper\"><div class=\"wpb_text_column us_custom_68ae8862 has_text_color\"><div class=\"wpb_wrapper\"><p>\u00dcber NNPC<\/p>\n<\/div><\/div><div class=\"w-image us_custom_636cd958 us_animate_this hide_on_tablets hide_on_mobiles align_right\"><div class=\"w-image-h\"><img decoding=\"async\" width=\"350\" height=\"350\" src=\"https:\/\/nnpc-marine.com\/wp-content\/uploads\/2025\/06\/ster3.png\" class=\"attachment-full size-full\" alt=\"\" loading=\"lazy\" srcset=\"https:\/\/nnpc-marine.com\/wp-content\/uploads\/2025\/06\/ster3.png 350w, https:\/\/nnpc-marine.com\/wp-content\/uploads\/2025\/06\/ster3-300x300.png 300w, https:\/\/nnpc-marine.com\/wp-content\/uploads\/2025\/06\/ster3-150x150.png 150w\" sizes=\"auto, (max-width: 350px) 100vw, 350px\" \/><\/div><\/div><\/div><\/div><\/div><\/div><\/div><\/section>\n<\/div><\/div><\/div><\/div><\/div><\/section><section class=\"l-section wpb_row height_small\"><div class=\"l-section-h i-cf\"><div class=\"g-cols vc_row via_flex valign_top type_default stacking_default\"><div class=\"vc_col-sm-2 wpb_column vc_column_container\"><div class=\"vc_column-inner\"><div class=\"wpb_wrapper\"><\/div><\/div><\/div><div class=\"vc_col-sm-8 wpb_column vc_column_container\"><div class=\"vc_column-inner\"><div class=\"wpb_wrapper\"><div class=\"w-text us_custom_80a192e9 icon_atleft\"><a href=\"https:\/\/nnpc-marine.com\/de\/ueber-nnpc\/unsere-spezialisten\/\" class=\"w-text-h\"><i class=\"fas fa-long-arrow-left\"><\/i><span class=\"w-text-value\">Unsere Spezialisten<\/span><\/a><\/div><div class=\"w-separator size_custom\" style=\"height:30px\"><\/div><h1 class=\"w-post-elm post_title align_center entry-title color_link_inherit\">Eli Gottschal<\/h1><div class=\"wpb_text_column us_custom_d59980a0 has_text_color\"><div class=\"wpb_wrapper\"><p style=\"text-align: center;\">Underwriter<\/p>\n<\/div><\/div><div class=\"w-separator hide_on_tablets hide_on_mobiles size_custom\" style=\"height:30px\"><\/div><\/div><\/div><\/div><div class=\"vc_col-sm-2 wpb_column vc_column_container\"><div class=\"vc_column-inner\"><div class=\"wpb_wrapper\"><\/div><\/div><\/div><\/div><\/div><\/section><section class=\"l-section wpb_row height_auto\"><div class=\"l-section-h i-cf\"><div class=\"g-cols vc_row via_flex valign_top type_default stacking_default\"><div class=\"vc_col-sm-2 wpb_column vc_column_container\"><div class=\"vc_column-inner\"><div class=\"wpb_wrapper\"><\/div><\/div><\/div><div class=\"vc_col-sm-8 wpb_column vc_column_container\"><div class=\"vc_column-inner\"><div class=\"wpb_wrapper\"><div class=\"g-cols wpb_row via_flex valign_top type_default stacking_default\"><div class=\"vc_col-sm-6 wpb_column vc_column_container\"><div class=\"vc_column-inner\"><div class=\"wpb_wrapper\"><div class=\"w-image us_custom_7cd9500e align_center\"><div class=\"w-image-h\"><img decoding=\"async\" width=\"500\" height=\"532\" src=\"https:\/\/nnpc-marine.com\/wp-content\/uploads\/2022\/03\/profiel-eligottschal.jpg\" class=\"attachment-full size-full\" alt=\"\" loading=\"lazy\" srcset=\"https:\/\/nnpc-marine.com\/wp-content\/uploads\/2022\/03\/profiel-eligottschal.jpg 500w, https:\/\/nnpc-marine.com\/wp-content\/uploads\/2022\/03\/profiel-eligottschal-282x300.jpg 282w\" sizes=\"auto, (max-width: 500px) 100vw, 500px\" \/><\/div><\/div><div class=\"w-separator size_custom\" style=\"height:30px\"><\/div><div class=\"wpb_text_column us_custom_6c9a0c76\"><div class=\"wpb_wrapper\"><p style=\"text-align: left;\"><strong>E-mail<\/strong><br \/>\n<a href=\"mailto:e.gottschal@nnpc-marine.com\">e.gottschal@nnpc-marine.com<\/a><\/p>\n<\/div><\/div><div class=\"w-separator size_custom\" style=\"height:20px\"><\/div><div class=\"wpb_text_column us_custom_6c9a0c76\"><div class=\"wpb_wrapper\"><p><strong>Mobilfunknummer<\/strong><br \/>\n<a href=\"tel:+31615072085\">+31 (0)6 1507 2085<\/a><\/p>\n<\/div><\/div><div class=\"w-separator size_custom\" style=\"height:40px\"><\/div><div class=\"w-text us_custom_6c9a0c76 hide_on_default hide_on_laptops hide_on_tablets hide_on_mobiles icon_atleft\"><a href=\"#\" class=\"w-text-h\"><i class=\"far fa-download\"><\/i><span class=\"w-text-value\">Download V-card<\/span><\/a><\/div><div class=\"w-separator size_custom\" style=\"height:20px\"><\/div><\/div><\/div><\/div><div class=\"vc_col-sm-6 wpb_column vc_column_container\"><div class=\"vc_column-inner\"><div class=\"wpb_wrapper\"><h2 class=\"w-text\"><span class=\"w-text-h\"><span class=\"w-text-value\">Biographie<\/span><\/span><\/h2><div class=\"w-separator size_custom\" style=\"height:20px\"><\/div><div class=\"wpb_text_column\"><div class=\"wpb_wrapper\"><p><strong>Position beim NNPC<\/strong><br \/>\nAls Underwriter bin ich seit 2021 zusammen mit meinen Kollegen f\u00fcr den gesamten Versicherungsprozess verantwortlich: von der Anfrage und Risikobewertung bis zur Erstellung der Police und der Rechnungen. Innerhalb der Underwriting-Abteilung befasse ich mich auch mit dem versicherungsmathematischen Teil, wie beispielsweise dem Beitragsmodell.<\/p>\n<p><strong>Was ist das Besondere an diesem Verein?<\/strong><br \/>\nAbgesehen davon, dass die Schifffahrt eine sehr interessante Branche ist, gef\u00e4llt es mir, in einem \u00fcberschaubaren Unternehmen wie dem NNPC zu arbeiten, wo man einen guten \u00dcberblick \u00fcber alle Abteilungen hat.<\/p>\n<p><strong>Pers\u00f6nliche Vision<\/strong><br \/>\nF\u00fcr die Zukunft m\u00f6chte ich beim NNPC mehr \u00fcber die verschiedenen Produkte lernen und mich im versicherungsmathematischen Bereich weiterentwickeln, damit wir stets einen passenden Versicherungsschutz zum entsprechenden Beitrag anbieten k\u00f6nnen.<\/p>\n<\/div><\/div><\/div><\/div><\/div><\/div><\/div><\/div><\/div><div class=\"vc_col-sm-2 wpb_column vc_column_container\"><div class=\"vc_column-inner\"><div class=\"wpb_wrapper\"><\/div><\/div><\/div><\/div><\/div><\/section><section class=\"l-section wpb_row height_auto\"><div class=\"l-section-h i-cf\"><div class=\"g-cols vc_row via_flex valign_top type_default stacking_default\"><div class=\"vc_col-sm-12 wpb_column vc_column_container\"><div class=\"vc_column-inner\"><div class=\"wpb_wrapper\"><div class=\"w-separator size_large\"><\/div><\/div><\/div><\/div><\/div><\/div><\/section>\n","protected":false},"excerpt":{"rendered":"\u00dcber NNPC Unsere SpezialistenEli GottschalUnderwriter E-mail e.gottschal@nnpc-marine.com Mobilfunknummer +31 (0)6 1507 2085 Download V-cardBiographiePosition beim NNPC Als Underwriter bin ich seit 2021 zusammen mit meinen Kollegen f\u00fcr den gesamten Versicherungsprozess verantwortlich: von der Anfrage und Risikobewertung bis zur Erstellung der Police und der Rechnungen. Innerhalb der Underwriting-Abteilung befasse ich mich auch mit dem versicherungsmathematischen Teil,...","protected":false},"author":1,"featured_media":10372,"parent":9157,"menu_order":0,"comment_status":"closed","ping_status":"closed","template":"","meta":{"footnotes":""},"class_list":["post-10406","page","type-page","status-publish","has-post-thumbnail","hentry"],"_links":{"self":[{"href":"https:\/\/nnpc-marine.com\/de\/wp-json\/wp\/v2\/pages\/10406","targetHints":{"allow":["GET"]}}],"collection":[{"href":"https:\/\/nnpc-marine.com\/de\/wp-json\/wp\/v2\/pages"}],"about":[{"href":"https:\/\/nnpc-marine.com\/de\/wp-json\/wp\/v2\/types\/page"}],"author":[{"embeddable":true,"href":"https:\/\/nnpc-marine.com\/de\/wp-json\/wp\/v2\/users\/1"}],"replies":[{"embeddable":true,"href":"https:\/\/nnpc-marine.com\/de\/wp-json\/wp\/v2\/comments?post=10406"}],"version-history":[{"count":0,"href":"https:\/\/nnpc-marine.com\/de\/wp-json\/wp\/v2\/pages\/10406\/revisions"}],"up":[{"embeddable":true,"href":"https:\/\/nnpc-marine.com\/de\/wp-json\/wp\/v2\/pages\/9157"}],"wp:featuredmedia":[{"embeddable":true,"href":"https:\/\/nnpc-marine.com\/de\/wp-json\/wp\/v2\/media\/10372"}],"wp:attachment":[{"href":"https:\/\/nnpc-marine.com\/de\/wp-json\/wp\/v2\/media?parent=10406"}],"curies":[{"name":"wp","href":"https:\/\/api.w.org\/{rel}","templated":true}]}}