{"id":10688,"date":"2022-07-27T13:16:39","date_gmt":"2022-07-27T13:16:39","guid":{"rendered":"https:\/\/nnpc.tempurl.host\/mynnpc\/"},"modified":"2025-07-03T11:15:04","modified_gmt":"2025-07-03T11:15:04","slug":"mynnpc","status":"publish","type":"page","link":"https:\/\/nnpc-marine.com\/de\/mynnpc\/","title":{"rendered":"My NNPC"},"content":{"rendered":"<section class=\"l-section wpb_row us_custom_011a30f0 height_auto\"><div class=\"l-section-h i-cf\"><div class=\"g-cols vc_row via_flex valign_top type_default stacking_default\"><div class=\"vc_col-sm-12 wpb_column vc_column_container\"><div class=\"vc_column-inner\"><div class=\"wpb_wrapper\"><div class=\"w-separator size_custom\" style=\"height:25px\"><\/div><nav class=\"g-breadcrumbs us_custom_14f9dc19 has_text_color separator_icon align_left\" itemscope itemtype=\"http:\/\/schema.org\/BreadcrumbList\"><div class=\"g-breadcrumbs-item\" itemscope itemprop=\"itemListElement\" itemtype=\"http:\/\/schema.org\/ListItem\"><a itemprop=\"item\" href=\"https:\/\/nnpc-marine.com\/de\/\"><span itemprop=\"name\">Start<\/span><\/a><meta itemprop=\"position\" content=\"1\"\/><\/div><div class=\"g-breadcrumbs-separator\"><i class=\"far fa-angle-right\"><\/i><\/div><div class=\"g-breadcrumbs-item\">Seiten<\/div><\/nav><div class=\"w-separator size_custom\" style=\"height:25px\"><\/div><\/div><\/div><\/div><\/div><\/div><\/section><section class=\"l-section wpb_row height_medium\"><div class=\"l-section-h i-cf\"><div class=\"g-cols vc_row via_flex valign_top type_default stacking_default\"><div class=\"vc_col-sm-2 wpb_column vc_column_container\"><div class=\"vc_column-inner\"><div class=\"wpb_wrapper\"><\/div><\/div><\/div><div class=\"vc_col-sm-8 wpb_column vc_column_container\"><div class=\"vc_column-inner\"><div class=\"wpb_wrapper\"><h1 class=\"w-post-elm post_title align_left entry-title color_link_inherit\">My NNPC<\/h1><div class=\"w-separator size_custom\" style=\"height:20px\"><\/div><div class=\"wpb_text_column\"><div class=\"wpb_wrapper\"><p style=\"text-align: left;\">\u201eMy NNPC\u201c ist unser neues Kundenportal, auf dem unsere Mitglieder ihre Vertr\u00e4ge einfach einsehen und Sch\u00e4den online melden k\u00f6nnen.<\/p>\n<\/div><\/div><div class=\"w-separator size_custom\" style=\"height:20px\"><\/div><div class=\"w-btn-wrapper align_left\"><a class=\"w-btn us-btn-style_30\" target=\"_blank\" href=\"https:\/\/my.nnpc.nl\"><span class=\"w-btn-label\">Login My NNPC<\/span><\/a><\/div><\/div><\/div><\/div><div class=\"vc_col-sm-2 wpb_column vc_column_container\"><div class=\"vc_column-inner\"><div class=\"wpb_wrapper\"><\/div><\/div><\/div><\/div><\/div><\/section><section class=\"l-section wpb_row us_custom_eac59c77 height_small\"><div class=\"l-section-h i-cf\"><div class=\"g-cols vc_row via_flex valign_top type_default stacking_default\"><div class=\"vc_col-sm-2 wpb_column vc_column_container\"><div class=\"vc_column-inner\"><div class=\"wpb_wrapper\"><\/div><\/div><\/div><div class=\"vc_col-sm-8 wpb_column vc_column_container\"><div class=\"vc_column-inner\"><div class=\"wpb_wrapper\"><div class=\"w-separator size_custom\" style=\"height:20px\"><\/div><div class=\"wpb_text_column\"><div class=\"wpb_wrapper\"><h2>Eigenschaften<\/h2>\n<p>In K\u00fcrze werden Sie diese Online-Umgebung auf unserer Website nutzen k\u00f6nnen. Hier k\u00f6nnen Sie verschiedene Fragen zu den Policen und Anspr\u00fcchen im Zusammenhang mit Ihrer P&amp;I-Versicherung kl\u00e4ren. Sind Sie gespannt auf die M\u00f6glichkeiten?<\/p>\n<p>Hier finden Sie Informationen zu den wichtigsten Funktionen:<\/p>\n<ul>\n<li>Direkter Einblick in alle Ihre Versicherungen<\/li>\n<li>Zugang zu Bescheinigungen, Pr\u00fcfberichten und Rechnungen<\/li>\n<li>Echtzeit-Zugang zu Schadenakten<\/li>\n<li>Online-Schadensmeldung, einschlie\u00dflich Aufnahme und Hinzuf\u00fcgen von Fotos<\/li>\n<li>\u00dcberblick \u00fcber die neuesten Nachrichten\\Push-Benachrichtigungen zu Aktualisierungen, z. B. zu einer Schadenakte<\/li>\n<li>Starker Datenschutz und hohe Sicherheit mit obligatorischer Zwei-Faktor-Authentifizierung (2FA)<\/li>\n<\/ul>\n<\/div><\/div><div class=\"w-separator size_custom\" style=\"height:50px\"><\/div><div class=\"wpb_text_column\"><div class=\"wpb_wrapper\"><h2>Service auf Ihre Art<\/h2>\n<p>Mit My NNPC bieten wir Ihnen als Mitglied mehr Kontrolle \u00fcber Ihre Versicherungen. Selbstverst\u00e4ndlich stehen wir Ihnen nach wie vor f\u00fcr einen pers\u00f6nlichen Kontakt zur Verf\u00fcgung, wann und wo immer Sie ihn brauchen. Dieses Kundenportal ist somit eine benutzerfreundliche Erg\u00e4nzung unserer Dienstleistung, die es uns erm\u00f6glicht, Ihnen einen noch besseren Service zu bieten.<\/p>\n<p>M\u00f6chten Sie My NNPC nutzen, sobald es eingef\u00fchrt ist? Dann melden Sie sich hier an:<\/p>\n<\/div><\/div><div class=\"w-separator size_custom\" style=\"height:50px\"><\/div><div class=\"wpb_text_column\"><div class=\"wpb_wrapper\"><h2>Melden Sie sich an f\u00fcr My NNPC<\/h2>\n<\/div><\/div><div class=\"w-separator size_custom\" style=\"height:40px\"><\/div><div class=\"wpb_text_column\"><div class=\"wpb_wrapper\"><div class=\"forminator-ui forminator-custom-form forminator-custom-form-10705 forminator-design--default  forminator_ajax\" data-forminator-render=\"0\" data-form=\"forminator-module-10705\" data-uid=\"69df1462b2005\"><br\/><\/div><form\r\n\t\t\t\tid=\"forminator-module-10705\"\r\n\t\t\t\tclass=\"forminator-ui forminator-custom-form forminator-custom-form-10705 forminator-design--default  forminator_ajax\"\r\n\t\t\t\tmethod=\"post\"\r\n\t\t\t\tdata-forminator-render=\"0\"\r\n\t\t\t\tdata-form-id=\"10705\"\r\n\t\t\t\t data-color-option=\"default\" data-design=\"default\" data-grid=\"open\" style=\"display: none;\"\r\n\t\t\t\tdata-uid=\"69df1462b2005\"\r\n\t\t\t><div role=\"alert\" aria-live=\"polite\" class=\"forminator-response-message forminator-error\" aria-hidden=\"true\"><\/div><div class=\"forminator-row\"><div id=\"name-1\" class=\"forminator-field-name forminator-col forminator-col-12 \"><div class=\"forminator-field\"><label for=\"forminator-field-name-1_69df1462b2005\" id=\"forminator-field-name-1_69df1462b2005-label\" class=\"forminator-label\">Name <span class=\"forminator-required\">*<\/span><\/label><input type=\"text\" name=\"name-1\" value=\"\" placeholder=\"\" id=\"forminator-field-name-1_69df1462b2005\" class=\"forminator-input forminator-name--field\" aria-required=\"true\" autocomplete=\"name\" \/><\/div><\/div><\/div><div class=\"forminator-row\"><div id=\"text-1\" class=\"forminator-field-text forminator-col forminator-col-12 \"><div class=\"forminator-field\"><label for=\"forminator-field-text-1_69df1462b2005\" id=\"forminator-field-text-1_69df1462b2005-label\" class=\"forminator-label\">Firmenname <span class=\"forminator-required\">*<\/span><\/label><input type=\"text\" name=\"text-1\" value=\"\" placeholder=\"\" id=\"forminator-field-text-1_69df1462b2005\" class=\"forminator-input forminator-name--field\" data-required=\"1\" \/><\/div><\/div><\/div><div class=\"forminator-row\"><div id=\"email-1\" class=\"forminator-field-email forminator-col forminator-col-12 \"><div class=\"forminator-field\"><label for=\"forminator-field-email-1_69df1462b2005\" id=\"forminator-field-email-1_69df1462b2005-label\" class=\"forminator-label\">E-mail <span class=\"forminator-required\">*<\/span><\/label><input type=\"email\" name=\"email-1\" value=\"\" placeholder=\"\" id=\"forminator-field-email-1_69df1462b2005\" class=\"forminator-input forminator-email--field\" data-required=\"true\" aria-required=\"true\" autocomplete=\"email\" \/><\/div><\/div><\/div><div class=\"forminator-row\"><div id=\"phone-1\" class=\"forminator-field-phone forminator-col forminator-col-12 \"><div class=\"forminator-field\"><label for=\"forminator-field-phone-1_69df1462b2005\" id=\"forminator-field-phone-1_69df1462b2005-label\" class=\"forminator-label\">Telefon <span class=\"forminator-required\">*<\/span><\/label><input type=\"text\" name=\"phone-1\" value=\"\" placeholder=\"\" id=\"forminator-field-phone-1_69df1462b2005\" class=\"forminator-input forminator-field--phone\" data-required=\"1\" aria-required=\"true\" autocomplete=\"off\" \/><\/div><\/div><\/div><div class=\"forminator-row\"><div id=\"consent-1\" class=\"forminator-field-consent forminator-col forminator-col-12 \"><div class=\"forminator-field\"><div class=\"forminator-checkbox__wrapper\"><label id=\"forminator-field-consent-1_69df1462b2005__label\" class=\"forminator-checkbox forminator-consent\"><input type=\"checkbox\" name=\"consent-1\" id=\"forminator-field-consent-1_69df1462b2005\" value=\"checked\" aria-labelledby=\"forminator-field-consent-1_69df1462b2005-label\" aria-describedby=\"forminator-field-consent-1_69df1462b2005__description\" data-required=\"true\" aria-required=\"true\" \/><span class=\"forminator-checkbox-box\" aria-hidden=\"true\"><\/span><\/label><div id=\"forminator-field-consent-1_69df1462b2005__description\" class=\"forminator-checkbox__label forminator-consent__label\"><p>Ja, ich stimme den My NNPC-<a href=\"https:\/\/nnpc.tempurl.host\/mynnpc\/nnpc-ledenportaal-gebruikersvoorwaarden\/\" target=\"_blank\" rel=\"noopener\">Nutzungsbedingungen<\/a> zu.<\/p><\/div><\/div><\/div><\/div><\/div><div class=\"forminator-row\"><div id=\"captcha-1\" class=\"forminator-field-captcha forminator-col forminator-col-12 \"><div class=\"forminator-captcha-left forminator-hcaptcha\" data-theme=\"light\"  data-sitekey=\"db92e8f6-9a68-42e1-9bce-a473cd6e588d\" data-size=\"normal\"><\/div> <\/div><\/div><input type=\"hidden\" name=\"referer_url\" value=\"\" \/><div class=\"forminator-row forminator-row-last\"><div class=\"forminator-col\"><div class=\"forminator-field\"><button class=\"forminator-button forminator-button-submit\">Senden<\/button><\/div><\/div><\/div><input type=\"hidden\" id=\"forminator_nonce\" name=\"forminator_nonce\" value=\"11931583e5\" \/><input type=\"hidden\" name=\"_wp_http_referer\" value=\"\/de\/wp-json\/wp\/v2\/pages\/10688\" \/><input type=\"hidden\" name=\"form_id\" value=\"10705\"><input type=\"hidden\" name=\"page_id\" value=\"10688\"><input type=\"hidden\" name=\"form_type\" value=\"default\"><input type=\"hidden\" name=\"current_url\" value=\"https:\/\/nnpc-marine.com\/de\/mynnpc\/\"><input type=\"hidden\" name=\"render_id\" value=\"0\"><input type=\"hidden\" name=\"action\" value=\"forminator_submit_form_custom-forms\"><\/form>\n<\/div><\/div><\/div><\/div><\/div><div class=\"vc_col-sm-2 wpb_column vc_column_container\"><div class=\"vc_column-inner\"><div class=\"wpb_wrapper\"><\/div><\/div><\/div><\/div><\/div><\/section>\n","protected":false},"excerpt":{"rendered":"StartSeitenMy NNPC\u201eMy NNPC\u201c ist unser neues Kundenportal, auf dem unsere Mitglieder ihre Vertr\u00e4ge einfach einsehen und Sch\u00e4den online melden k\u00f6nnen. Login My NNPCEigenschaften In K\u00fcrze werden Sie diese Online-Umgebung auf unserer Website nutzen k\u00f6nnen. Hier k\u00f6nnen Sie verschiedene Fragen zu den Policen und Anspr\u00fcchen im Zusammenhang mit Ihrer P&amp;I-Versicherung kl\u00e4ren. Sind Sie gespannt auf die...","protected":false},"author":1,"featured_media":0,"parent":0,"menu_order":0,"comment_status":"closed","ping_status":"closed","template":"","meta":{"footnotes":""},"class_list":["post-10688","page","type-page","status-publish","hentry"],"_links":{"self":[{"href":"https:\/\/nnpc-marine.com\/de\/wp-json\/wp\/v2\/pages\/10688","targetHints":{"allow":["GET"]}}],"collection":[{"href":"https:\/\/nnpc-marine.com\/de\/wp-json\/wp\/v2\/pages"}],"about":[{"href":"https:\/\/nnpc-marine.com\/de\/wp-json\/wp\/v2\/types\/page"}],"author":[{"embeddable":true,"href":"https:\/\/nnpc-marine.com\/de\/wp-json\/wp\/v2\/users\/1"}],"replies":[{"embeddable":true,"href":"https:\/\/nnpc-marine.com\/de\/wp-json\/wp\/v2\/comments?post=10688"}],"version-history":[{"count":0,"href":"https:\/\/nnpc-marine.com\/de\/wp-json\/wp\/v2\/pages\/10688\/revisions"}],"wp:attachment":[{"href":"https:\/\/nnpc-marine.com\/de\/wp-json\/wp\/v2\/media?parent=10688"}],"curies":[{"name":"wp","href":"https:\/\/api.w.org\/{rel}","templated":true}]}}