{"id":13107,"date":"2024-03-18T11:39:35","date_gmt":"2024-03-18T11:39:35","guid":{"rendered":"https:\/\/nnpc.tempurl.host\/ueber-nnpc\/unsere-spezialisten\/talha-uysal\/"},"modified":"2025-07-07T14:08:02","modified_gmt":"2025-07-07T14:08:02","slug":"talha-uysal","status":"publish","type":"page","link":"https:\/\/nnpc-marine.com\/de\/ueber-nnpc\/unsere-spezialisten\/talha-uysal\/","title":{"rendered":"Talha Uysal"},"content":{"rendered":"<section class=\"l-section wpb_row height_auto width_full\"><div class=\"l-section-h i-cf\"><div class=\"g-cols vc_row via_flex valign_top type_default stacking_default\"><div class=\"vc_col-sm-12 wpb_column vc_column_container\"><div class=\"vc_column-inner\"><div class=\"wpb_wrapper\"><section class=\"l-section wpb_row us_custom_6b927907 height_medium\"><div class=\"l-section-h i-cf\"><div class=\"g-cols vc_row via_flex valign_top type_default stacking_default\"><div class=\"vc_col-sm-12 wpb_column vc_column_container\"><div class=\"vc_column-inner\"><div class=\"wpb_wrapper\"><div class=\"wpb_text_column us_custom_68ae8862 has_text_color\"><div class=\"wpb_wrapper\"><p>\u00dcber NNPC<\/p>\n<\/div><\/div><div class=\"w-image us_custom_636cd958 us_animate_this hide_on_tablets hide_on_mobiles align_right\"><div class=\"w-image-h\"><img decoding=\"async\" width=\"350\" height=\"350\" src=\"https:\/\/nnpc-marine.com\/wp-content\/uploads\/2025\/06\/ster3.png\" class=\"attachment-full size-full\" alt=\"\" loading=\"lazy\" srcset=\"https:\/\/nnpc-marine.com\/wp-content\/uploads\/2025\/06\/ster3.png 350w, https:\/\/nnpc-marine.com\/wp-content\/uploads\/2025\/06\/ster3-300x300.png 300w, https:\/\/nnpc-marine.com\/wp-content\/uploads\/2025\/06\/ster3-150x150.png 150w\" sizes=\"auto, (max-width: 350px) 100vw, 350px\" \/><\/div><\/div><\/div><\/div><\/div><\/div><\/div><\/section>\n<\/div><\/div><\/div><\/div><\/div><\/section><section class=\"l-section wpb_row height_small\"><div class=\"l-section-h i-cf\"><div class=\"g-cols vc_row via_flex valign_top type_default stacking_default\"><div class=\"vc_col-sm-2 wpb_column vc_column_container\"><div class=\"vc_column-inner\"><div class=\"wpb_wrapper\"><\/div><\/div><\/div><div class=\"vc_col-sm-8 wpb_column vc_column_container\"><div class=\"vc_column-inner\"><div class=\"wpb_wrapper\"><div class=\"w-text us_custom_80a192e9 icon_atleft\"><a href=\"https:\/\/nnpc-marine.com\/de\/ueber-nnpc\/unsere-spezialisten\/\" class=\"w-text-h\"><i class=\"fas fa-long-arrow-left\"><\/i><span class=\"w-text-value\">Unsere Spezialisten<\/span><\/a><\/div><div class=\"w-separator size_custom\" style=\"height:30px\"><\/div><h1 class=\"w-post-elm post_title align_center entry-title color_link_inherit\">Talha Uysal<\/h1><div class=\"wpb_text_column us_custom_d59980a0 has_text_color\"><div class=\"wpb_wrapper\"><p style=\"text-align: center;\">Claimshandler<\/p>\n<\/div><\/div><div class=\"w-separator hide_on_tablets hide_on_mobiles size_custom\" style=\"height:30px\"><\/div><\/div><\/div><\/div><div class=\"vc_col-sm-2 wpb_column vc_column_container\"><div class=\"vc_column-inner\"><div class=\"wpb_wrapper\"><\/div><\/div><\/div><\/div><\/div><\/section><section class=\"l-section wpb_row height_auto\"><div class=\"l-section-h i-cf\"><div class=\"g-cols vc_row via_flex valign_top type_default stacking_default\"><div class=\"vc_col-sm-2 wpb_column vc_column_container\"><div class=\"vc_column-inner\"><div class=\"wpb_wrapper\"><\/div><\/div><\/div><div class=\"vc_col-sm-8 wpb_column vc_column_container\"><div class=\"vc_column-inner\"><div class=\"wpb_wrapper\"><div class=\"g-cols wpb_row via_flex valign_top type_default stacking_default\"><div class=\"vc_col-sm-6 wpb_column vc_column_container\"><div class=\"vc_column-inner\"><div class=\"wpb_wrapper\"><div class=\"w-image us_custom_7cd9500e align_center\"><div class=\"w-image-h\"><img decoding=\"async\" width=\"500\" height=\"532\" src=\"https:\/\/nnpc-marine.com\/wp-content\/uploads\/2024\/03\/profiel-talha.jpg\" class=\"attachment-full size-full\" alt=\"\" loading=\"lazy\" srcset=\"https:\/\/nnpc-marine.com\/wp-content\/uploads\/2024\/03\/profiel-talha.jpg 500w, https:\/\/nnpc-marine.com\/wp-content\/uploads\/2024\/03\/profiel-talha-282x300.jpg 282w\" sizes=\"auto, (max-width: 500px) 100vw, 500px\" \/><\/div><\/div><div class=\"w-separator size_custom\" style=\"height:30px\"><\/div><div class=\"wpb_text_column us_custom_6c9a0c76\"><div class=\"wpb_wrapper\"><p style=\"text-align: left;\"><strong>E-mail<\/strong><br \/>\n<a href=\"mailto:t.uysal@nnpc-marine.com\">t.uysal@nnpc-marine.com<\/a><\/p>\n<\/div><\/div><div class=\"w-separator size_custom\" style=\"height:20px\"><\/div><div class=\"wpb_text_column us_custom_6c9a0c76\"><div class=\"wpb_wrapper\"><p><strong>Mobilfunknummer<\/strong><br \/>\n<a href=\"tel:+31682186868\">+31(0)6 8218 6868<\/a><\/p>\n<\/div><\/div><div class=\"w-separator size_custom\" style=\"height:40px\"><\/div><div class=\"w-text us_custom_6c9a0c76 hide_on_default hide_on_laptops hide_on_tablets hide_on_mobiles icon_atleft\"><a href=\"#\" class=\"w-text-h\"><i class=\"far fa-download\"><\/i><span class=\"w-text-value\">Download V-card<\/span><\/a><\/div><div class=\"w-separator size_custom\" style=\"height:20px\"><\/div><\/div><\/div><\/div><div class=\"vc_col-sm-6 wpb_column vc_column_container\"><div class=\"vc_column-inner\"><div class=\"wpb_wrapper\"><h2 class=\"w-text\"><span class=\"w-text-h\"><span class=\"w-text-value\">Biographie<\/span><\/span><\/h2><div class=\"w-separator size_custom\" style=\"height:20px\"><\/div><div class=\"wpb_text_column\"><div class=\"wpb_wrapper\"><p><strong>Position beim NNPC<\/strong><br \/>\nNachdem ich Erfahrungen in einer renommierten internationalen Anwaltskanzlei gesammelt hatte, begann ich 2024 als Schadensbearbeiter bei NNPC. Ich bearbeite eine Vielzahl unterschiedlicher Schadensf\u00e4lle &#8211; von Rechtsstreitigkeiten und Ausf\u00e4llen bis hin zu Besatzungs- und Frachtangelegenheiten &#8211; und stehe in engem Kontakt mit unseren Mitgliedern und Kunden, um sie durch jeden Fall zu begleiten.<\/p>\n<p><strong>Was ist das Besondere an diesem Verein?<\/strong><br \/>\nHier gleicht kein Tag dem anderen, was die Arbeit attraktiv und dynamisch macht. Am meisten sch\u00e4tze ich an diesem Arbeitsplatz die Mischung aus Verantwortung und Unterst\u00fctzung, die man erh\u00e4lt. Wir werden dazu ermutigt, uns weiterzuentwickeln, und gleichzeitig wird uns das Vertrauen entgegengebracht, komplexe Schadensf\u00e4lle zu bearbeiten.<\/p>\n<p><strong>Pers\u00f6nliche Vision<\/strong><br \/>\nMein Ziel ist es, ein zuverl\u00e4ssiger Experte im Bereich der maritimen Schadensf\u00e4lle zu bleiben und dabei juristisches Wissen mit praktischer Erfahrung zu verbinden, um unsere Mitglieder so effektiv wie m\u00f6glich zu unterst\u00fctzen. Um dieses Fachwissen zu erhalten und zu vertiefen, bin ich bestrebt, mich kontinuierlich weiterzubilden und \u00fcber die Entwicklungen im Seerecht auf dem Laufenden zu bleiben.<\/p>\n<\/div><\/div><\/div><\/div><\/div><\/div><\/div><\/div><\/div><div class=\"vc_col-sm-2 wpb_column vc_column_container\"><div class=\"vc_column-inner\"><div class=\"wpb_wrapper\"><\/div><\/div><\/div><\/div><\/div><\/section><section class=\"l-section wpb_row height_auto\"><div class=\"l-section-h i-cf\"><div class=\"g-cols vc_row via_flex valign_top type_default stacking_default\"><div class=\"vc_col-sm-12 wpb_column vc_column_container\"><div class=\"vc_column-inner\"><div class=\"wpb_wrapper\"><div class=\"w-separator size_large\"><\/div><\/div><\/div><\/div><\/div><\/div><\/section>\n","protected":false},"excerpt":{"rendered":"\u00dcber NNPC Unsere SpezialistenTalha UysalClaimshandler E-mail t.uysal@nnpc-marine.com Mobilfunknummer +31(0)6 8218 6868 Download V-cardBiographiePosition beim NNPC Nachdem ich Erfahrungen in einer renommierten internationalen Anwaltskanzlei gesammelt hatte, begann ich 2024 als Schadensbearbeiter bei NNPC. Ich bearbeite eine Vielzahl unterschiedlicher Schadensf\u00e4lle &#8211; von Rechtsstreitigkeiten und Ausf\u00e4llen bis hin zu Besatzungs- und Frachtangelegenheiten &#8211; und stehe in engem Kontakt...","protected":false},"author":1,"featured_media":13066,"parent":9157,"menu_order":0,"comment_status":"closed","ping_status":"closed","template":"","meta":{"footnotes":""},"class_list":["post-13107","page","type-page","status-publish","has-post-thumbnail","hentry"],"_links":{"self":[{"href":"https:\/\/nnpc-marine.com\/de\/wp-json\/wp\/v2\/pages\/13107","targetHints":{"allow":["GET"]}}],"collection":[{"href":"https:\/\/nnpc-marine.com\/de\/wp-json\/wp\/v2\/pages"}],"about":[{"href":"https:\/\/nnpc-marine.com\/de\/wp-json\/wp\/v2\/types\/page"}],"author":[{"embeddable":true,"href":"https:\/\/nnpc-marine.com\/de\/wp-json\/wp\/v2\/users\/1"}],"replies":[{"embeddable":true,"href":"https:\/\/nnpc-marine.com\/de\/wp-json\/wp\/v2\/comments?post=13107"}],"version-history":[{"count":0,"href":"https:\/\/nnpc-marine.com\/de\/wp-json\/wp\/v2\/pages\/13107\/revisions"}],"up":[{"embeddable":true,"href":"https:\/\/nnpc-marine.com\/de\/wp-json\/wp\/v2\/pages\/9157"}],"wp:featuredmedia":[{"embeddable":true,"href":"https:\/\/nnpc-marine.com\/de\/wp-json\/wp\/v2\/media\/13066"}],"wp:attachment":[{"href":"https:\/\/nnpc-marine.com\/de\/wp-json\/wp\/v2\/media?parent=13107"}],"curies":[{"name":"wp","href":"https:\/\/api.w.org\/{rel}","templated":true}]}}