{"id":17117,"date":"2025-06-21T11:31:09","date_gmt":"2025-06-21T11:31:09","guid":{"rendered":"https:\/\/nnpc-marine.com\/produkte-und-dienstleistungen\/fdd\/"},"modified":"2026-02-10T11:23:02","modified_gmt":"2026-02-10T11:23:02","slug":"rechtsbeistand-fdd","status":"publish","type":"page","link":"https:\/\/nnpc-marine.com\/de\/produkte-und-dienstleistungen\/rechtsbeistand-fdd\/","title":{"rendered":"Rechtsbeistand (FD&#038;D)"},"content":{"rendered":"<section class=\"l-section wpb_row height_auto width_full\"><div class=\"l-section-h i-cf\"><div class=\"g-cols vc_row via_flex valign_top type_default stacking_default\"><div class=\"vc_col-sm-12 wpb_column vc_column_container\"><div class=\"vc_column-inner\"><div class=\"wpb_wrapper\"><section class=\"l-section wpb_row us_custom_011a30f0 height_auto\"><div class=\"l-section-h i-cf\"><div class=\"g-cols vc_row via_flex valign_top type_default stacking_default\"><div class=\"vc_col-sm-12 wpb_column vc_column_container\"><div class=\"vc_column-inner\"><div class=\"wpb_wrapper\"><div class=\"w-separator size_custom\" style=\"height:25px\"><\/div><nav class=\"g-breadcrumbs us_custom_14f9dc19 has_text_color separator_icon align_left\" itemscope itemtype=\"http:\/\/schema.org\/BreadcrumbList\"><div class=\"g-breadcrumbs-item\" itemscope itemprop=\"itemListElement\" itemtype=\"http:\/\/schema.org\/ListItem\"><a itemprop=\"item\" href=\"https:\/\/nnpc-marine.com\/de\/\"><span itemprop=\"name\">Start<\/span><\/a><meta itemprop=\"position\" content=\"1\"\/><\/div><div class=\"g-breadcrumbs-separator\"><i class=\"far fa-angle-right\"><\/i><\/div><div class=\"g-breadcrumbs-item\">Seiten<\/div><\/nav><div class=\"w-separator size_custom\" style=\"height:25px\"><\/div><\/div><\/div><\/div><\/div><\/div><\/section>\n<\/div><\/div><\/div><\/div><\/div><\/section><section class=\"l-section wpb_row height_auto\"><div class=\"l-section-h i-cf\"><div class=\"g-cols vc_row via_flex valign_top type_default stacking_default\"><div class=\"vc_col-sm-12 wpb_column vc_column_container\"><div class=\"vc_column-inner\"><div class=\"wpb_wrapper\"><div class=\"w-separator size_custom\" style=\"height:6px\"><\/div><\/div><\/div><\/div><\/div><\/div><\/section><section class=\"l-section wpb_row height_auto with_img\" id=\"foto\"><div class=\"l-section-img\" role=\"img\" aria-label=\"Bild\" data-img-width=\"1920\" data-img-height=\"537\" style=\"background-image: url(https:\/\/nnpc-marine.com\/wp-content\/uploads\/2025\/06\/Website-header-6.jpg);background-repeat: no-repeat;\"><\/div><div class=\"l-section-h i-cf\"><div class=\"g-cols vc_row via_flex valign_top type_default reversed stacking_default\"><div class=\"vc_col-sm-12 wpb_column vc_column_container\"><div class=\"vc_column-inner us_custom_fd43344c\"><div class=\"wpb_wrapper\"><div class=\"w-separator size_custom\" style=\"height:380px\" id=\"d3af\"><style>@media(max-width:600px){ #d3af{height:200px!important}}<\/style><\/div><\/div><\/div><\/div><\/div><\/div><\/section><section class=\"l-section wpb_row height_medium\"><div class=\"l-section-h i-cf\"><div class=\"g-cols vc_row via_flex valign_top type_default stacking_default\"><div class=\"vc_col-sm-2 wpb_column vc_column_container\"><div class=\"vc_column-inner\"><div class=\"wpb_wrapper\"><\/div><\/div><\/div><div class=\"vc_col-sm-8 wpb_column vc_column_container\"><div class=\"vc_column-inner\"><div class=\"wpb_wrapper\"><h1 class=\"w-text us_custom_1f257949\"><span class=\"w-text-h\"><span class=\"w-text-value\">Rechtsbeistand (FD&amp;D)<\/span><\/span><\/h1><div class=\"w-separator size_custom\" style=\"height:20px\"><\/div><div class=\"wpb_text_column\"><div class=\"wpb_wrapper\"><p><strong>Rechtliche Unterst\u00fctzung, wenn es darauf ankommt.<\/strong><\/p>\n<p style=\"text-align: left;\">Wenn es zu einem Rechtsstreit kommt &#8211; beispielsweise \u00fcber Frachtforderungen, \u00dcberliegegeld oder Zeitverluste im Hafen &#8211; bietet die <strong>Rechtsschutzversicherung<\/strong> (auch bekannt als FD&amp;D, d. h. Freight, Demurrage and Defense) Unterst\u00fctzung. <strong>Diese Police deckt die rechtlichen Kosten von Streitigkeiten in der See-, Binnenschifffahrt und im Schiffbau ab.<\/strong><\/p>\n<\/div><\/div><\/div><\/div><\/div><div class=\"vc_col-sm-2 wpb_column vc_column_container\"><div class=\"vc_column-inner\"><div class=\"wpb_wrapper\"><\/div><\/div><\/div><\/div><\/div><\/section><section class=\"l-section wpb_row us_custom_eac59c77 height_medium\"><div class=\"l-section-h i-cf\"><div class=\"g-cols vc_row via_flex valign_top type_default stacking_default\"><div class=\"vc_col-sm-2\/5 wpb_column vc_column_container\"><div class=\"vc_column-inner\"><div class=\"wpb_wrapper\"><div class=\"w-separator hide_on_default hide_on_laptops size_custom\" style=\"height:20px\"><\/div><h2 class=\"w-text us_custom_1f257949\"><span class=\"w-text-h\"><span class=\"w-text-value\">Ihre rechtliche Verteidigung auf See und an Land<\/span><\/span><\/h2><\/div><\/div><\/div><div class=\"vc_col-sm-3\/5 wpb_column vc_column_container\"><div class=\"vc_column-inner us_custom_47474b22 us_animate_this\"><div class=\"wpb_wrapper\"><div class=\"wpb_text_column us_custom_38e07046\"><div class=\"wpb_wrapper\"><p>Die meisten F\u00e4lle werden von unserer eigenen, erfahrenen Rechtsabteilung bearbeitet,<\/p>\n<\/div><\/div><div class=\"w-separator size_custom with_line width_default thick_1 style_solid color_secondary align_center\" style=\"height:50px\"><div class=\"w-separator-h\"><\/div><\/div><div class=\"wpb_text_column us_custom_38e07046\"><div class=\"wpb_wrapper\"><p>die nahtlos mit Ihrer <strong><a href=\"https:\/\/nnpc-marine.com\/de\/produkte-und-dienstleistungen\/mutual-versicherung\/\">P&amp;I-Versicherung<\/a><\/strong> zusammenarbeitet<\/p>\n<\/div><\/div><div class=\"w-separator hide_on_default hide_on_laptops size_custom\" style=\"height:20px\"><\/div><\/div><\/div><\/div><\/div><\/div><\/section><section class=\"l-section wpb_row us_custom_057801f8 height_medium\"><div class=\"l-section-h i-cf\"><div class=\"g-cols vc_row via_flex valign_top type_default stacking_default\"><div class=\"vc_col-sm-2\/5 wpb_column vc_column_container\"><div class=\"vc_column-inner\"><div class=\"wpb_wrapper\"><div class=\"w-separator hide_on_default hide_on_laptops size_custom\" style=\"height:20px\"><\/div><h2 class=\"w-text us_custom_1f257949\"><span class=\"w-text-h\"><span class=\"w-text-value\">Deckung &amp; Limits<\/span><\/span><\/h2><\/div><\/div><\/div><div class=\"vc_col-sm-3\/5 wpb_column vc_column_container\"><div class=\"vc_column-inner\"><div class=\"wpb_wrapper\"><div class=\"wpb_text_column us_custom_38e07046\"><div class=\"wpb_wrapper\"><p><strong>Niedrige Selbstbeteiligung<\/strong> &#8211; diese gilt nur f\u00fcr externe Kosten<\/p>\n<\/div><\/div><div class=\"w-separator size_custom with_line width_default thick_1 style_solid color_secondary align_center\" style=\"height:50px\"><div class=\"w-separator-h\"><\/div><\/div><div class=\"wpb_text_column us_custom_38e07046\"><div class=\"wpb_wrapper\"><p>Basisdeckung bis zu 100.000 \u20ac (gem\u00e4\u00df unseren eigenen Versicherungsbedingungen)<\/p>\n<\/div><\/div><div class=\"w-separator size_custom with_line width_default thick_1 style_solid color_secondary align_center\" style=\"height:50px\"><div class=\"w-separator-h\"><\/div><\/div><div class=\"wpb_text_column us_custom_38e07046\"><div class=\"wpb_wrapper\"><p>Erweiterung auf bis zu 5.000.000 \u20ac m\u00f6glich (gem\u00e4\u00df den FD&amp;D-Bedingungen von NorthStandard)<\/p>\n<\/div><\/div><div class=\"w-separator size_custom with_line width_default thick_1 style_solid color_secondary align_center\" style=\"height:50px\"><div class=\"w-separator-h\"><\/div><\/div><div class=\"w-separator hide_on_default hide_on_laptops size_custom\" style=\"height:20px\"><\/div><\/div><\/div><\/div><\/div><\/div><\/section><section class=\"l-section wpb_row height_auto width_full\"><div class=\"l-section-h i-cf\"><div class=\"g-cols vc_row via_flex valign_top type_default stacking_default\"><div class=\"vc_col-sm-12 wpb_column vc_column_container\"><div class=\"vc_column-inner\"><div class=\"wpb_wrapper\"><section class=\"l-section wpb_row us_custom_011a30f0 height_auto\" id=\"global\"><div class=\"l-section-h i-cf\"><div class=\"g-cols vc_row via_flex valign_middle type_default reversed stacking_default\"><div class=\"vc_col-sm-6 wpb_column vc_column_container\"><div class=\"vc_column-inner\"><div class=\"wpb_wrapper\"><div class=\"w-image us_custom_1170825a us_animate_this align_none\"><div class=\"w-image-h\"><img decoding=\"async\" width=\"607\" height=\"412\" src=\"https:\/\/nnpc-marine.com\/wp-content\/uploads\/2025\/06\/nnpc-globe.png\" class=\"attachment-full size-full\" alt=\"\" loading=\"lazy\" srcset=\"https:\/\/nnpc-marine.com\/wp-content\/uploads\/2025\/06\/nnpc-globe.png 607w, https:\/\/nnpc-marine.com\/wp-content\/uploads\/2025\/06\/nnpc-globe-300x204.png 300w\" sizes=\"auto, (max-width: 607px) 100vw, 607px\" \/><\/div><\/div><\/div><\/div><\/div><div class=\"vc_col-sm-6 wpb_column vc_column_container\"><div class=\"vc_column-inner\"><div class=\"wpb_wrapper\"><div class=\"w-separator hide_on_default hide_on_laptops size_custom\" style=\"height:50px\"><\/div><div class=\"wpb_text_column us_custom_eff5c3a4 has_text_color\"><div class=\"wpb_wrapper\"><p>Weltweiter Service,<br \/>\npers\u00f6nlicher Ansatz<\/p>\n<\/div><\/div><div class=\"w-separator size_custom\" style=\"height:30px\"><\/div><div class=\"wpb_text_column us_custom_7ef101eb has_text_color\"><div class=\"wpb_wrapper\"><ul>\n<li>Im Schadensfall rund um die Uhr erreichbar<\/li>\n<li>Schnelle Schadensabwicklung, um die Gesch\u00e4ftskontinuit\u00e4t zu gew\u00e4hrleisten<\/li>\n<li>Enge Verbundenheit mit Ihren Schiffen und Ihrem maritimen Unternehmen<\/li>\n<li>Strategische Partnerschaft mit <span style=\"color: #ffed00;\"><a style=\"color: #ffed00;\" href=\"https:\/\/north-standard.com\/\" target=\"_blank\" rel=\"noopener\">NorthStandard<\/a><\/span> und <span style=\"color: #ffed00;\"><a style=\"color: #ffed00;\" href=\"https:\/\/insuremarineunderwriting.com\/\" target=\"_blank\" rel=\"noopener\">IMU<\/a><\/span><\/li>\n<\/ul>\n<\/div><\/div><div class=\"w-separator hide_on_default hide_on_laptops size_custom\" style=\"height:30px\"><\/div><\/div><\/div><\/div><\/div><\/div><\/section>\n<\/div><\/div><\/div><\/div><\/div><\/section><section class=\"l-section wpb_row height_medium\"><div class=\"l-section-h i-cf\"><div class=\"g-cols vc_row via_flex valign_top type_default stacking_default\"><div class=\"vc_col-sm-12 wpb_column vc_column_container\"><div class=\"vc_column-inner us_custom_a518f36e us_animate_this\"><div class=\"wpb_wrapper\"><div class=\"w-separator size_custom\" style=\"height:10px\"><\/div><h2 class=\"w-text us_custom_1f257949\"><span class=\"w-text-h\"><span class=\"w-text-value\">H\u00e4ufig gestellte Fragen<\/span><\/span><\/h2><div class=\"w-separator hide_on_mobiles size_custom\" style=\"height:20px\"><\/div><div class=\"w-tabs style_default switch_click accordion remove_indents\" style=\"--sections-title-size:inherit\"><div class=\"w-tabs-sections titles-align_none icon_chevron cpos_right\"><div class=\"w-tabs-section\" id=\"oabc\" style=\"background:#ffffff;\"><button class=\"w-tabs-section-header\" aria-controls=\"content-oabc\" aria-expanded=\"false\"><div class=\"w-tabs-section-title\">Was ist der Unterschied zwischen Rechtsschutz und P&amp;I?<\/div><div class=\"w-tabs-section-control\"><\/div><\/button><div  class=\"w-tabs-section-content\" id=\"content-oabc\"><div class=\"w-tabs-section-content-h i-cf\"><div class=\"wpb_text_column\"><div class=\"wpb_wrapper\"><p>P&amp;I bietet Deckung f\u00fcr Haftpflicht gegen\u00fcber Dritten, w\u00e4hrend Rechtsschutz Deckung f\u00fcr Rechtsstreitigkeiten bietet.<\/p>\n<\/div><\/div><\/div><\/div><\/div><div class=\"w-tabs-section\" id=\"bc45\"><button class=\"w-tabs-section-header\" aria-controls=\"content-bc45\" aria-expanded=\"false\"><div class=\"w-tabs-section-title\">Welche Ereignisse sind durch die Rechtsschutzversicherung abgedeckt?<\/div><div class=\"w-tabs-section-control\"><\/div><\/button><div  class=\"w-tabs-section-content\" id=\"content-bc45\"><div class=\"w-tabs-section-content-h i-cf\"><div class=\"wpb_text_column\"><div class=\"wpb_wrapper\"><ul>\n<li>Meinungsverschiedenheiten \u00fcber die Fracht<\/li>\n<li>Streitigkeiten \u00fcber den Chartervertrag<\/li>\n<li>Beratung zum Chartervertrag<\/li>\n<\/ul>\n<\/div><\/div><\/div><\/div><\/div><div class=\"w-tabs-section\" id=\"tda9\"><button class=\"w-tabs-section-header\" aria-controls=\"content-tda9\" aria-expanded=\"false\"><div class=\"w-tabs-section-title\">Welche Versicherung oder welches Paket ist f\u00fcr mich am besten geeignet?<\/div><div class=\"w-tabs-section-control\"><\/div><\/button><div  class=\"w-tabs-section-content\" id=\"content-tda9\"><div class=\"w-tabs-section-content-h i-cf\"><div class=\"wpb_text_column\"><div class=\"wpb_wrapper\"><p><a href=\"https:\/\/nnpc-marine.com\/de\/kontakt\/\">Unsere Berater<\/a> stellen Ihnen gerne ein Versicherungspaket zusammen, das auf die Risiken und Anforderungen Ihres Unternehmens zugeschnitten ist.<\/p>\n<\/div><\/div><\/div><\/div><\/div><\/div><\/div><div class=\"w-separator hide_on_default hide_on_laptops size_custom\" style=\"height:30px\"><\/div><\/div><\/div><\/div><\/div><\/div><\/section><section class=\"l-section wpb_row height_auto width_full\"><div class=\"l-section-h i-cf\"><div class=\"g-cols vc_row via_flex valign_top type_default stacking_default\"><div class=\"vc_col-sm-12 wpb_column vc_column_container\"><div class=\"vc_column-inner\"><div class=\"wpb_wrapper\"><section class=\"l-section wpb_row us_custom_eac59c77 height_medium\"><div class=\"l-section-h i-cf\"><div class=\"g-cols vc_row via_flex valign_top type_default stacking_default\"><div class=\"vc_col-sm-2\/5 wpb_column vc_column_container\"><div class=\"vc_column-inner\"><div class=\"wpb_wrapper\"><h2 class=\"w-text us_custom_1f257949\"><span class=\"w-text-h\"><span class=\"w-text-value\">Sprechen Sie mit unseren Experten<\/span><\/span><\/h2><\/div><\/div><\/div><div class=\"vc_col-sm-3\/5 wpb_column vc_column_container\"><div class=\"vc_column-inner\"><div class=\"wpb_wrapper\"><div class=\"w-content-carousel items_2\"><div class=\"owl-carousel valign_stretch dotstyle_circle navstyle_circle arrows-ver-pos_middle arrows-hor-pos_on_sides_outside arrows-disabled_hide owl-responsive-2000 with_arrows\" style=\"--items-gap:30px;--transition-duration:400ms;--arrows-size:1.3rem;--arrows-gap:10px;\" onclick=\"return {&quot;aria_labels&quot;:{&quot;prev&quot;:&quot;Zur\\u00fcck&quot;,&quot;next&quot;:&quot;Weiter&quot;},&quot;autoplayContinual&quot;:false,&quot;autoplayHoverPause&quot;:false,&quot;autoplayTimeout&quot;:5000,&quot;autoWidth&quot;:false,&quot;smartSpeed&quot;:400,&quot;margin&quot;:30,&quot;mouseDrag&quot;:true,&quot;rtl&quot;:false,&quot;slideBy&quot;:&quot;1&quot;,&quot;touchDrag&quot;:true,&quot;slideTransition&quot;:&quot;&quot;,&quot;responsive&quot;:{&quot;0&quot;:{&quot;autoHeight&quot;:false,&quot;autoplay&quot;:false,&quot;autoWidth&quot;:false,&quot;center&quot;:false,&quot;dots&quot;:false,&quot;items&quot;:1,&quot;loop&quot;:false,&quot;nav&quot;:false,&quot;stagePadding&quot;:0,&quot;slideBy&quot;:&quot;1&quot;},&quot;601&quot;:{&quot;autoHeight&quot;:false,&quot;autoplay&quot;:true,&quot;autoWidth&quot;:false,&quot;center&quot;:false,&quot;dots&quot;:false,&quot;items&quot;:2,&quot;loop&quot;:true,&quot;nav&quot;:true,&quot;stagePadding&quot;:0}}}\"><div class=\"w-vwrapper align_none valign_top\" style=\"--vwrapper-gap:0rem\"><div class=\"w-image us_custom_16919a11 align_none\"><a href=\"https:\/\/nnpc-marine.com\/de\/ueber-nnpc\/unsere-spezialisten\/alinde-puper\/\" aria-label=\"profiel-alindepuper\" class=\"w-image-h\"><img decoding=\"async\" width=\"500\" height=\"532\" src=\"https:\/\/nnpc-marine.com\/wp-content\/uploads\/2021\/07\/profiel-alindepuper.jpg\" class=\"attachment-full size-full\" alt=\"\" loading=\"lazy\" srcset=\"https:\/\/nnpc-marine.com\/wp-content\/uploads\/2021\/07\/profiel-alindepuper.jpg 500w, https:\/\/nnpc-marine.com\/wp-content\/uploads\/2021\/07\/profiel-alindepuper-282x300.jpg 282w\" sizes=\"auto, (max-width: 500px) 100vw, 500px\" \/><\/a><\/div><div class=\"wpb_text_column us_custom_bb47b097\"><div class=\"wpb_wrapper\"><p><strong>Alinde Puper<\/strong><br \/>\nTeam Lead Underwriting<\/p>\n<\/div><\/div><\/div><div class=\"w-vwrapper align_none valign_top\" style=\"--vwrapper-gap:0rem\"><div class=\"w-image us_custom_16919a11 align_none\"><a href=\"https:\/\/nnpc-marine.com\/de\/ueber-nnpc\/unsere-spezialisten\/eli-gottschal\/\" aria-label=\"profiel-eligottschal\" class=\"w-image-h\"><img decoding=\"async\" width=\"500\" height=\"532\" src=\"https:\/\/nnpc-marine.com\/wp-content\/uploads\/2022\/03\/profiel-eligottschal.jpg\" class=\"attachment-full size-full\" alt=\"\" loading=\"lazy\" srcset=\"https:\/\/nnpc-marine.com\/wp-content\/uploads\/2022\/03\/profiel-eligottschal.jpg 500w, https:\/\/nnpc-marine.com\/wp-content\/uploads\/2022\/03\/profiel-eligottschal-282x300.jpg 282w\" sizes=\"auto, (max-width: 500px) 100vw, 500px\" \/><\/a><\/div><div class=\"wpb_text_column us_custom_bb47b097\"><div class=\"wpb_wrapper\"><p><strong>Eli Gottschal<\/strong><br \/>\nUnderwriter<\/p>\n<\/div><\/div><\/div><div class=\"w-vwrapper align_none valign_top\" style=\"--vwrapper-gap:0rem\"><div class=\"w-image us_custom_16919a11 align_none\"><a href=\"https:\/\/nnpc-marine.com\/de\/ueber-nnpc\/unsere-spezialisten\/jordi-schipper\/\" aria-label=\"profiel-jordischipper\" class=\"w-image-h\"><img decoding=\"async\" width=\"500\" height=\"532\" src=\"https:\/\/nnpc-marine.com\/wp-content\/uploads\/2022\/03\/profiel-jordischipper.jpg\" class=\"attachment-full size-full\" alt=\"\" loading=\"lazy\" srcset=\"https:\/\/nnpc-marine.com\/wp-content\/uploads\/2022\/03\/profiel-jordischipper.jpg 500w, https:\/\/nnpc-marine.com\/wp-content\/uploads\/2022\/03\/profiel-jordischipper-282x300.jpg 282w\" sizes=\"auto, (max-width: 500px) 100vw, 500px\" \/><\/a><\/div><div class=\"wpb_text_column us_custom_bb47b097\"><div class=\"wpb_wrapper\"><p><strong>Jordi Schipper<\/strong><br \/>\nUnderwriter<\/p>\n<\/div><\/div><\/div><div class=\"w-vwrapper align_none valign_top\" style=\"--vwrapper-gap:0rem\"><div class=\"w-image us_custom_16919a11 align_none\"><a href=\"https:\/\/nnpc-marine.com\/de\/ueber-nnpc\/unsere-spezialisten\/gleb-vishnevetckii\/\" aria-label=\"profiel-gleb\" class=\"w-image-h\"><img decoding=\"async\" width=\"500\" height=\"532\" src=\"https:\/\/nnpc-marine.com\/wp-content\/uploads\/2024\/03\/profiel-gleb.jpg\" class=\"attachment-full size-full\" alt=\"\" loading=\"lazy\" srcset=\"https:\/\/nnpc-marine.com\/wp-content\/uploads\/2024\/03\/profiel-gleb.jpg 500w, https:\/\/nnpc-marine.com\/wp-content\/uploads\/2024\/03\/profiel-gleb-282x300.jpg 282w\" sizes=\"auto, (max-width: 500px) 100vw, 500px\" \/><\/a><\/div><div class=\"wpb_text_column us_custom_bb47b097\"><div class=\"wpb_wrapper\"><p><strong>Gleb Vishnevetckii<\/strong><br \/>\nUnderwriter<\/p>\n<\/div><\/div><\/div><\/div><\/div><\/div><\/div><\/div><\/div><\/div><\/section>\n<\/div><\/div><\/div><\/div><\/div><\/section><section class=\"l-section wpb_row height_medium\"><div class=\"l-section-h i-cf\"><div class=\"g-cols vc_row via_flex valign_top type_default stacking_default\"><div class=\"vc_col-sm-2\/5 wpb_column vc_column_container\"><div class=\"vc_column-inner type_sticky\"><div class=\"wpb_wrapper\"><div class=\"w-separator hide_on_default hide_on_laptops hide_on_tablets size_custom\" style=\"height:30px\"><\/div><h2 class=\"w-text us_custom_1f257949\"><span class=\"w-text-h\"><span class=\"w-text-value\">Mehr zum Thema<\/span><\/span><\/h2><\/div><\/div><\/div><div class=\"vc_col-sm-3\/5 wpb_column vc_column_container\"><div class=\"vc_column-inner\"><div class=\"wpb_wrapper\"><div class=\"w-text icon_atleft\"><a target=\"_blank\" href=\"https:\/\/nnpc-marine.com\/wp-content\/uploads\/2026\/01\/nnpc-statuten-en-verzekeringsvoorwaarden-mutual-2026-v03.pdf\" class=\"w-text-h\"><i class=\"far fa-download\"><\/i><span class=\"w-text-value\">NNPC Mutual Insurance Conditions 2026<\/span><\/a><\/div><div class=\"w-separator size_custom with_line width_default thick_1 style_solid color_border align_center\" style=\"height:50px\"><div class=\"w-separator-h\"><\/div><\/div><div class=\"w-text icon_atleft\"><a target=\"_blank\" href=\"https:\/\/nnpc-marine.com\/wp-content\/uploads\/2026\/02\/nnpc-verzekeringsvoorwaarden-fixed-premium-2026-v01.pdf\" class=\"w-text-h\"><i class=\"far fa-download\"><\/i><span class=\"w-text-value\">NNPC Fixed Premium Policy Conditions 2026<\/span><\/a><\/div><div class=\"w-separator size_custom with_line width_default thick_1 style_solid color_border align_center\" style=\"height:50px\"><div class=\"w-separator-h\"><\/div><\/div><div class=\"w-text icon_atleft\"><a target=\"_blank\" href=\"https:\/\/verzekeringskaarten.nl\/nnpc\/pi-verzekering\" class=\"w-text-h\"><i class=\"far fa-download\"><\/i><span class=\"w-text-value\">Class 2 FD&amp;D Information Document<\/span><\/a><\/div><div class=\"w-separator size_custom with_line width_default thick_1 style_solid color_border align_center\" style=\"height:50px\"><div class=\"w-separator-h\"><\/div><\/div><div class=\"wpb_text_column us_custom_38e07046\"><div class=\"wpb_wrapper\"><p>Newsletter <a href=\"https:\/\/nnpc-marine.com\/de\/aktuelles-und-publikationen\/newsletter\/\">abonnieren<\/a><\/p>\n<\/div><\/div><div class=\"w-separator hide_on_default hide_on_laptops size_custom\" style=\"height:30px\"><\/div><\/div><\/div><\/div><\/div><\/div><\/section>\n","protected":false},"excerpt":{"rendered":"StartSeiten Rechtsbeistand (FD&amp;D)Rechtliche Unterst\u00fctzung, wenn es darauf ankommt. Wenn es zu einem Rechtsstreit kommt &#8211; beispielsweise \u00fcber Frachtforderungen, \u00dcberliegegeld oder Zeitverluste im Hafen &#8211; bietet die Rechtsschutzversicherung (auch bekannt als FD&amp;D, d. h. Freight, Demurrage and Defense) Unterst\u00fctzung. Diese Police deckt die rechtlichen Kosten von Streitigkeiten in der See-, Binnenschifffahrt und im Schiffbau ab. Ihre...","protected":false},"author":1,"featured_media":0,"parent":9172,"menu_order":0,"comment_status":"closed","ping_status":"closed","template":"","meta":{"footnotes":""},"class_list":["post-17117","page","type-page","status-publish","hentry"],"_links":{"self":[{"href":"https:\/\/nnpc-marine.com\/de\/wp-json\/wp\/v2\/pages\/17117","targetHints":{"allow":["GET"]}}],"collection":[{"href":"https:\/\/nnpc-marine.com\/de\/wp-json\/wp\/v2\/pages"}],"about":[{"href":"https:\/\/nnpc-marine.com\/de\/wp-json\/wp\/v2\/types\/page"}],"author":[{"embeddable":true,"href":"https:\/\/nnpc-marine.com\/de\/wp-json\/wp\/v2\/users\/1"}],"replies":[{"embeddable":true,"href":"https:\/\/nnpc-marine.com\/de\/wp-json\/wp\/v2\/comments?post=17117"}],"version-history":[{"count":0,"href":"https:\/\/nnpc-marine.com\/de\/wp-json\/wp\/v2\/pages\/17117\/revisions"}],"up":[{"embeddable":true,"href":"https:\/\/nnpc-marine.com\/de\/wp-json\/wp\/v2\/pages\/9172"}],"wp:attachment":[{"href":"https:\/\/nnpc-marine.com\/de\/wp-json\/wp\/v2\/media?parent=17117"}],"curies":[{"name":"wp","href":"https:\/\/api.w.org\/{rel}","templated":true}]}}