{"id":20879,"date":"2026-03-05T11:42:55","date_gmt":"2026-03-05T11:42:55","guid":{"rendered":"https:\/\/nnpc-marine.com\/iran-conflict\/"},"modified":"2026-03-06T10:48:01","modified_gmt":"2026-03-06T10:48:01","slug":"iran-konflikt","status":"publish","type":"page","link":"https:\/\/nnpc-marine.com\/de\/iran-konflikt\/","title":{"rendered":"Iran Konflikt"},"content":{"rendered":"<section class=\"l-section wpb_row height_auto width_full\"><div class=\"l-section-h i-cf\"><div class=\"g-cols vc_row via_flex valign_top type_default stacking_default\"><div class=\"vc_col-sm-12 wpb_column vc_column_container\"><div class=\"vc_column-inner\"><div class=\"wpb_wrapper\"><section class=\"l-section wpb_row us_custom_011a30f0 height_auto\"><div class=\"l-section-h i-cf\"><div class=\"g-cols vc_row via_flex valign_top type_default stacking_default\"><div class=\"vc_col-sm-12 wpb_column vc_column_container\"><div class=\"vc_column-inner\"><div class=\"wpb_wrapper\"><div class=\"w-separator size_custom\" style=\"height:25px\"><\/div><nav class=\"g-breadcrumbs us_custom_14f9dc19 has_text_color separator_icon align_left\" itemscope itemtype=\"http:\/\/schema.org\/BreadcrumbList\"><div class=\"g-breadcrumbs-item\" itemscope itemprop=\"itemListElement\" itemtype=\"http:\/\/schema.org\/ListItem\"><a itemprop=\"item\" href=\"https:\/\/nnpc-marine.com\/de\/\"><span itemprop=\"name\">Start<\/span><\/a><meta itemprop=\"position\" content=\"1\"\/><\/div><div class=\"g-breadcrumbs-separator\"><i class=\"far fa-angle-right\"><\/i><\/div><div class=\"g-breadcrumbs-item\">Seiten<\/div><\/nav><div class=\"w-separator size_custom\" style=\"height:25px\"><\/div><\/div><\/div><\/div><\/div><\/div><\/section>\n<\/div><\/div><\/div><\/div><\/div><\/section><section class=\"l-section wpb_row height_auto\"><div class=\"l-section-h i-cf\"><div class=\"g-cols vc_row via_flex valign_top type_default stacking_default\"><div class=\"vc_col-sm-12 wpb_column vc_column_container\"><div class=\"vc_column-inner\"><div class=\"wpb_wrapper\"><div class=\"w-separator size_custom\" style=\"height:6px\"><\/div><\/div><\/div><\/div><\/div><\/div><\/section><section class=\"l-section wpb_row height_auto with_img\" id=\"foto\"><div class=\"l-section-img\" role=\"img\" aria-label=\"Bild\" data-img-width=\"1920\" data-img-height=\"380\" style=\"background-image: url(https:\/\/nnpc-marine.com\/wp-content\/uploads\/2026\/03\/iranconflict-header.jpg);background-repeat: no-repeat;\"><\/div><div class=\"l-section-h i-cf\"><div class=\"g-cols vc_row via_flex valign_top type_default reversed stacking_default\"><div class=\"vc_col-sm-12 wpb_column vc_column_container\"><div class=\"vc_column-inner us_custom_fd43344c\"><div class=\"wpb_wrapper\"><div class=\"w-separator size_custom\" style=\"height:380px\" id=\"b3e5\"><style>@media(max-width:600px){ #b3e5{height:200px!important}}<\/style><\/div><\/div><\/div><\/div><\/div><\/div><\/section><section class=\"l-section wpb_row height_medium\"><div class=\"l-section-h i-cf\"><div class=\"g-cols vc_row via_flex valign_top type_default stacking_default\"><div class=\"vc_col-sm-2 wpb_column vc_column_container\"><div class=\"vc_column-inner\"><div class=\"wpb_wrapper\"><\/div><\/div><\/div><div class=\"vc_col-sm-8 wpb_column vc_column_container\"><div class=\"vc_column-inner\"><div class=\"wpb_wrapper\"><h1 class=\"w-text us_custom_1f257949\"><span class=\"w-text-h\"><span class=\"w-text-value\">Konflikt im Iran<\/span><\/span><\/h1><div class=\"w-separator size_custom\" style=\"height:20px\"><\/div><h2 class=\"w-text us_custom_1f257949\"><span class=\"w-text-h\"><span class=\"w-text-value\">Eskalation der Spannungen im Nahen Osten mit Auswirkungen auf die Schifffahrt in der Region<\/span><\/span><\/h2><div class=\"w-separator size_custom\" style=\"height:20px\"><\/div><div class=\"wpb_text_column\"><div class=\"wpb_wrapper\"><p>Am 28. Februar 2026 f\u00fchrten die Vereinigten Staaten und Israel koordinierte Angriffe auf milit\u00e4rische Ziele im Iran durch. Seitdem hat der Iran Vergeltungsschl\u00e4ge gegen Ziele in der Region ver\u00fcbt, darunter Bahrain, Israel, Kuwait, Katar und die Vereinigten Arabischen Emirate. Die iranische Revolutionsgarde hat au\u00dferdem die Stra\u00dfe von Hormus f\u00fcr den Schiffsverkehr gesperrt. Inzwischen wurden mehrere Angriffe auf Handelsschiffe in der Region gemeldet. Diese Entwicklung ist eine erhebliche Eskalation der Spannungen in der Region und schafft ein sich schnell ver\u00e4nderndes und potenziell gef\u00e4hrliches operatives Umfeld f\u00fcr Schiffe.<\/p>\n<p>Neben dem erh\u00f6hten Risiko, dass Schiffe direkt angegriffen werden, gibt es Berichte \u00fcber GPS-Spoofing und St\u00f6rungen von GPS\/GLONASS-Signalen in der Region, was eine ernsthafte Gefahr f\u00fcr die Navigation darstellen kann.<\/p>\n<p>Wir haben diese Sonderseite eingerichtet, um sicherzustellen, dass alle relevanten Informationen und Quellen f\u00fcr unsere Mitglieder und Kunden sofort verf\u00fcgbar sind.<\/p>\n<p>NNPC Marine Insurance verfolgt die Entwicklungen weiterhin aufmerksam und wird so bald wie m\u00f6glich weitere Updates bereitstellen.<\/p>\n<p><strong>Mitglieder, die Beratung oder Hilfe ben\u00f6tigen, k\u00f6nnen sich per E-Mail an <a href=\"mailto:claims@nnpc-marine.com\">claims@nnpc-marine.com<\/a> an unser Schadenteam zu wenden.<\/strong><\/p>\n<\/div><\/div><\/div><\/div><\/div><div class=\"vc_col-sm-2 wpb_column vc_column_container\"><div class=\"vc_column-inner\"><div class=\"wpb_wrapper\"><\/div><\/div><\/div><\/div><\/div><\/section><section class=\"l-section wpb_row us_custom_734c0f1a height_medium\"><div class=\"l-section-h i-cf\"><div class=\"g-cols vc_row via_flex valign_top type_default stacking_default\"><div class=\"vc_col-sm-12 wpb_column vc_column_container\"><div class=\"vc_column-inner us_custom_47474b22 us_animate_this\"><div class=\"wpb_wrapper\"><div class=\"wpb_text_column us_custom_e58003a2 has_text_color\"><div class=\"wpb_wrapper\"><p>Aktuelle Entwicklungen zum Iran-Konflikt<\/p>\n<\/div><\/div><div class=\"w-separator size_custom\" style=\"height:40px\"><\/div><div class=\"w-grid us_grid type_grid layout_13266 cols_3 preload_style_spinner\" id=\"us_grid_1\" style=\"--columns:3;--gap:1.5rem;\" data-filterable=\"true\"><style>@media (max-width:1024px){#us_grid_1{--columns:2!important}}@media (max-width:600px){#us_grid_1{--columns:1!important}}.layout_13266 .w-grid-item-h{border-radius:0rem}.layout_13266 .usg_post_title_1{transition-duration:0.2s;transform-origin:50% 50%;transform:scale(1) translate(0%,0%)}.layout_13266 .w-grid-item-h:focus-within .usg_post_title_1,.layout_13266 .w-grid-item-h:hover .usg_post_title_1{transform:scale(1) translate(0%,0%);opacity:1;color:#173260!important}.layout_13266 .usg_post_title_1{color:var(--color-header-middle-text)!important;font-weight:600!important;margin-left:20px!important;margin-top:15px!important;margin-right:20px!important;background:var(--color-header-middle-bg)!important}.layout_13266 .usg_post_date_1{color:var(--color-content-faded)!important;font-size:14px!important;margin-left:20px!important;margin-bottom:15px!important;margin-right:20px!important;background:var(--color-header-middle-bg)!important}.layout_13266 .usg_post_image_1{border-radius:12px 12px 0px 0px!important}.layout_13266 .usg_vwrapper_1{border-radius:0px 0px 12px 12px!important;background:var(--color-header-middle-bg)!important}<\/style><div class=\"w-grid-list\">\t<article class=\"w-grid-item size_1x1 post-22129 post type-post status-publish format-standard has-post-thumbnail hentry category-nachricht tag-iran-de tag-war-risk\" data-id=\"22129\">\r\n\t\t<div class=\"w-grid-item-h\">\r\n\t\t\t\t\t\t<div class=\"w-post-elm post_image usg_post_image_1 stretched\"><a href=\"https:\/\/nnpc-marine.com\/de\/update-lage-im-iran-und-in-der-strasse-von-hormus\/\" aria-label=\"Update: Lage im Iran und in der Stra\u00dfe von Hormus\"><img loading=\"lazy\" decoding=\"async\" width=\"1200\" height=\"670\" src=\"https:\/\/nnpc-marine.com\/wp-content\/uploads\/2026\/03\/update_situation_iran_strait_of_hormuz_march_30.jpg\" class=\"attachment-full size-full wp-post-image\" alt=\"\" srcset=\"https:\/\/nnpc-marine.com\/wp-content\/uploads\/2026\/03\/update_situation_iran_strait_of_hormuz_march_30.jpg 1200w, https:\/\/nnpc-marine.com\/wp-content\/uploads\/2026\/03\/update_situation_iran_strait_of_hormuz_march_30-300x168.jpg 300w, https:\/\/nnpc-marine.com\/wp-content\/uploads\/2026\/03\/update_situation_iran_strait_of_hormuz_march_30-1024x572.jpg 1024w\" sizes=\"auto, (max-width: 1200px) 100vw, 1200px\" \/><\/a><\/div><div class=\"w-vwrapper usg_vwrapper_1 align_none valign_top\" style=\"--vwrapper-gap:0rem\"><h3 class=\"w-post-elm post_title usg_post_title_1 has_text_color entry-title color_link_inherit\"><a href=\"https:\/\/nnpc-marine.com\/de\/update-lage-im-iran-und-in-der-strasse-von-hormus\/\">Update: Lage im Iran und in der&hellip;<\/a><\/h3><time class=\"w-post-elm post_date usg_post_date_1 has_text_color entry-date published\" datetime=\"2026-03-30T12:45:55+00:00\">30. M\u00e4rz 2026<\/time><\/div>\t\t<\/div>\r\n\t\t\t<\/article>\r\n\t<article class=\"w-grid-item size_1x1 post-21233 post type-post status-publish format-standard has-post-thumbnail hentry category-nachricht tag-iran-de tag-war-risk\" data-id=\"21233\">\r\n\t\t<div class=\"w-grid-item-h\">\r\n\t\t\t\t\t\t<div class=\"w-post-elm post_image usg_post_image_1 stretched\"><a href=\"https:\/\/nnpc-marine.com\/de\/auswirkungen-des-konflikts-im-nahen-osten-auf-die-kriegsrisikoversicherung\/\" aria-label=\"Auswirkungen des Konflikts im Nahen Osten auf die Kriegsrisikoversicherung\"><img loading=\"lazy\" decoding=\"async\" width=\"1200\" height=\"670\" src=\"https:\/\/nnpc-marine.com\/wp-content\/uploads\/2026\/03\/consequences_middle_east_conflict_war_risk_coverage.jpg\" class=\"attachment-full size-full wp-post-image\" alt=\"\" srcset=\"https:\/\/nnpc-marine.com\/wp-content\/uploads\/2026\/03\/consequences_middle_east_conflict_war_risk_coverage.jpg 1200w, https:\/\/nnpc-marine.com\/wp-content\/uploads\/2026\/03\/consequences_middle_east_conflict_war_risk_coverage-300x168.jpg 300w, https:\/\/nnpc-marine.com\/wp-content\/uploads\/2026\/03\/consequences_middle_east_conflict_war_risk_coverage-1024x572.jpg 1024w\" sizes=\"auto, (max-width: 1200px) 100vw, 1200px\" \/><\/a><\/div><div class=\"w-vwrapper usg_vwrapper_1 align_none valign_top\" style=\"--vwrapper-gap:0rem\"><h3 class=\"w-post-elm post_title usg_post_title_1 has_text_color entry-title color_link_inherit\"><a href=\"https:\/\/nnpc-marine.com\/de\/auswirkungen-des-konflikts-im-nahen-osten-auf-die-kriegsrisikoversicherung\/\">Auswirkungen des Konflikts im Na&hellip;<\/a><\/h3><time class=\"w-post-elm post_date usg_post_date_1 has_text_color entry-date published\" datetime=\"2026-03-12T10:05:51+00:00\">12. M\u00e4rz 2026<\/time><\/div>\t\t<\/div>\r\n\t\t\t<\/article>\r\n\t<article class=\"w-grid-item size_1x1 post-20965 post type-post status-publish format-standard has-post-thumbnail hentry category-nachricht tag-iran-de tag-legislation-2\" data-id=\"20965\">\r\n\t\t<div class=\"w-grid-item-h\">\r\n\t\t\t\t\t\t<div class=\"w-post-elm post_image usg_post_image_1 stretched\"><a href=\"https:\/\/nnpc-marine.com\/de\/geopolitische-eskalation-im-nahen-osten-vertragliche-folgen\/\" aria-label=\"Geopolitische Eskalation im Nahen Osten: Vertragliche Folgen\"><img loading=\"lazy\" decoding=\"async\" width=\"1200\" height=\"670\" src=\"https:\/\/nnpc-marine.com\/wp-content\/uploads\/2026\/03\/geopolitical_escalation_middle_east_contractual_consequences.jpg\" class=\"attachment-full size-full wp-post-image\" alt=\"\" srcset=\"https:\/\/nnpc-marine.com\/wp-content\/uploads\/2026\/03\/geopolitical_escalation_middle_east_contractual_consequences.jpg 1200w, https:\/\/nnpc-marine.com\/wp-content\/uploads\/2026\/03\/geopolitical_escalation_middle_east_contractual_consequences-300x168.jpg 300w, https:\/\/nnpc-marine.com\/wp-content\/uploads\/2026\/03\/geopolitical_escalation_middle_east_contractual_consequences-1024x572.jpg 1024w\" sizes=\"auto, (max-width: 1200px) 100vw, 1200px\" \/><\/a><\/div><div class=\"w-vwrapper usg_vwrapper_1 align_none valign_top\" style=\"--vwrapper-gap:0rem\"><h3 class=\"w-post-elm post_title usg_post_title_1 has_text_color entry-title color_link_inherit\"><a href=\"https:\/\/nnpc-marine.com\/de\/geopolitische-eskalation-im-nahen-osten-vertragliche-folgen\/\">Geopolitische Eskalation im Nahe&hellip;<\/a><\/h3><time class=\"w-post-elm post_date usg_post_date_1 has_text_color entry-date published\" datetime=\"2026-03-05T15:51:52+00:00\">5. M\u00e4rz 2026<\/time><\/div>\t\t<\/div>\r\n\t\t\t<\/article>\r\n\t<article class=\"w-grid-item size_1x1 post-20667 post type-post status-publish format-standard has-post-thumbnail hentry category-nachricht tag-iran-de tag-war-risk\" data-id=\"20667\">\r\n\t\t<div class=\"w-grid-item-h\">\r\n\t\t\t\t\t\t<div class=\"w-post-elm post_image usg_post_image_1 stretched\"><a href=\"https:\/\/nnpc-marine.com\/de\/notice-of-cancellation-fuer-bestimmte-kriegsrisiken\/\" aria-label=\"Notice of cancellation f\u00fcr bestimmte Kriegsrisiken\"><img loading=\"lazy\" decoding=\"async\" width=\"1200\" height=\"670\" src=\"https:\/\/nnpc-marine.com\/wp-content\/uploads\/2026\/03\/notice_cancellation_of_war_risks_for_certain_covers.jpg\" class=\"attachment-full size-full wp-post-image\" alt=\"\" srcset=\"https:\/\/nnpc-marine.com\/wp-content\/uploads\/2026\/03\/notice_cancellation_of_war_risks_for_certain_covers.jpg 1200w, https:\/\/nnpc-marine.com\/wp-content\/uploads\/2026\/03\/notice_cancellation_of_war_risks_for_certain_covers-300x168.jpg 300w, https:\/\/nnpc-marine.com\/wp-content\/uploads\/2026\/03\/notice_cancellation_of_war_risks_for_certain_covers-1024x572.jpg 1024w\" sizes=\"auto, (max-width: 1200px) 100vw, 1200px\" \/><\/a><\/div><div class=\"w-vwrapper usg_vwrapper_1 align_none valign_top\" style=\"--vwrapper-gap:0rem\"><h3 class=\"w-post-elm post_title usg_post_title_1 has_text_color entry-title color_link_inherit\"><a href=\"https:\/\/nnpc-marine.com\/de\/notice-of-cancellation-fuer-bestimmte-kriegsrisiken\/\">Notice of cancellation f\u00fcr besti&hellip;<\/a><\/h3><time class=\"w-post-elm post_date usg_post_date_1 has_text_color entry-date published\" datetime=\"2026-03-02T11:49:55+00:00\">2. M\u00e4rz 2026<\/time><\/div>\t\t<\/div>\r\n\t\t\t<\/article>\r\n\t<article class=\"w-grid-item size_1x1 post-20678 post type-post status-publish format-standard has-post-thumbnail hentry category-nachricht tag-iran-de tag-israel-de tag-usa-de\" data-id=\"20678\">\r\n\t\t<div class=\"w-grid-item-h\">\r\n\t\t\t\t\t\t<div class=\"w-post-elm post_image usg_post_image_1 stretched\"><a href=\"https:\/\/nnpc-marine.com\/de\/die-auswirkungen-des-konflikts-mit-dem-iran\/\" aria-label=\"Die Auswirkungen des Konflikts mit dem Iran\"><img loading=\"lazy\" decoding=\"async\" width=\"1200\" height=\"670\" src=\"https:\/\/nnpc-marine.com\/wp-content\/uploads\/2026\/03\/header-impactvanhetconflictmetiran-1.jpg\" class=\"attachment-full size-full wp-post-image\" alt=\"\" srcset=\"https:\/\/nnpc-marine.com\/wp-content\/uploads\/2026\/03\/header-impactvanhetconflictmetiran-1.jpg 1200w, https:\/\/nnpc-marine.com\/wp-content\/uploads\/2026\/03\/header-impactvanhetconflictmetiran-1-300x168.jpg 300w, https:\/\/nnpc-marine.com\/wp-content\/uploads\/2026\/03\/header-impactvanhetconflictmetiran-1-1024x572.jpg 1024w\" sizes=\"auto, (max-width: 1200px) 100vw, 1200px\" \/><\/a><\/div><div class=\"w-vwrapper usg_vwrapper_1 align_none valign_top\" style=\"--vwrapper-gap:0rem\"><h3 class=\"w-post-elm post_title usg_post_title_1 has_text_color entry-title color_link_inherit\"><a href=\"https:\/\/nnpc-marine.com\/de\/die-auswirkungen-des-konflikts-mit-dem-iran\/\">Die Auswirkungen des Konflikts m&hellip;<\/a><\/h3><time class=\"w-post-elm post_date usg_post_date_1 has_text_color entry-date published\" datetime=\"2026-03-01T19:24:32+00:00\">1. M\u00e4rz 2026<\/time><\/div>\t\t<\/div>\r\n\t\t\t<\/article>\r\n\t<article class=\"w-grid-item size_1x1 post-17681 post type-post status-publish format-standard has-post-thumbnail hentry category-nachricht tag-iran-de tag-israel-de tag-update-de\" data-id=\"17681\">\r\n\t\t<div class=\"w-grid-item-h\">\r\n\t\t\t\t\t\t<div class=\"w-post-elm post_image usg_post_image_1 stretched\"><a href=\"https:\/\/nnpc-marine.com\/de\/update-persischer-golf-und-die-strasse-von-hormuz\/\" aria-label=\"Update: Persischer Golf und die Stra\u00dfe von Hormuz\"><img loading=\"lazy\" decoding=\"async\" width=\"1200\" height=\"670\" src=\"https:\/\/nnpc-marine.com\/wp-content\/uploads\/2025\/07\/update_persian_gulf_the_strait_hormuz.jpg\" class=\"attachment-full size-full wp-post-image\" alt=\"\" srcset=\"https:\/\/nnpc-marine.com\/wp-content\/uploads\/2025\/07\/update_persian_gulf_the_strait_hormuz.jpg 1200w, https:\/\/nnpc-marine.com\/wp-content\/uploads\/2025\/07\/update_persian_gulf_the_strait_hormuz-300x168.jpg 300w, https:\/\/nnpc-marine.com\/wp-content\/uploads\/2025\/07\/update_persian_gulf_the_strait_hormuz-1024x572.jpg 1024w\" sizes=\"auto, (max-width: 1200px) 100vw, 1200px\" \/><\/a><\/div><div class=\"w-vwrapper usg_vwrapper_1 align_none valign_top\" style=\"--vwrapper-gap:0rem\"><h3 class=\"w-post-elm post_title usg_post_title_1 has_text_color entry-title color_link_inherit\"><a href=\"https:\/\/nnpc-marine.com\/de\/update-persischer-golf-und-die-strasse-von-hormuz\/\">Update: Persischer Golf und die&hellip;<\/a><\/h3><time class=\"w-post-elm post_date usg_post_date_1 has_text_color entry-date published\" datetime=\"2025-07-09T07:00:54+00:00\">9. Juli 2025<\/time><\/div>\t\t<\/div>\r\n\t\t\t<\/article>\r\n<\/div>\t<div class=\"w-grid-preloader\">\r\n\t\t<div class=\"g-preloader type_1\">\r\n\t\t\t<div><\/div>\r\n\t\t<\/div>\r\n\t<\/div>\r\n\t\t<div class=\"w-grid-json hidden\" onclick='return {&quot;action&quot;:&quot;us_ajax_grid&quot;,&quot;infinite_scroll&quot;:0,&quot;max_num_pages&quot;:1,&quot;pagination&quot;:&quot;none&quot;,&quot;template_vars&quot;:{&quot;columns&quot;:&quot;3&quot;,&quot;exclude_items&quot;:&quot;none&quot;,&quot;img_size&quot;:&quot;default&quot;,&quot;ignore_items_size&quot;:0,&quot;items_layout&quot;:&quot;13266&quot;,&quot;items_offset&quot;:&quot;1&quot;,&quot;load_animation&quot;:&quot;none&quot;,&quot;overriding_link&quot;:&quot;%7B%22url%22%3A%22%22%7D&quot;,&quot;post_id&quot;:0,&quot;query_args&quot;:{&quot;post_type&quot;:[&quot;post&quot;],&quot;tax_query&quot;:[{&quot;taxonomy&quot;:&quot;category&quot;,&quot;field&quot;:&quot;slug&quot;,&quot;terms&quot;:[&quot;news&quot;]},{&quot;taxonomy&quot;:&quot;post_tag&quot;,&quot;field&quot;:&quot;slug&quot;,&quot;terms&quot;:[&quot;iran&quot;]}],&quot;post_status&quot;:[&quot;publish&quot;],&quot;posts_per_page&quot;:&quot;6&quot;},&quot;orderby_query_args&quot;:{&quot;orderby&quot;:{&quot;date&quot;:&quot;DESC&quot;}},&quot;type&quot;:&quot;grid&quot;,&quot;us_grid_post_type&quot;:&quot;post&quot;,&quot;us_grid_ajax_index&quot;:1,&quot;us_grid_filter_query_string&quot;:null,&quot;us_grid_index&quot;:1,&quot;page_args&quot;:[],&quot;lang&quot;:&quot;de&quot;}}'><\/div>\r\n\t<\/div><div class=\"w-separator size_custom\" style=\"height:40px\"><\/div><\/div><\/div><\/div><\/div><\/div><\/section><section class=\"l-section wpb_row height_medium\"><div class=\"l-section-h i-cf\"><div class=\"g-cols vc_row via_flex valign_top type_default stacking_default\"><div class=\"vc_col-sm-2\/5 wpb_column vc_column_container\"><div class=\"vc_column-inner type_sticky\"><div class=\"wpb_wrapper\"><div class=\"w-separator hide_on_default hide_on_laptops hide_on_tablets size_custom\" style=\"height:30px\"><\/div><h2 class=\"w-text us_custom_1f257949\"><span class=\"w-text-h\"><span class=\"w-text-value\">Externe Ressourcen<\/span><\/span><\/h2><\/div><\/div><\/div><div class=\"vc_col-sm-3\/5 wpb_column vc_column_container\"><div class=\"vc_column-inner\"><div class=\"wpb_wrapper\"><div class=\"w-text icon_atleft\"><a target=\"_blank\" href=\"https:\/\/eunavfor.eu\/\" class=\"w-text-h\"><i class=\"far fa-link\"><\/i><span class=\"w-text-value\">EURNAFOR<\/span><\/a><\/div><div class=\"w-separator size_custom with_line width_default thick_1 style_solid color_border align_center\" style=\"height:50px\"><div class=\"w-separator-h\"><\/div><\/div><div class=\"w-text icon_atleft\"><a target=\"_blank\" href=\"https:\/\/d3cpegos94401u.cloudfront.net\/insights\/documents\/jwc-listed-areas---hull-war,-piracy,-terrorism-and-related-perils---3-march-26.pdf\" class=\"w-text-h\"><i class=\"far fa-download\"><\/i><span class=\"w-text-value\">JWC Circulaire<\/span><\/a><\/div><div class=\"w-separator size_custom with_line width_default thick_1 style_solid color_border align_center\" style=\"height:50px\"><div class=\"w-separator-h\"><\/div><\/div><div class=\"w-text icon_atleft\"><a target=\"_blank\" href=\"https:\/\/www.maritimeglobalsecurity.org\/risksissues\/armed-conflict-and-war\/\" class=\"w-text-h\"><i class=\"far fa-link\"><\/i><span class=\"w-text-value\">Maritime Global security<\/span><\/a><\/div><div class=\"w-separator size_custom with_line width_default thick_1 style_solid color_border align_center\" style=\"height:50px\"><div class=\"w-separator-h\"><\/div><\/div><div class=\"w-text icon_atleft\"><a target=\"_blank\" href=\"https:\/\/www.mscio.eu\/advisories\/\" class=\"w-text-h\"><i class=\"far fa-link\"><\/i><span class=\"w-text-value\">MSC IO Advisories<\/span><\/a><\/div><div class=\"w-separator size_custom with_line width_default thick_1 style_solid color_border align_center\" style=\"height:50px\"><div class=\"w-separator-h\"><\/div><\/div><div class=\"w-text icon_atleft\"><a target=\"_blank\" href=\"https:\/\/mscio.eu\/folder\/documents\/JMIC Advisories\/\" class=\"w-text-h\"><i class=\"far fa-link\"><\/i><span class=\"w-text-value\">MSC IO JWIM Advisories<\/span><\/a><\/div><div class=\"w-separator size_custom with_line width_default thick_1 style_solid color_border align_center\" style=\"height:50px\"><div class=\"w-separator-h\"><\/div><\/div><div class=\"w-text icon_atleft\"><a target=\"_blank\" href=\"https:\/\/www.ukmto.org\/\" class=\"w-text-h\"><i class=\"far fa-link\"><\/i><span class=\"w-text-value\">UKMTO<\/span><\/a><\/div><div class=\"w-separator size_custom with_line width_default thick_1 style_solid color_border align_center\" style=\"height:50px\"><div class=\"w-separator-h\"><\/div><\/div><div class=\"w-text icon_atleft\"><a target=\"_blank\" href=\"https:\/\/www.centcom.mil\/MEDIA\/PRESS-RELEASES\/\" class=\"w-text-h\"><i class=\"far fa-link\"><\/i><span class=\"w-text-value\">US Central Command<\/span><\/a><\/div><div class=\"w-separator size_custom with_line width_default thick_1 style_solid color_border align_center\" style=\"height:50px\"><div class=\"w-separator-h\"><\/div><\/div><div class=\"w-text icon_atleft\"><a target=\"_blank\" href=\"https:\/\/www.maritime.dot.gov\/msci\/2026-001a-strait-hormuz-persian-gulf-gulf-oman-and-arabian-sea-military-operations-and\" class=\"w-text-h\"><i class=\"far fa-link\"><\/i><span class=\"w-text-value\">USTMA<\/span><\/a><\/div><div class=\"w-separator size_custom with_line width_default thick_1 style_solid color_border align_center\" style=\"height:50px\"><div class=\"w-separator-h\"><\/div><\/div><\/div><\/div><\/div><\/div><\/div><\/section>\n","protected":false},"excerpt":{"rendered":"Nach mehreren Wochen der Kriegshandlungen wurde zwischen Israel, Iran und den Vereinigten Staaten vorl\u00e4ufig ein Waffenstillstand vereinbart. Die Lage bleibt jedoch weiterhin angespannt. Neben dem Persischen Golf sind auch die s\u00fcdlichen Zugangswege wie das Rote Meer, der Golf von Aden und die Stra\u00dfe von Bab el-Mandeb gef\u00e4hrdet. Die Houthi-Rebellen im Jemen stellen weiterhin eine Bedrohung...","protected":false},"author":1,"featured_media":0,"parent":0,"menu_order":0,"comment_status":"closed","ping_status":"closed","template":"","meta":{"footnotes":""},"class_list":["post-20879","page","type-page","status-publish","hentry"],"_links":{"self":[{"href":"https:\/\/nnpc-marine.com\/de\/wp-json\/wp\/v2\/pages\/20879","targetHints":{"allow":["GET"]}}],"collection":[{"href":"https:\/\/nnpc-marine.com\/de\/wp-json\/wp\/v2\/pages"}],"about":[{"href":"https:\/\/nnpc-marine.com\/de\/wp-json\/wp\/v2\/types\/page"}],"author":[{"embeddable":true,"href":"https:\/\/nnpc-marine.com\/de\/wp-json\/wp\/v2\/users\/1"}],"replies":[{"embeddable":true,"href":"https:\/\/nnpc-marine.com\/de\/wp-json\/wp\/v2\/comments?post=20879"}],"version-history":[{"count":0,"href":"https:\/\/nnpc-marine.com\/de\/wp-json\/wp\/v2\/pages\/20879\/revisions"}],"wp:attachment":[{"href":"https:\/\/nnpc-marine.com\/de\/wp-json\/wp\/v2\/media?parent=20879"}],"curies":[{"name":"wp","href":"https:\/\/api.w.org\/{rel}","templated":true}]}}