{"id":8017,"date":"2021-03-11T06:45:10","date_gmt":"2021-03-11T06:45:10","guid":{"rendered":"https:\/\/nlnnpc-mashinaki.savviihq.com\/?page_id=8017"},"modified":"2025-06-29T09:18:07","modified_gmt":"2025-06-29T09:18:07","slug":"weltweites-netzwerk","status":"publish","type":"page","link":"https:\/\/nnpc-marine.com\/de\/ueber-nnpc\/weltweites-netzwerk\/","title":{"rendered":"Weltweites Netzwerk"},"content":{"rendered":"<section class=\"l-section wpb_row us_custom_011a30f0 height_auto\"><div class=\"l-section-h i-cf\"><div class=\"g-cols vc_row via_flex valign_top type_default stacking_default\"><div class=\"vc_col-sm-12 wpb_column vc_column_container\"><div class=\"vc_column-inner\"><div class=\"wpb_wrapper\"><div class=\"w-separator size_custom\" style=\"height:25px\"><\/div><nav class=\"g-breadcrumbs us_custom_14f9dc19 has_text_color separator_icon align_left\" itemscope itemtype=\"http:\/\/schema.org\/BreadcrumbList\"><div class=\"g-breadcrumbs-item\" itemscope itemprop=\"itemListElement\" itemtype=\"http:\/\/schema.org\/ListItem\"><a itemprop=\"item\" href=\"https:\/\/nnpc-marine.com\/de\/\"><span itemprop=\"name\">Start<\/span><\/a><meta itemprop=\"position\" content=\"1\"\/><\/div><div class=\"g-breadcrumbs-separator\"><i class=\"far fa-angle-right\"><\/i><\/div><div class=\"g-breadcrumbs-item\">Seiten<\/div><\/nav><div class=\"w-separator size_custom\" style=\"height:25px\"><\/div><\/div><\/div><\/div><\/div><\/div><\/section><section class=\"l-section wpb_row height_medium\"><div class=\"l-section-h i-cf\"><div class=\"g-cols vc_row via_flex valign_top type_default stacking_default\"><div class=\"vc_col-sm-2 wpb_column vc_column_container\"><div class=\"vc_column-inner\"><div class=\"wpb_wrapper\"><\/div><\/div><\/div><div class=\"vc_col-sm-8 wpb_column vc_column_container\"><div class=\"vc_column-inner\"><div class=\"wpb_wrapper\"><h1 class=\"w-post-elm post_title align_left entry-title color_link_inherit\">Weltweites Netzwerk<\/h1><div class=\"w-separator size_custom\" style=\"height:20px\"><\/div><div class=\"wpb_text_column\"><div class=\"wpb_wrapper\"><p style=\"text-align: left;\">Sie k\u00f6nnen auf unser umfangreiches Netzwerk an Korrespondenten, Rechtsanw\u00e4lten und Schadenexperten z\u00e4hlen, die sich alle auf den maritimen Sektor spezialisiert haben und sich gerne f\u00fcr Sie einsetzen.<\/p>\n<\/div><\/div><\/div><\/div><\/div><div class=\"vc_col-sm-2 wpb_column vc_column_container\"><div class=\"vc_column-inner\"><div class=\"wpb_wrapper\"><\/div><\/div><\/div><\/div><\/div><\/section><section class=\"l-section wpb_row height_auto width_full with_img\"><div class=\"l-section-img\" role=\"img\" aria-label=\"Bild\" data-img-width=\"1920\" data-img-height=\"362\" style=\"background-image: url(https:\/\/nnpc-marine.com\/wp-content\/uploads\/2021\/03\/bg-header.jpg);\"><\/div><div class=\"l-section-h i-cf\"><div class=\"g-cols vc_row via_flex valign_top type_default stacking_default\"><div class=\"vc_col-sm-12 wpb_column vc_column_container\"><div class=\"vc_column-inner\"><div class=\"wpb_wrapper\">[vc_raw_html]JTNDZGl2JTIwaWQlM0QlMjJtYXAlMjIlM0UlM0MlMkZkaXYlM0UlMEElM0NjZW50ZXIlM0UlMEElMjZuYnNwJTNCJTBBJTNDaDIlMjBzdHlsZSUzRCUyMmNvbG9yJTNBd2hpdGUlMjIlM0VVbnNlcmUlMjBLb3JyZXNwb25kZW50ZW4lM0ElMjBOTlBDJTIwaXN0JTIwaW1tZXIlMjBpbiUyMElocmVyJTIwTiVDMyVBNGhlLiUyMFNpZSUyMGslQzMlQjZubmVuJTIwbmFjaCUyME5hbWVuJTIwZmlsdGVybiUyMG9kZXIlMjBzdWNoZW4lM0ElM0MlMkZoMiUzRSUwQSUwQSUzQ2RpdiUyMGlkJTNEJTIyc2VhcmNoLW9wdGlvbnMlMjIlM0UlMEElM0NzZWxlY3QlMjBpZCUzRCUyMnNlbGVjdC1jb3VudHJ5JTIyJTNFJTNDJTJGc2VsZWN0JTNFJTBBJTNDc2VsZWN0JTIwaWQlM0QlMjJzZWxlY3QtY2l0eSUyMiUzRSUzQyUyRnNlbGVjdCUzRSUwQSUzQ3NlbGVjdCUyMGlkJTNEJTIyc2VsZWN0LXR5cGUlMjIlM0UlM0MlMkZzZWxlY3QlM0UlMEElM0NkaXYlMjBjbGFzcyUzRCUyMmF1dG9Db21wbGV0ZV93cmFwcGVyJTIyJTNFJTBBJTIwJTIwJTIwJTNDaW5wdXQlMjBpZCUzRCUyMmF1dG9Db21wbGV0ZSUyMiUyMHRhYmluZGV4JTNEJTIyMSUyMiUzRSUwQSUzQyUyRmRpdiUzRSUwQSUzQyUyRmNlbnRlciUzRSUwQSUzQyUyRmRpdiUzRSUwQSUzQ2JyJTNFJTBBJTNDZGl2JTIwaWQlM0QlMjJ0cGwtY29yci1ibGslMjIlMjBzdHlsZSUzRCUyMmRpc3BsYXklM0Fub25lJTIyJTNFJTBBJTIwJTIwJTIwJTIwJTNDZGl2JTIwaWQlM0QlMjJjb3JyLWJsay0lMjVpZCUyNSUyMiUyMGNsYXNzJTNEJTIyY29yci1ibGslMjIlM0UlMEElMjAlMjAlMjAlMjAlMjAlMjAlMjAlMjAlM0NkaXYlMjBjbGFzcyUzRCUyMmNvcnItYmxrLWNvbnRlbnQlMjIlM0UlMEElMjAlMjAlMjAlMjAlMjAlMjAlMjAlMjAlMjVjb3JyLWluZm8lMjUlMEElM0NiciUzRSUwQSUwQSUyMCUyMCUyMCUyMCUyMCUyMCUyMCUyMCUzQyUyRmRpdiUzRSUwQSUyMCUyMCUyMCUyMCUzQyUyRmRpdiUzRSUwQSUzQyUyRmRpdiUzRQ==[\/vc_raw_html]<div class=\"w-separator size_custom\" style=\"height:30px\"><\/div><\/div><\/div><\/div><\/div><\/div><\/section><section class=\"l-section wpb_row height_auto\"><div class=\"l-section-h i-cf\"><div class=\"g-cols vc_row via_flex valign_top type_default stacking_default\"><div class=\"vc_col-sm-12 wpb_column vc_column_container\"><div class=\"vc_column-inner\"><div class=\"wpb_wrapper\"><div class=\"w-separator size_small\"><\/div><\/div><\/div><\/div><\/div><\/div><\/section><section class=\"l-section wpb_row height_auto\" id=\"corr-block-wrapper\"><div class=\"l-section-h i-cf\"><div class=\"g-cols vc_row via_flex valign_top type_default stacking_default\"><div class=\"vc_col-sm-12 wpb_column vc_column_container\"><div class=\"vc_column-inner\"><div class=\"wpb_wrapper\"><div class=\"wpb_text_column\" id=\"corr-container\"><div class=\"wpb_wrapper\"><\/div><\/div><\/div><\/div><\/div><\/div><\/div><\/section><section class=\"l-section wpb_row height_auto\"><div class=\"l-section-h i-cf\"><div class=\"g-cols vc_row via_flex valign_top type_default stacking_default\"><div class=\"vc_col-sm-12 wpb_column vc_column_container\"><div class=\"vc_column-inner\"><div class=\"wpb_wrapper\"><div class=\"w-separator size_small\"><\/div><\/div><\/div><\/div><\/div><\/div><\/section>\n","protected":false},"excerpt":{"rendered":"StartSeitenWeltweites NetzwerkSie k\u00f6nnen auf unser umfangreiches Netzwerk an Korrespondenten, Rechtsanw\u00e4lten und Schadenexperten z\u00e4hlen, die sich alle auf den maritimen Sektor spezialisiert haben und sich gerne f\u00fcr Sie einsetzen. [vc_raw_html]JTNDZGl2JTIwaWQlM0QlMjJtYXAlMjIlM0UlM0MlMkZkaXYlM0UlMEElM0NjZW50ZXIlM0UlMEElMjZuYnNwJTNCJTBBJTNDaDIlMjBzdHlsZSUzRCUyMmNvbG9yJTNBd2hpdGUlMjIlM0VVbnNlcmUlMjBLb3JyZXNwb25kZW50ZW4lM0ElMjBOTlBDJTIwaXN0JTIwaW1tZXIlMjBpbiUyMElocmVyJTIwTiVDMyVBNGhlLiUyMFNpZSUyMGslQzMlQjZubmVuJTIwbmFjaCUyME5hbWVuJTIwZmlsdGVybiUyMG9kZXIlMjBzdWNoZW4lM0ElM0MlMkZoMiUzRSUwQSUwQSUzQ2RpdiUyMGlkJTNEJTIyc2VhcmNoLW9wdGlvbnMlMjIlM0UlMEElM0NzZWxlY3QlMjBpZCUzRCUyMnNlbGVjdC1jb3VudHJ5JTIyJTNFJTNDJTJGc2VsZWN0JTNFJTBBJTNDc2VsZWN0JTIwaWQlM0QlMjJzZWxlY3QtY2l0eSUyMiUzRSUzQyUyRnNlbGVjdCUzRSUwQSUzQ3NlbGVjdCUyMGlkJTNEJTIyc2VsZWN0LXR5cGUlMjIlM0UlM0MlMkZzZWxlY3QlM0UlMEElM0NkaXYlMjBjbGFzcyUzRCUyMmF1dG9Db21wbGV0ZV93cmFwcGVyJTIyJTNFJTBBJTIwJTIwJTIwJTNDaW5wdXQlMjBpZCUzRCUyMmF1dG9Db21wbGV0ZSUyMiUyMHRhYmluZGV4JTNEJTIyMSUyMiUzRSUwQSUzQyUyRmRpdiUzRSUwQSUzQyUyRmNlbnRlciUzRSUwQSUzQyUyRmRpdiUzRSUwQSUzQ2JyJTNFJTBBJTNDZGl2JTIwaWQlM0QlMjJ0cGwtY29yci1ibGslMjIlMjBzdHlsZSUzRCUyMmRpc3BsYXklM0Fub25lJTIyJTNFJTBBJTIwJTIwJTIwJTIwJTNDZGl2JTIwaWQlM0QlMjJjb3JyLWJsay0lMjVpZCUyNSUyMiUyMGNsYXNzJTNEJTIyY29yci1ibGslMjIlM0UlMEElMjAlMjAlMjAlMjAlMjAlMjAlMjAlMjAlM0NkaXYlMjBjbGFzcyUzRCUyMmNvcnItYmxrLWNvbnRlbnQlMjIlM0UlMEElMjAlMjAlMjAlMjAlMjAlMjAlMjAlMjAlMjVjb3JyLWluZm8lMjUlMEElM0NiciUzRSUwQSUwQSUyMCUyMCUyMCUyMCUyMCUyMCUyMCUyMCUzQyUyRmRpdiUzRSUwQSUyMCUyMCUyMCUyMCUzQyUyRmRpdiUzRSUwQSUzQyUyRmRpdiUzRQ==[\/vc_raw_html]","protected":false},"author":1,"featured_media":0,"parent":9151,"menu_order":0,"comment_status":"closed","ping_status":"closed","template":"","meta":{"footnotes":""},"class_list":["post-8017","page","type-page","status-publish","hentry"],"_links":{"self":[{"href":"https:\/\/nnpc-marine.com\/de\/wp-json\/wp\/v2\/pages\/8017","targetHints":{"allow":["GET"]}}],"collection":[{"href":"https:\/\/nnpc-marine.com\/de\/wp-json\/wp\/v2\/pages"}],"about":[{"href":"https:\/\/nnpc-marine.com\/de\/wp-json\/wp\/v2\/types\/page"}],"author":[{"embeddable":true,"href":"https:\/\/nnpc-marine.com\/de\/wp-json\/wp\/v2\/users\/1"}],"replies":[{"embeddable":true,"href":"https:\/\/nnpc-marine.com\/de\/wp-json\/wp\/v2\/comments?post=8017"}],"version-history":[{"count":0,"href":"https:\/\/nnpc-marine.com\/de\/wp-json\/wp\/v2\/pages\/8017\/revisions"}],"up":[{"embeddable":true,"href":"https:\/\/nnpc-marine.com\/de\/wp-json\/wp\/v2\/pages\/9151"}],"wp:attachment":[{"href":"https:\/\/nnpc-marine.com\/de\/wp-json\/wp\/v2\/media?parent=8017"}],"curies":[{"name":"wp","href":"https:\/\/api.w.org\/{rel}","templated":true}]}}