{"id":9151,"date":"2020-11-04T08:34:09","date_gmt":"2020-11-04T08:34:09","guid":{"rendered":"https:\/\/nlnnpc-mashinaki.savviihq.com\/over-nnpc\/"},"modified":"2025-09-09T07:07:34","modified_gmt":"2025-09-09T07:07:34","slug":"ueber-nnpc","status":"publish","type":"page","link":"https:\/\/nnpc-marine.com\/de\/ueber-nnpc\/","title":{"rendered":"\u00dcber NNPC"},"content":{"rendered":"<section class=\"l-section wpb_row height_auto width_full\"><div class=\"l-section-h i-cf\"><div class=\"g-cols vc_row via_flex valign_top type_default stacking_default\"><div class=\"vc_col-sm-12 wpb_column vc_column_container\"><div class=\"vc_column-inner\"><div class=\"wpb_wrapper\"><section class=\"l-section wpb_row us_custom_6b927907 height_medium\"><div class=\"l-section-h i-cf\"><div class=\"g-cols vc_row via_flex valign_top type_default stacking_default\"><div class=\"vc_col-sm-12 wpb_column vc_column_container\"><div class=\"vc_column-inner\"><div class=\"wpb_wrapper\"><div class=\"wpb_text_column us_custom_68ae8862 has_text_color\"><div class=\"wpb_wrapper\"><p>\u00dcber NNPC<\/p>\n<\/div><\/div><div class=\"w-image us_custom_636cd958 us_animate_this hide_on_tablets hide_on_mobiles align_right\"><div class=\"w-image-h\"><img decoding=\"async\" width=\"350\" height=\"350\" src=\"https:\/\/nnpc-marine.com\/wp-content\/uploads\/2025\/06\/ster3.png\" class=\"attachment-full size-full\" alt=\"\" loading=\"lazy\" srcset=\"https:\/\/nnpc-marine.com\/wp-content\/uploads\/2025\/06\/ster3.png 350w, https:\/\/nnpc-marine.com\/wp-content\/uploads\/2025\/06\/ster3-300x300.png 300w, https:\/\/nnpc-marine.com\/wp-content\/uploads\/2025\/06\/ster3-150x150.png 150w\" sizes=\"auto, (max-width: 350px) 100vw, 350px\" \/><\/div><\/div><\/div><\/div><\/div><\/div><\/div><\/section>\n<\/div><\/div><\/div><\/div><\/div><\/section><section class=\"l-section wpb_row height_medium\"><div class=\"l-section-h i-cf\"><div class=\"g-cols vc_row via_flex valign_top type_default stacking_default\"><div class=\"vc_col-sm-2 wpb_column vc_column_container\"><div class=\"vc_column-inner\"><div class=\"wpb_wrapper\"><\/div><\/div><\/div><div class=\"vc_col-sm-8 wpb_column vc_column_container\"><div class=\"vc_column-inner\"><div class=\"wpb_wrapper\"><h1 class=\"w-text\"><span class=\"w-text-h\"><span class=\"w-text-value\">NNPC Marine Insurance<br \/>\nWeltweit. Immer in der N\u00e4he.<\/span><\/span><\/h1><div class=\"w-separator size_custom\" style=\"height:20px\"><\/div><div class=\"wpb_text_column\"><div class=\"wpb_wrapper\"><p><strong>Die beste L\u00f6sung f\u00fcr unsere Kunden<\/strong><\/p>\n<p>Reeder, Befrachter, Kapit\u00e4ne und Schiffseigner sind weltweit rund um die Uhr im Einsatz. Wenn Sie mit Haftungsfragen, Sch\u00e4den, Cyberbedrohungen oder komplexen rechtlichen Situationen konfrontiert sind, m\u00f6chten Sie sich auf einen Partner verlassen k\u00f6nnen, der Sie wirklich kennt. Einen Partner, der schnell reagiert, mitdenkt und Ihnen hilft, gr\u00f6\u00dfere Risiken zu vermeiden &#8211; ohne Ihre wirtschaftlichen Interessen aus den Augen zu verlieren.<\/p>\n<\/div><\/div><\/div><\/div><\/div><div class=\"vc_col-sm-2 wpb_column vc_column_container\"><div class=\"vc_column-inner\"><div class=\"wpb_wrapper\"><\/div><\/div><\/div><\/div><\/div><\/section><section class=\"l-section wpb_row us_custom_eac59c77 height_medium\"><div class=\"l-section-h i-cf\"><div class=\"g-cols vc_row via_flex valign_top type_default stacking_default\"><div class=\"vc_col-sm-2\/5 wpb_column vc_column_container\"><div class=\"vc_column-inner\"><div class=\"wpb_wrapper\"><div class=\"w-separator hide_on_default hide_on_laptops size_custom\" style=\"height:20px\"><\/div><h2 class=\"w-text us_custom_1f257949\"><span class=\"w-text-h\"><span class=\"w-text-value\">Mehr als ein Partner &#8211; ein Anf\u00fchrer<\/span><\/span><\/h2><\/div><\/div><\/div><div class=\"vc_col-sm-3\/5 wpb_column vc_column_container\"><div class=\"vc_column-inner\"><div class=\"wpb_wrapper\"><div class=\"wpb_text_column\"><div class=\"wpb_wrapper\"><p>Der NNPC ist seit langem Mitglied der International Group of P&amp;I Clubs, die den umfassendsten Versicherungsschutz bieten und zusammen mehr als 90 % der weltweiten Tonnage versichern. Dadurch haben wir Zugang zu einem weltweiten Netzwerk der besten Korrespondenten, Schadensgutachter und Rechtsanw\u00e4lte, die den maritimen Sektor wie ihre Westentasche kennen.<\/p>\n<\/div><\/div><div class=\"w-separator hide_on_default hide_on_laptops size_custom\" style=\"height:20px\"><\/div><\/div><\/div><\/div><\/div><\/div><\/section><section class=\"l-section wpb_row us_custom_eac59c77 height_medium\"><div class=\"l-section-h i-cf\"><div class=\"g-cols vc_row via_flex valign_top type_default stacking_default\"><div class=\"vc_col-sm-2\/5 wpb_column vc_column_container\"><div class=\"vc_column-inner\"><div class=\"wpb_wrapper\"><div class=\"w-separator hide_on_default hide_on_laptops size_custom\" style=\"height:20px\"><\/div><h2 class=\"w-text us_custom_1f257949\"><span class=\"w-text-h\"><span class=\"w-text-value\">Wir bieten die fortschrittlichsten Produkte und Dienstleistungen<\/span><\/span><\/h2><\/div><\/div><\/div><div class=\"vc_col-sm-3\/5 wpb_column vc_column_container\"><div class=\"vc_column-inner\"><div class=\"wpb_wrapper\"><div class=\"wpb_text_column\"><div class=\"wpb_wrapper\"><p>Als maritimer Versicherer bieten wir weit mehr als nur P&amp;I-Deckung. Durch strategische Partnerschaften bieten wir ein breites, zukunftsorientiertes Angebot:<\/p>\n<ul>\n<li><a href=\"https:\/\/north-standard.com\/\" target=\"_blank\" rel=\"noopener\"><strong>NorthStandard<\/strong><\/a>, unser exklusiver R\u00fcckversicherer und der gr\u00f6\u00dfte P&amp;I-Club der Welt, erm\u00f6glicht es uns, zus\u00e4tzliche Produkte und Dienstleistungen zu liefern. So unterst\u00fctzen wir unsere Kunden mit weltweiter Deckung, zus\u00e4tzlicher Kapazit\u00e4t und Wachstumschancen.<\/li>\n<li><strong><a href=\"https:\/\/insuremarineunderwriting.com\/\" target=\"_blank\" rel=\"noopener\">IMU (Insure Marine Underwriting)<\/a><\/strong>, ein auf Charterer-Haftpflicht und Logistik spezialisierter MGA und Partner von NNPC, erg\u00e4nzt uns durch ma\u00dfgeschneiderte L\u00f6sungen. IMU bietet Rechts- und Versicherungsl\u00f6sungen mit Leidenschaft, Einf\u00fchlungsverm\u00f6gen und fundierten Kenntnissen im Bereich der maritimen Haftung.<\/li>\n<\/ul>\n<\/div><\/div><div class=\"w-separator hide_on_default hide_on_laptops size_custom\" style=\"height:20px\"><\/div><\/div><\/div><\/div><\/div><\/div><\/section><section class=\"l-section wpb_row us_custom_eac59c77 height_medium\"><div class=\"l-section-h i-cf\"><div class=\"g-cols vc_row via_flex valign_top type_default stacking_default\"><div class=\"vc_col-sm-2\/5 wpb_column vc_column_container\"><div class=\"vc_column-inner\"><div class=\"wpb_wrapper\"><div class=\"w-separator hide_on_default hide_on_laptops size_custom\" style=\"height:20px\"><\/div><h2 class=\"w-text us_custom_1f257949\"><span class=\"w-text-h\"><span class=\"w-text-value\">Wir stehen unseren Kunden zur Seite, unterst\u00fctzen sie und setzen uns f\u00fcr sie ein<\/span><\/span><\/h2><\/div><\/div><\/div><div class=\"vc_col-sm-3\/5 wpb_column vc_column_container\"><div class=\"vc_column-inner\"><div class=\"wpb_wrapper\"><div class=\"wpb_text_column\"><div class=\"wpb_wrapper\"><p>Wir glauben an nachhaltige Beziehungen und gegenseitige Solidarit\u00e4t. Wir kennen unsere Kunden pers\u00f6nlich. Diese Verbundenheit bildet den Kern unseres Service: nah, engagiert und l\u00f6sungsorientiert.<\/p>\n<\/div><\/div><div class=\"w-separator hide_on_default hide_on_laptops size_custom\" style=\"height:20px\"><\/div><\/div><\/div><\/div><\/div><\/div><\/section><section class=\"l-section wpb_row height_medium\"><div class=\"l-section-h i-cf\"><div class=\"g-cols vc_row via_flex valign_top type_default stacking_default\"><div class=\"vc_col-sm-2\/5 wpb_column vc_column_container\"><div class=\"vc_column-inner\"><div class=\"wpb_wrapper\"><div class=\"w-separator hide_on_default hide_on_laptops hide_on_tablets size_custom\" style=\"height:30px\"><\/div><h2 class=\"w-text us_custom_1f257949\"><span class=\"w-text-h\"><span class=\"w-text-value\">Mehr zum Thema<\/span><\/span><\/h2><\/div><\/div><\/div><div class=\"vc_col-sm-3\/5 wpb_column vc_column_container\"><div class=\"vc_column-inner\"><div class=\"wpb_wrapper\"><div class=\"w-text icon_atleft\"><a href=\"https:\/\/nnpc-marine.com\/wp-content\/uploads\/2025\/04\/2024-Rapportage-aan-publiek-NNPC.pdf\" class=\"w-text-h\"><i class=\"far fa-download\"><\/i><span class=\"w-text-value\">Solvency and Financial Condition Report 2024 NNPC<\/span><\/a><\/div><div class=\"w-separator size_custom with_line width_default thick_1 style_solid color_border align_center\" style=\"height:50px\"><div class=\"w-separator-h\"><\/div><\/div><div class=\"w-text icon_atleft\"><a href=\"https:\/\/nnpc-marine.com\/wp-content\/uploads\/2024\/04\/Rapportage-aan-publiek-NNPC-2023.pdf\" class=\"w-text-h\"><i class=\"far fa-download\"><\/i><span class=\"w-text-value\">Solvency and Financial Condition Report 2023 NNPC<\/span><\/a><\/div><div class=\"w-separator size_custom with_line width_default thick_1 style_solid color_border align_center\" style=\"height:50px\"><div class=\"w-separator-h\"><\/div><\/div><div class=\"w-text icon_atleft\"><a href=\"https:\/\/nnpc.tempurl.host\/wp-content\/uploads\/2023\/04\/2022-Rapportage-aan-publiek-NNPC.pdf\" class=\"w-text-h\"><i class=\"far fa-download\"><\/i><span class=\"w-text-value\">Solvency and Financial Condition Report 2022 NNPC<\/span><\/a><\/div><div class=\"w-separator size_custom with_line width_default thick_1 style_solid color_border align_center\" style=\"height:50px\"><div class=\"w-separator-h\"><\/div><\/div><div class=\"w-text icon_atleft\"><a href=\"https:\/\/nnpc.tempurl.host\/wp-content\/uploads\/2022\/04\/SII-Rapportage-aan-het-publiek-NNPC-2021.pdf\" class=\"w-text-h\"><i class=\"far fa-download\"><\/i><span class=\"w-text-value\">Solvency and Financial Condition Report 2021 NNPC<\/span><\/a><\/div><div class=\"w-separator size_custom with_line width_default thick_1 style_solid color_border align_center\" style=\"height:50px\"><div class=\"w-separator-h\"><\/div><\/div><div class=\"w-text icon_atleft\"><a href=\"https:\/\/nnpc-marine.com\/wp-content\/uploads\/2021\/11\/2020RapportageaanpubliekNNPCSFCR.pdf\" class=\"w-text-h\"><i class=\"far fa-download\"><\/i><span class=\"w-text-value\">Solvency and Financial Condition Report 2020 NNPC<\/span><\/a><\/div><div class=\"w-separator size_custom with_line width_default thick_1 style_solid color_border align_center\" style=\"height:50px\"><div class=\"w-separator-h\"><\/div><\/div><div class=\"w-text icon_atleft\"><a href=\"https:\/\/nnpc-marine.com\/wp-content\/uploads\/2020\/11\/NNPC_Privacy_Beleid_NL.pdf\" class=\"w-text-h\"><i class=\"far fa-download\"><\/i><span class=\"w-text-value\">Privacy Policy<\/span><\/a><\/div><div class=\"w-separator hide_on_default hide_on_laptops size_custom\" style=\"height:30px\"><\/div><\/div><\/div><\/div><\/div><\/div><\/section>\n","protected":false},"excerpt":{"rendered":"\u00dcber NNPC NNPC Marine Insurance Weltweit. Immer in der N\u00e4he.Die beste L\u00f6sung f\u00fcr unsere Kunden Reeder, Befrachter, Kapit\u00e4ne und Schiffseigner sind weltweit rund um die Uhr im Einsatz. Wenn Sie mit Haftungsfragen, Sch\u00e4den, Cyberbedrohungen oder komplexen rechtlichen Situationen konfrontiert sind, m\u00f6chten Sie sich auf einen Partner verlassen k\u00f6nnen, der Sie wirklich kennt. Einen Partner, der...","protected":false},"author":1,"featured_media":0,"parent":0,"menu_order":0,"comment_status":"closed","ping_status":"closed","template":"","meta":{"footnotes":""},"class_list":["post-9151","page","type-page","status-publish","hentry"],"_links":{"self":[{"href":"https:\/\/nnpc-marine.com\/de\/wp-json\/wp\/v2\/pages\/9151","targetHints":{"allow":["GET"]}}],"collection":[{"href":"https:\/\/nnpc-marine.com\/de\/wp-json\/wp\/v2\/pages"}],"about":[{"href":"https:\/\/nnpc-marine.com\/de\/wp-json\/wp\/v2\/types\/page"}],"author":[{"embeddable":true,"href":"https:\/\/nnpc-marine.com\/de\/wp-json\/wp\/v2\/users\/1"}],"replies":[{"embeddable":true,"href":"https:\/\/nnpc-marine.com\/de\/wp-json\/wp\/v2\/comments?post=9151"}],"version-history":[{"count":0,"href":"https:\/\/nnpc-marine.com\/de\/wp-json\/wp\/v2\/pages\/9151\/revisions"}],"wp:attachment":[{"href":"https:\/\/nnpc-marine.com\/de\/wp-json\/wp\/v2\/media?parent=9151"}],"curies":[{"name":"wp","href":"https:\/\/api.w.org\/{rel}","templated":true}]}}