{"id":9163,"date":"2020-11-09T10:59:34","date_gmt":"2020-11-09T10:59:34","guid":{"rendered":"https:\/\/nlnnpc-mashinaki.savviihq.com\/ueber-nnpc\/werken-bij-nnpc\/"},"modified":"2026-01-26T13:02:52","modified_gmt":"2026-01-26T13:02:52","slug":"arbeiten-bei-nnpc","status":"publish","type":"page","link":"https:\/\/nnpc-marine.com\/de\/ueber-nnpc\/arbeiten-bei-nnpc\/","title":{"rendered":"Karriere beim NNPC"},"content":{"rendered":"<section class=\"l-section wpb_row us_custom_011a30f0 height_auto\"><div class=\"l-section-h i-cf\"><div class=\"g-cols vc_row via_flex valign_top type_default stacking_default\"><div class=\"vc_col-sm-12 wpb_column vc_column_container\"><div class=\"vc_column-inner\"><div class=\"wpb_wrapper\"><div class=\"w-separator size_custom\" style=\"height:25px\"><\/div><nav class=\"g-breadcrumbs us_custom_14f9dc19 has_text_color separator_icon align_left\" itemscope itemtype=\"http:\/\/schema.org\/BreadcrumbList\"><div class=\"g-breadcrumbs-item\" itemscope itemprop=\"itemListElement\" itemtype=\"http:\/\/schema.org\/ListItem\"><a itemprop=\"item\" href=\"https:\/\/nnpc-marine.com\/de\/\"><span itemprop=\"name\">Start<\/span><\/a><meta itemprop=\"position\" content=\"1\"\/><\/div><div class=\"g-breadcrumbs-separator\"><i class=\"far fa-angle-right\"><\/i><\/div><div class=\"g-breadcrumbs-item\">Seiten<\/div><\/nav><div class=\"w-separator size_custom\" style=\"height:25px\"><\/div><\/div><\/div><\/div><\/div><\/div><\/section><section class=\"l-section wpb_row height_auto\"><div class=\"l-section-h i-cf\"><div class=\"g-cols vc_row via_flex valign_top type_default stacking_default\"><div class=\"vc_col-sm-12 wpb_column vc_column_container\"><div class=\"vc_column-inner\"><div class=\"wpb_wrapper\"><div class=\"w-separator size_custom\" style=\"height:6px\"><\/div><\/div><\/div><\/div><\/div><\/div><\/section><section class=\"l-section wpb_row height_auto with_img\" id=\"foto\"><div class=\"l-section-img\" role=\"img\" aria-label=\"Bild\" data-img-width=\"1920\" data-img-height=\"537\" style=\"background-image: url(https:\/\/nnpc-marine.com\/wp-content\/uploads\/2025\/06\/Website-header-3.jpg);background-repeat: no-repeat;\"><\/div><div class=\"l-section-h i-cf\"><div class=\"g-cols vc_row via_flex valign_top type_default reversed stacking_default\"><div class=\"vc_col-sm-12 wpb_column vc_column_container\"><div class=\"vc_column-inner us_custom_fd43344c\"><div class=\"wpb_wrapper\"><div class=\"w-separator size_custom\" style=\"height:380px\" id=\"v0b3\"><style>@media(max-width:600px){ #v0b3{height:200px!important}}<\/style><\/div><\/div><\/div><\/div><\/div><\/div><\/section><section class=\"l-section wpb_row height_medium\"><div class=\"l-section-h i-cf\"><div class=\"g-cols vc_row via_flex valign_top type_default stacking_default\"><div class=\"vc_col-sm-2 wpb_column vc_column_container\"><div class=\"vc_column-inner\"><div class=\"wpb_wrapper\"><\/div><\/div><\/div><div class=\"vc_col-sm-8 wpb_column vc_column_container\"><div class=\"vc_column-inner\"><div class=\"wpb_wrapper\"><h1 class=\"w-post-elm post_title align_left entry-title color_link_inherit\">Karriere beim NNPC<\/h1><div class=\"w-separator size_custom\" style=\"height:20px\"><\/div><div class=\"wpb_text_column\"><div class=\"wpb_wrapper\"><p style=\"text-align: left;\">Der NNPC ist seit 1937, als wir als P&amp;I-Club gegr\u00fcndet wurden, in der maritimen Versicherungsbranche t\u00e4tig. Zu unseren Mitgliedern geh\u00f6ren Reeder, Befrachter, Kapit\u00e4ne und Schiffseigner. Wir versichern ihren kostbaren Besitz und unterst\u00fctzen sie mit Garantiestellungen, Beratung und Hilfe bei Vertragsabschl\u00fcssen &#8211; wo auch immer auf der Welt. Nicht umsonst lautet unser Motto <strong>\u201eWeltweit. Immer in der N\u00e4he.\u201c<\/strong><\/p>\n<\/div><\/div><\/div><\/div><\/div><div class=\"vc_col-sm-2 wpb_column vc_column_container\"><div class=\"vc_column-inner\"><div class=\"wpb_wrapper\"><\/div><\/div><\/div><\/div><\/div><\/section><section class=\"l-section wpb_row us_custom_eac59c77 height_medium\"><div class=\"l-section-h i-cf\"><div class=\"g-cols vc_row via_flex valign_top type_default stacking_default\"><div class=\"vc_col-sm-2 wpb_column vc_column_container\"><div class=\"vc_column-inner\"><div class=\"wpb_wrapper\"><\/div><\/div><\/div><div class=\"vc_col-sm-8 wpb_column vc_column_container\"><div class=\"vc_column-inner\"><div class=\"wpb_wrapper\"><div class=\"wpb_text_column\"><div class=\"wpb_wrapper\"><p>Damit wir das in die Tat umsetzen k\u00f6nnen, sind unsere Mitarbeiter durchweg Spezialisten mit gro\u00dfer Affinit\u00e4t zum maritimen Sektor. Als Arbeitgeber bieten wir ein offenes und freundliches Klima mit pragmatischen, hart arbeitenden Kollegen. Wir bieten Ihnen M\u00f6glichkeiten zur pers\u00f6nlichen Entwicklung und einer guten Work-Life-Balance.<\/p>\n<p>Wir sind regelm\u00e4\u00dfig auf der Suche nach talentierten Mitarbeitern in den Bereichen Annahme, Schadensbearbeitung und Finanzen. Sind Sie der\/die Spezialist\/in, der\/die unser Team verst\u00e4rken wird? <a href=\"https:\/\/nnpc-marine.com\/de\/kontakt\/\">Dann setzen Sie sich hier mit uns in Verbindung<\/a>.<\/p>\n<\/div><\/div><\/div><\/div><\/div><div class=\"vc_col-sm-2 wpb_column vc_column_container\"><div class=\"vc_column-inner\"><div class=\"wpb_wrapper\"><\/div><\/div><\/div><\/div><\/div><\/section>\n","protected":false},"excerpt":{"rendered":"StartSeitenKarriere beim NNPCDer NNPC ist seit 1937, als wir als P&amp;I-Club gegr\u00fcndet wurden, in der maritimen Versicherungsbranche t\u00e4tig. Zu unseren Mitgliedern geh\u00f6ren Reeder, Befrachter, Kapit\u00e4ne und Schiffseigner. Wir versichern ihren kostbaren Besitz und unterst\u00fctzen sie mit Garantiestellungen, Beratung und Hilfe bei Vertragsabschl\u00fcssen &#8211; wo auch immer auf der Welt. Nicht umsonst lautet unser Motto \u201eWeltweit....","protected":false},"author":1,"featured_media":0,"parent":9151,"menu_order":0,"comment_status":"closed","ping_status":"closed","template":"","meta":{"footnotes":""},"class_list":["post-9163","page","type-page","status-publish","hentry"],"_links":{"self":[{"href":"https:\/\/nnpc-marine.com\/de\/wp-json\/wp\/v2\/pages\/9163","targetHints":{"allow":["GET"]}}],"collection":[{"href":"https:\/\/nnpc-marine.com\/de\/wp-json\/wp\/v2\/pages"}],"about":[{"href":"https:\/\/nnpc-marine.com\/de\/wp-json\/wp\/v2\/types\/page"}],"author":[{"embeddable":true,"href":"https:\/\/nnpc-marine.com\/de\/wp-json\/wp\/v2\/users\/1"}],"replies":[{"embeddable":true,"href":"https:\/\/nnpc-marine.com\/de\/wp-json\/wp\/v2\/comments?post=9163"}],"version-history":[{"count":0,"href":"https:\/\/nnpc-marine.com\/de\/wp-json\/wp\/v2\/pages\/9163\/revisions"}],"up":[{"embeddable":true,"href":"https:\/\/nnpc-marine.com\/de\/wp-json\/wp\/v2\/pages\/9151"}],"wp:attachment":[{"href":"https:\/\/nnpc-marine.com\/de\/wp-json\/wp\/v2\/media?parent=9163"}],"curies":[{"name":"wp","href":"https:\/\/api.w.org\/{rel}","templated":true}]}}