{"id":9172,"date":"2020-11-05T19:42:00","date_gmt":"2020-11-05T19:42:00","guid":{"rendered":"https:\/\/nlnnpc-mashinaki.savviihq.com\/products-and-services\/"},"modified":"2025-06-29T09:12:43","modified_gmt":"2025-06-29T09:12:43","slug":"produkte-und-dienstleistungen","status":"publish","type":"page","link":"https:\/\/nnpc-marine.com\/de\/produkte-und-dienstleistungen\/","title":{"rendered":"Produkte und Dienstleistungen"},"content":{"rendered":"<section class=\"l-section wpb_row height_auto width_full\"><div class=\"l-section-h i-cf\"><div class=\"g-cols vc_row via_flex valign_top type_default stacking_default\"><div class=\"vc_col-sm-12 wpb_column vc_column_container\"><div class=\"vc_column-inner\"><div class=\"wpb_wrapper\"><section class=\"l-section wpb_row us_custom_6b927907 height_medium\"><div class=\"l-section-h i-cf\"><div class=\"g-cols vc_row via_flex valign_top type_default stacking_default\"><div class=\"vc_col-sm-12 wpb_column vc_column_container\"><div class=\"vc_column-inner\"><div class=\"wpb_wrapper\"><div class=\"wpb_text_column us_custom_68ae8862 has_text_color\"><div class=\"wpb_wrapper\"><p>Produkte und Dienstleistungen<\/p>\n<\/div><\/div><div class=\"w-image us_custom_636cd958 us_animate_this hide_on_tablets hide_on_mobiles align_right\"><div class=\"w-image-h\"><img decoding=\"async\" width=\"350\" height=\"350\" src=\"https:\/\/nnpc-marine.com\/wp-content\/uploads\/2025\/06\/ster3.png\" class=\"attachment-full size-full\" alt=\"\" loading=\"lazy\" srcset=\"https:\/\/nnpc-marine.com\/wp-content\/uploads\/2025\/06\/ster3.png 350w, https:\/\/nnpc-marine.com\/wp-content\/uploads\/2025\/06\/ster3-300x300.png 300w, https:\/\/nnpc-marine.com\/wp-content\/uploads\/2025\/06\/ster3-150x150.png 150w\" sizes=\"auto, (max-width: 350px) 100vw, 350px\" \/><\/div><\/div><\/div><\/div><\/div><\/div><\/div><\/section>\n<\/div><\/div><\/div><\/div><\/div><\/section><section class=\"l-section wpb_row height_medium\"><div class=\"l-section-h i-cf\"><div class=\"g-cols vc_row via_flex valign_top type_default stacking_default\"><div class=\"vc_col-sm-2 wpb_column vc_column_container\"><div class=\"vc_column-inner\"><div class=\"wpb_wrapper\"><\/div><\/div><\/div><div class=\"vc_col-sm-8 wpb_column vc_column_container\"><div class=\"vc_column-inner\"><div class=\"wpb_wrapper\"><h1 class=\"w-text\"><span class=\"w-text-h\"><span class=\"w-text-value\">NNPC stellt sich neben, hinter und vor Sie<\/span><\/span><\/h1><div class=\"w-separator size_custom\" style=\"height:20px\"><\/div><div class=\"wpb_text_column\"><div class=\"wpb_wrapper\"><p>NNPC leistet einen wichtigen Beitrag zur Kontinuit\u00e4t der Gesch\u00e4fte unserer \u00fcber dreihundert Mitglieder. Unsere St\u00e4rke steckt in der Zusammenarbeit auf Gegenseitigkeit mit anderen P&amp;I Clubs weltweit. Zugleich setzen wir Experten mit juristischem \/ maritimem Hintergrund ein. So k\u00f6nnen wir immer f\u00fcr Sie da sein, wo auch immer Sie sind und wann immer Sie uns brauchen.<\/p>\n<\/div><\/div><\/div><\/div><\/div><div class=\"vc_col-sm-2 wpb_column vc_column_container\"><div class=\"vc_column-inner\"><div class=\"wpb_wrapper\"><\/div><\/div><\/div><\/div><\/div><\/section><section class=\"l-section wpb_row us_custom_eac59c77 height_auto\"><div class=\"l-section-h i-cf\"><div class=\"g-cols vc_row via_flex valign_top type_default stacking_default\"><div class=\"vc_col-sm-12 wpb_column vc_column_container\"><div class=\"vc_column-inner\"><div class=\"wpb_wrapper\"><div class=\"w-separator size_custom\" style=\"height:80px\"><\/div><\/div><\/div><\/div><\/div><\/div><\/section><section class=\"l-section wpb_row us_custom_eac59c77 height_auto\"><div class=\"l-section-h i-cf\"><div class=\"g-cols vc_row via_flex valign_top type_default stacking_default\"><div class=\"vc_col-sm-4 wpb_column vc_column_container\"><div class=\"vc_column-inner\"><div class=\"wpb_wrapper\"><div class=\"w-image us_custom_16919a11 align_none\"><a href=\"https:\/\/nnpc-marine.com\/de\/produkte-und-dienstleistungen\/mutual-versicherung\/\" aria-label=\"product-thumb-pandimutual\" class=\"w-image-h\"><img decoding=\"async\" width=\"1000\" height=\"537\" src=\"https:\/\/nnpc-marine.com\/wp-content\/uploads\/2025\/06\/product-thumb-pandimutual.jpg\" class=\"attachment-full size-full\" alt=\"\" loading=\"lazy\" srcset=\"https:\/\/nnpc-marine.com\/wp-content\/uploads\/2025\/06\/product-thumb-pandimutual.jpg 1000w, https:\/\/nnpc-marine.com\/wp-content\/uploads\/2025\/06\/product-thumb-pandimutual-300x161.jpg 300w\" sizes=\"auto, (max-width: 1000px) 100vw, 1000px\" \/><\/a><\/div><div class=\"wpb_text_column us_custom_bb47b097\"><div class=\"wpb_wrapper\"><h3>P&amp;I Mutual<\/h3>\n<\/div><\/div><\/div><\/div><\/div><div class=\"vc_col-sm-4 wpb_column vc_column_container\"><div class=\"vc_column-inner\"><div class=\"wpb_wrapper\"><div class=\"w-image us_custom_16919a11 align_none\"><a href=\"https:\/\/nnpc-marine.com\/de\/produkte-und-dienstleistungen\/fixed-premium-versicherung\/\" aria-label=\"product-thumb-pandifixed\" class=\"w-image-h\"><img decoding=\"async\" width=\"1000\" height=\"537\" src=\"https:\/\/nnpc-marine.com\/wp-content\/uploads\/2025\/06\/product-thumb-pandifixed.jpg\" class=\"attachment-full size-full\" alt=\"\" loading=\"lazy\" srcset=\"https:\/\/nnpc-marine.com\/wp-content\/uploads\/2025\/06\/product-thumb-pandifixed.jpg 1000w, https:\/\/nnpc-marine.com\/wp-content\/uploads\/2025\/06\/product-thumb-pandifixed-300x161.jpg 300w\" sizes=\"auto, (max-width: 1000px) 100vw, 1000px\" \/><\/a><\/div><div class=\"wpb_text_column us_custom_bb47b097\"><div class=\"wpb_wrapper\"><h3>P&amp;I Fixed Premium<\/h3>\n<\/div><\/div><\/div><\/div><\/div><div class=\"vc_col-sm-4 wpb_column vc_column_container\"><div class=\"vc_column-inner\"><div class=\"wpb_wrapper\"><div class=\"w-image us_custom_16919a11 align_none\"><a href=\"https:\/\/nnpc-marine.com\/de\/produkte-und-dienstleistungen\/rechtsbeistand-fdd\/\" aria-label=\"product-thumb-fdd\" class=\"w-image-h\"><img decoding=\"async\" width=\"1000\" height=\"537\" src=\"https:\/\/nnpc-marine.com\/wp-content\/uploads\/2025\/06\/product-thumb-fdd.jpg\" class=\"attachment-full size-full\" alt=\"\" loading=\"lazy\" srcset=\"https:\/\/nnpc-marine.com\/wp-content\/uploads\/2025\/06\/product-thumb-fdd.jpg 1000w, https:\/\/nnpc-marine.com\/wp-content\/uploads\/2025\/06\/product-thumb-fdd-300x161.jpg 300w\" sizes=\"auto, (max-width: 1000px) 100vw, 1000px\" \/><\/a><\/div><div class=\"wpb_text_column us_custom_bb47b097\"><div class=\"wpb_wrapper\"><h3>Rechtsbeistand (FD&amp;D)<\/h3>\n<\/div><\/div><\/div><\/div><\/div><\/div><\/div><\/section><section class=\"l-section wpb_row us_custom_eac59c77 height_auto\"><div class=\"l-section-h i-cf\"><div class=\"g-cols vc_row via_flex valign_top type_default stacking_default\"><div class=\"vc_col-sm-12 wpb_column vc_column_container\"><div class=\"vc_column-inner\"><div class=\"wpb_wrapper\"><div class=\"w-separator size_medium\"><\/div><\/div><\/div><\/div><\/div><\/div><\/section><section class=\"l-section wpb_row us_custom_eac59c77 height_auto\"><div class=\"l-section-h i-cf\"><div class=\"g-cols vc_row via_flex valign_top type_default stacking_default\"><div class=\"vc_col-sm-4 wpb_column vc_column_container\"><div class=\"vc_column-inner\"><div class=\"wpb_wrapper\"><div class=\"w-image us_custom_16919a11 align_none\"><a href=\"https:\/\/nnpc-marine.com\/de\/produkte-und-dienstleistungen\/crew\/\" aria-label=\"product-thumb-crew\" class=\"w-image-h\"><img decoding=\"async\" width=\"1000\" height=\"537\" src=\"https:\/\/nnpc-marine.com\/wp-content\/uploads\/2025\/06\/product-thumb-crew.jpg\" class=\"attachment-full size-full\" alt=\"\" loading=\"lazy\" srcset=\"https:\/\/nnpc-marine.com\/wp-content\/uploads\/2025\/06\/product-thumb-crew.jpg 1000w, https:\/\/nnpc-marine.com\/wp-content\/uploads\/2025\/06\/product-thumb-crew-300x161.jpg 300w\" sizes=\"auto, (max-width: 1000px) 100vw, 1000px\" \/><\/a><\/div><div class=\"wpb_text_column us_custom_bb47b097\"><div class=\"wpb_wrapper\"><h3>Crew<\/h3>\n<\/div><\/div><\/div><\/div><\/div><div class=\"vc_col-sm-4 wpb_column vc_column_container\"><div class=\"vc_column-inner\"><div class=\"wpb_wrapper\"><div class=\"w-image us_custom_16919a11 align_none\"><a href=\"https:\/\/nnpc-marine.com\/de\/produkte-und-dienstleistungen\/charterer-haftpflichtversicherung\/\" aria-label=\"product-thumb-charter\" class=\"w-image-h\"><img decoding=\"async\" width=\"1000\" height=\"537\" src=\"https:\/\/nnpc-marine.com\/wp-content\/uploads\/2025\/06\/product-thumb-charter.jpg\" class=\"attachment-full size-full\" alt=\"\" loading=\"lazy\" srcset=\"https:\/\/nnpc-marine.com\/wp-content\/uploads\/2025\/06\/product-thumb-charter.jpg 1000w, https:\/\/nnpc-marine.com\/wp-content\/uploads\/2025\/06\/product-thumb-charter-300x161.jpg 300w\" sizes=\"auto, (max-width: 1000px) 100vw, 1000px\" \/><\/a><\/div><div class=\"wpb_text_column us_custom_bb47b097\"><div class=\"wpb_wrapper\"><h3>Charterer-Haftpflichtversicherung<\/h3>\n<\/div><\/div><\/div><\/div><\/div><div class=\"vc_col-sm-4 wpb_column vc_column_container\"><div class=\"vc_column-inner\"><div class=\"wpb_wrapper\"><div class=\"w-image us_custom_16919a11 align_none\"><a href=\"https:\/\/nnpc-marine.com\/de\/produkte-und-dienstleistungen\/versicherung\/binnenschifffahrt\/\" aria-label=\"product-thumb-inlandshipping\" class=\"w-image-h\"><img decoding=\"async\" width=\"1000\" height=\"537\" src=\"https:\/\/nnpc-marine.com\/wp-content\/uploads\/2025\/06\/product-thumb-inlandshipping.jpg\" class=\"attachment-full size-full\" alt=\"\" loading=\"lazy\" srcset=\"https:\/\/nnpc-marine.com\/wp-content\/uploads\/2025\/06\/product-thumb-inlandshipping.jpg 1000w, https:\/\/nnpc-marine.com\/wp-content\/uploads\/2025\/06\/product-thumb-inlandshipping-300x161.jpg 300w\" sizes=\"auto, (max-width: 1000px) 100vw, 1000px\" \/><\/a><\/div><div class=\"wpb_text_column us_custom_bb47b097\"><div class=\"wpb_wrapper\"><h3>P&amp;I Binnenschifffahrt<\/h3>\n<\/div><\/div><\/div><\/div><\/div><\/div><\/div><\/section><section class=\"l-section wpb_row us_custom_eac59c77 height_auto\"><div class=\"l-section-h i-cf\"><div class=\"g-cols vc_row via_flex valign_top type_default stacking_default\"><div class=\"vc_col-sm-12 wpb_column vc_column_container\"><div class=\"vc_column-inner\"><div class=\"wpb_wrapper\"><div class=\"w-separator size_custom\" style=\"height:80px\"><\/div><\/div><\/div><\/div><\/div><\/div><\/section><section class=\"l-section wpb_row height_auto width_full\"><div class=\"l-section-h i-cf\"><div class=\"g-cols vc_row via_flex valign_top type_default stacking_default\"><div class=\"vc_col-sm-12 wpb_column vc_column_container\"><div class=\"vc_column-inner\"><div class=\"wpb_wrapper\"><section class=\"l-section wpb_row us_custom_011a30f0 height_auto\" id=\"global\"><div class=\"l-section-h i-cf\"><div class=\"g-cols vc_row via_flex valign_middle type_default reversed stacking_default\"><div class=\"vc_col-sm-6 wpb_column vc_column_container\"><div class=\"vc_column-inner\"><div class=\"wpb_wrapper\"><div class=\"w-image us_custom_1170825a us_animate_this align_none\"><div class=\"w-image-h\"><img decoding=\"async\" width=\"607\" height=\"412\" src=\"https:\/\/nnpc-marine.com\/wp-content\/uploads\/2025\/06\/nnpc-globe.png\" class=\"attachment-full size-full\" alt=\"\" loading=\"lazy\" srcset=\"https:\/\/nnpc-marine.com\/wp-content\/uploads\/2025\/06\/nnpc-globe.png 607w, https:\/\/nnpc-marine.com\/wp-content\/uploads\/2025\/06\/nnpc-globe-300x204.png 300w\" sizes=\"auto, (max-width: 607px) 100vw, 607px\" \/><\/div><\/div><\/div><\/div><\/div><div class=\"vc_col-sm-6 wpb_column vc_column_container\"><div class=\"vc_column-inner\"><div class=\"wpb_wrapper\"><div class=\"w-separator hide_on_default hide_on_laptops size_custom\" style=\"height:50px\"><\/div><div class=\"wpb_text_column us_custom_eff5c3a4 has_text_color\"><div class=\"wpb_wrapper\"><p>Weltweiter Service,<br \/>\npers\u00f6nlicher Ansatz<\/p>\n<\/div><\/div><div class=\"w-separator size_custom\" style=\"height:30px\"><\/div><div class=\"wpb_text_column us_custom_7ef101eb has_text_color\"><div class=\"wpb_wrapper\"><ul>\n<li>Im Schadensfall rund um die Uhr erreichbar<\/li>\n<li>Schnelle Schadensabwicklung, um die Gesch\u00e4ftskontinuit\u00e4t zu gew\u00e4hrleisten<\/li>\n<li>Enge Verbundenheit mit Ihren Schiffen und Ihrem maritimen Unternehmen<\/li>\n<li>Strategische Partnerschaft mit <span style=\"color: #ffed00;\"><a style=\"color: #ffed00;\" href=\"https:\/\/north-standard.com\/\" target=\"_blank\" rel=\"noopener\">NorthStandard<\/a><\/span> und <span style=\"color: #ffed00;\"><a style=\"color: #ffed00;\" href=\"https:\/\/insuremarineunderwriting.com\/\" target=\"_blank\" rel=\"noopener\">IMU<\/a><\/span><\/li>\n<\/ul>\n<\/div><\/div><div class=\"w-separator hide_on_default hide_on_laptops size_custom\" style=\"height:30px\"><\/div><\/div><\/div><\/div><\/div><\/div><\/section>\n<\/div><\/div><\/div><\/div><\/div><\/section><section class=\"l-section wpb_row height_auto width_full\"><div class=\"l-section-h i-cf\"><div class=\"g-cols vc_row via_flex valign_top type_default stacking_default\"><div class=\"vc_col-sm-12 wpb_column vc_column_container\"><div class=\"vc_column-inner\"><div class=\"wpb_wrapper\"><section class=\"l-section wpb_row us_custom_eac59c77 height_medium\"><div class=\"l-section-h i-cf\"><div class=\"g-cols vc_row via_flex valign_top type_default stacking_default\"><div class=\"vc_col-sm-2\/5 wpb_column vc_column_container\"><div class=\"vc_column-inner\"><div class=\"wpb_wrapper\"><h2 class=\"w-text us_custom_1f257949\"><span class=\"w-text-h\"><span class=\"w-text-value\">Sprechen Sie mit unseren Experten<\/span><\/span><\/h2><\/div><\/div><\/div><div class=\"vc_col-sm-3\/5 wpb_column vc_column_container\"><div class=\"vc_column-inner\"><div class=\"wpb_wrapper\"><div class=\"w-content-carousel items_2\"><div class=\"owl-carousel valign_stretch dotstyle_circle navstyle_circle arrows-ver-pos_middle arrows-hor-pos_on_sides_outside arrows-disabled_hide owl-responsive-2000 with_arrows\" style=\"--items-gap:30px;--transition-duration:400ms;--arrows-size:1.3rem;--arrows-gap:10px;\" onclick=\"return {&quot;aria_labels&quot;:{&quot;prev&quot;:&quot;Zur\\u00fcck&quot;,&quot;next&quot;:&quot;Weiter&quot;},&quot;autoplayContinual&quot;:false,&quot;autoplayHoverPause&quot;:false,&quot;autoplayTimeout&quot;:5000,&quot;autoWidth&quot;:false,&quot;smartSpeed&quot;:400,&quot;margin&quot;:30,&quot;mouseDrag&quot;:true,&quot;rtl&quot;:false,&quot;slideBy&quot;:&quot;1&quot;,&quot;touchDrag&quot;:true,&quot;slideTransition&quot;:&quot;&quot;,&quot;responsive&quot;:{&quot;0&quot;:{&quot;autoHeight&quot;:false,&quot;autoplay&quot;:false,&quot;autoWidth&quot;:false,&quot;center&quot;:false,&quot;dots&quot;:false,&quot;items&quot;:1,&quot;loop&quot;:false,&quot;nav&quot;:false,&quot;stagePadding&quot;:0,&quot;slideBy&quot;:&quot;1&quot;},&quot;601&quot;:{&quot;autoHeight&quot;:false,&quot;autoplay&quot;:true,&quot;autoWidth&quot;:false,&quot;center&quot;:false,&quot;dots&quot;:false,&quot;items&quot;:2,&quot;loop&quot;:true,&quot;nav&quot;:true,&quot;stagePadding&quot;:0}}}\"><div class=\"w-vwrapper align_none valign_top\" style=\"--vwrapper-gap:0rem\"><div class=\"w-image us_custom_16919a11 align_none\"><a href=\"https:\/\/nnpc-marine.com\/de\/ueber-nnpc\/unsere-spezialisten\/alinde-puper\/\" aria-label=\"profiel-alindepuper\" class=\"w-image-h\"><img decoding=\"async\" width=\"500\" height=\"532\" src=\"https:\/\/nnpc-marine.com\/wp-content\/uploads\/2021\/07\/profiel-alindepuper.jpg\" class=\"attachment-full size-full\" alt=\"\" loading=\"lazy\" srcset=\"https:\/\/nnpc-marine.com\/wp-content\/uploads\/2021\/07\/profiel-alindepuper.jpg 500w, https:\/\/nnpc-marine.com\/wp-content\/uploads\/2021\/07\/profiel-alindepuper-282x300.jpg 282w\" sizes=\"auto, (max-width: 500px) 100vw, 500px\" \/><\/a><\/div><div class=\"wpb_text_column us_custom_bb47b097\"><div class=\"wpb_wrapper\"><p><strong>Alinde Puper<\/strong><br \/>\nTeam Lead Underwriting<\/p>\n<\/div><\/div><\/div><div class=\"w-vwrapper align_none valign_top\" style=\"--vwrapper-gap:0rem\"><div class=\"w-image us_custom_16919a11 align_none\"><a href=\"https:\/\/nnpc-marine.com\/de\/ueber-nnpc\/unsere-spezialisten\/eli-gottschal\/\" aria-label=\"profiel-eligottschal\" class=\"w-image-h\"><img decoding=\"async\" width=\"500\" height=\"532\" src=\"https:\/\/nnpc-marine.com\/wp-content\/uploads\/2022\/03\/profiel-eligottschal.jpg\" class=\"attachment-full size-full\" alt=\"\" loading=\"lazy\" srcset=\"https:\/\/nnpc-marine.com\/wp-content\/uploads\/2022\/03\/profiel-eligottschal.jpg 500w, https:\/\/nnpc-marine.com\/wp-content\/uploads\/2022\/03\/profiel-eligottschal-282x300.jpg 282w\" sizes=\"auto, (max-width: 500px) 100vw, 500px\" \/><\/a><\/div><div class=\"wpb_text_column us_custom_bb47b097\"><div class=\"wpb_wrapper\"><p><strong>Eli Gottschal<\/strong><br \/>\nUnderwriter<\/p>\n<\/div><\/div><\/div><div class=\"w-vwrapper align_none valign_top\" style=\"--vwrapper-gap:0rem\"><div class=\"w-image us_custom_16919a11 align_none\"><a href=\"https:\/\/nnpc-marine.com\/de\/ueber-nnpc\/unsere-spezialisten\/jordi-schipper\/\" aria-label=\"profiel-jordischipper\" class=\"w-image-h\"><img decoding=\"async\" width=\"500\" height=\"532\" src=\"https:\/\/nnpc-marine.com\/wp-content\/uploads\/2022\/03\/profiel-jordischipper.jpg\" class=\"attachment-full size-full\" alt=\"\" loading=\"lazy\" srcset=\"https:\/\/nnpc-marine.com\/wp-content\/uploads\/2022\/03\/profiel-jordischipper.jpg 500w, https:\/\/nnpc-marine.com\/wp-content\/uploads\/2022\/03\/profiel-jordischipper-282x300.jpg 282w\" sizes=\"auto, (max-width: 500px) 100vw, 500px\" \/><\/a><\/div><div class=\"wpb_text_column us_custom_bb47b097\"><div class=\"wpb_wrapper\"><p><strong>Jordi Schipper<\/strong><br \/>\nUnderwriter<\/p>\n<\/div><\/div><\/div><div class=\"w-vwrapper align_none valign_top\" style=\"--vwrapper-gap:0rem\"><div class=\"w-image us_custom_16919a11 align_none\"><a href=\"https:\/\/nnpc-marine.com\/de\/ueber-nnpc\/unsere-spezialisten\/gleb-vishnevetckii\/\" aria-label=\"profiel-gleb\" class=\"w-image-h\"><img decoding=\"async\" width=\"500\" height=\"532\" src=\"https:\/\/nnpc-marine.com\/wp-content\/uploads\/2024\/03\/profiel-gleb.jpg\" class=\"attachment-full size-full\" alt=\"\" loading=\"lazy\" srcset=\"https:\/\/nnpc-marine.com\/wp-content\/uploads\/2024\/03\/profiel-gleb.jpg 500w, https:\/\/nnpc-marine.com\/wp-content\/uploads\/2024\/03\/profiel-gleb-282x300.jpg 282w\" sizes=\"auto, (max-width: 500px) 100vw, 500px\" \/><\/a><\/div><div class=\"wpb_text_column us_custom_bb47b097\"><div class=\"wpb_wrapper\"><p><strong>Gleb Vishnevetckii<\/strong><br \/>\nUnderwriter<\/p>\n<\/div><\/div><\/div><\/div><\/div><\/div><\/div><\/div><\/div><\/div><\/section>\n<\/div><\/div><\/div><\/div><\/div><\/section>\n","protected":false},"excerpt":{"rendered":"Produkte und Dienstleistungen NNPC stellt sich neben, hinter und vor SieNNPC leistet einen wichtigen Beitrag zur Kontinuit\u00e4t der Gesch\u00e4fte unserer \u00fcber dreihundert Mitglieder. Unsere St\u00e4rke steckt in der Zusammenarbeit auf Gegenseitigkeit mit anderen P&amp;I Clubs weltweit. Zugleich setzen wir Experten mit juristischem \/ maritimem Hintergrund ein. So k\u00f6nnen wir immer f\u00fcr Sie da sein, wo...","protected":false},"author":1,"featured_media":0,"parent":0,"menu_order":0,"comment_status":"closed","ping_status":"closed","template":"","meta":{"footnotes":""},"class_list":["post-9172","page","type-page","status-publish","hentry"],"_links":{"self":[{"href":"https:\/\/nnpc-marine.com\/de\/wp-json\/wp\/v2\/pages\/9172","targetHints":{"allow":["GET"]}}],"collection":[{"href":"https:\/\/nnpc-marine.com\/de\/wp-json\/wp\/v2\/pages"}],"about":[{"href":"https:\/\/nnpc-marine.com\/de\/wp-json\/wp\/v2\/types\/page"}],"author":[{"embeddable":true,"href":"https:\/\/nnpc-marine.com\/de\/wp-json\/wp\/v2\/users\/1"}],"replies":[{"embeddable":true,"href":"https:\/\/nnpc-marine.com\/de\/wp-json\/wp\/v2\/comments?post=9172"}],"version-history":[{"count":0,"href":"https:\/\/nnpc-marine.com\/de\/wp-json\/wp\/v2\/pages\/9172\/revisions"}],"wp:attachment":[{"href":"https:\/\/nnpc-marine.com\/de\/wp-json\/wp\/v2\/media?parent=9172"}],"curies":[{"name":"wp","href":"https:\/\/api.w.org\/{rel}","templated":true}]}}