{"id":9215,"date":"2021-11-09T15:36:29","date_gmt":"2021-11-09T15:36:29","guid":{"rendered":"https:\/\/nlnnpc-mashinaki.savviihq.com\/nnpc-downloads\/"},"modified":"2026-02-10T11:29:12","modified_gmt":"2026-02-10T11:29:12","slug":"nnpc-downloads","status":"publish","type":"page","link":"https:\/\/nnpc-marine.com\/de\/nnpc-downloads\/","title":{"rendered":"NNPC downloads"},"content":{"rendered":"<section class=\"l-section wpb_row us_custom_011a30f0 height_auto\"><div class=\"l-section-h i-cf\"><div class=\"g-cols vc_row via_flex valign_top type_default stacking_default\"><div class=\"vc_col-sm-12 wpb_column vc_column_container\"><div class=\"vc_column-inner\"><div class=\"wpb_wrapper\"><div class=\"w-separator size_custom\" style=\"height:25px\"><\/div><nav class=\"g-breadcrumbs us_custom_14f9dc19 has_text_color separator_icon align_left\" itemscope itemtype=\"http:\/\/schema.org\/BreadcrumbList\"><div class=\"g-breadcrumbs-item\" itemscope itemprop=\"itemListElement\" itemtype=\"http:\/\/schema.org\/ListItem\"><a itemprop=\"item\" href=\"https:\/\/nnpc-marine.com\/de\/\"><span itemprop=\"name\">Start<\/span><\/a><meta itemprop=\"position\" content=\"1\"\/><\/div><div class=\"g-breadcrumbs-separator\"><i class=\"far fa-angle-right\"><\/i><\/div><div class=\"g-breadcrumbs-item\">Seiten<\/div><\/nav><div class=\"w-separator size_custom\" style=\"height:25px\"><\/div><\/div><\/div><\/div><\/div><\/div><\/section><section class=\"l-section wpb_row height_medium\"><div class=\"l-section-h i-cf\"><div class=\"g-cols vc_row via_flex valign_top type_default stacking_default\"><div class=\"vc_col-sm-2 wpb_column vc_column_container\"><div class=\"vc_column-inner\"><div class=\"wpb_wrapper\"><\/div><\/div><\/div><div class=\"vc_col-sm-8 wpb_column vc_column_container\"><div class=\"vc_column-inner\"><div class=\"wpb_wrapper\"><h1 class=\"w-text\"><span class=\"w-text-h\"><span class=\"w-text-value\">Downloads<\/span><\/span><\/h1><div class=\"w-separator size_custom\" style=\"height:20px\"><\/div><div class=\"wpb_text_column\"><div class=\"wpb_wrapper\"><p style=\"text-align: left;\">Auf dieser Seite finden Sie eine \u00dcbersicht \u00fcber die verschiedenen Versicherungsbedingungen und weitere Informationen. \u00dcber den Link k\u00f6nnen Sie die Bedingungen und Informationen herunterladen, die f\u00fcr Sie relevant sind.<\/p>\n<\/div><\/div><\/div><\/div><\/div><div class=\"vc_col-sm-2 wpb_column vc_column_container\"><div class=\"vc_column-inner\"><div class=\"wpb_wrapper\"><\/div><\/div><\/div><\/div><\/div><\/section><section class=\"l-section wpb_row us_custom_eac59c77 height_medium\"><div class=\"l-section-h i-cf\"><div class=\"g-cols vc_row via_flex valign_top type_default stacking_default\"><div class=\"vc_col-sm-2\/5 wpb_column vc_column_container\"><div class=\"vc_column-inner\"><div class=\"wpb_wrapper\"><div class=\"w-separator hide_on_default hide_on_laptops hide_on_tablets size_custom\" style=\"height:30px\"><\/div><h2 class=\"w-text us_custom_1f257949\"><span class=\"w-text-h\"><span class=\"w-text-value\">Maritime Labour Convention Extension Clause<\/span><\/span><\/h2><\/div><\/div><\/div><div class=\"vc_col-sm-3\/5 wpb_column vc_column_container\"><div class=\"vc_column-inner\"><div class=\"wpb_wrapper\"><div class=\"w-text icon_atleft\"><a target=\"_blank\" href=\"https:\/\/nnpc-marine.com\/wp-content\/uploads\/2020\/11\/NNPC_Maritime_Labour_Convention_Extension_Clause_2016_2.pdf\" class=\"w-text-h\"><i class=\"far fa-download\"><\/i><span class=\"w-text-value\">Maritime Labour Convention Extension Clause 2016<\/span><\/a><\/div><div class=\"w-separator size_custom with_line width_default thick_1 style_solid color_secondary align_center\" style=\"height:50px\"><div class=\"w-separator-h\"><\/div><\/div><div class=\"w-separator hide_on_default hide_on_laptops size_custom\" style=\"height:30px\"><\/div><\/div><\/div><\/div><\/div><\/div><\/section><section class=\"l-section wpb_row us_custom_eac59c77 height_auto\"><div class=\"l-section-h i-cf\"><div class=\"g-cols vc_row via_flex valign_top type_default stacking_default\"><div class=\"vc_col-sm-2\/5 wpb_column vc_column_container\"><div class=\"vc_column-inner\"><div class=\"wpb_wrapper\"><div class=\"w-separator hide_on_default hide_on_laptops hide_on_tablets size_custom\" style=\"height:30px\"><\/div><h2 class=\"w-text us_custom_1f257949\"><span class=\"w-text-h\"><span class=\"w-text-value\">NNPC statuten en verzekeringsvoorwaarden Mutual (IGA)<\/span><\/span><\/h2><\/div><\/div><\/div><div class=\"vc_col-sm-3\/5 wpb_column vc_column_container\"><div class=\"vc_column-inner\"><div class=\"wpb_wrapper\"><div class=\"w-text icon_atleft\"><a target=\"_blank\" href=\"https:\/\/nnpc-marine.com\/wp-content\/uploads\/2026\/01\/nnpc-statuten-en-verzekeringsvoorwaarden-mutual-2026-v03.pdf\" class=\"w-text-h\"><i class=\"far fa-download\"><\/i><span class=\"w-text-value\">NNPC statuten en verzekeringsvoorwaarden Mutual 2026<\/span><\/a><\/div><div class=\"w-separator size_custom with_line width_default thick_1 style_solid color_secondary align_center\" style=\"height:50px\"><div class=\"w-separator-h\"><\/div><\/div><div class=\"w-text icon_atleft\"><a target=\"_blank\" href=\"https:\/\/verzekeringskaarten.nl\/nnpc\/pi-verzekering\" class=\"w-text-h\"><i class=\"far fa-download\"><\/i><span class=\"w-text-value\">NNPC verzekeringskaart Klasse 2 Freight, Demurrage and Defence<\/span><\/a><\/div><div class=\"w-separator size_custom with_line width_default thick_1 style_solid color_secondary align_center\" style=\"height:50px\"><div class=\"w-separator-h\"><\/div><\/div><div class=\"w-separator hide_on_default hide_on_laptops size_custom\" style=\"height:30px\"><\/div><div class=\"w-separator hide_on_default hide_on_laptops size_custom\" style=\"height:30px\"><\/div><\/div><\/div><\/div><\/div><\/div><\/section><section class=\"l-section wpb_row us_custom_eac59c77 hide_on_tablets hide_on_mobiles height_auto\"><div class=\"l-section-h i-cf\"><div class=\"g-cols vc_row via_flex valign_top type_default stacking_default\"><div class=\"vc_col-sm-12 wpb_column vc_column_container\"><div class=\"vc_column-inner\"><div class=\"wpb_wrapper\"><div class=\"w-separator size_custom\" style=\"height:70px\"><\/div><\/div><\/div><\/div><\/div><\/div><\/section><section class=\"l-section wpb_row us_custom_eac59c77 height_auto\"><div class=\"l-section-h i-cf\"><div class=\"g-cols vc_row via_flex valign_top type_default stacking_default\"><div class=\"vc_col-sm-2\/5 wpb_column vc_column_container\"><div class=\"vc_column-inner\"><div class=\"wpb_wrapper\"><div class=\"w-separator hide_on_default hide_on_laptops hide_on_tablets size_custom\" style=\"height:30px\"><\/div><h2 class=\"w-text us_custom_1f257949\"><span class=\"w-text-h\"><span class=\"w-text-value\">NNPC verzekeringsvoorwaarden Fixed Premium<\/span><\/span><\/h2><\/div><\/div><\/div><div class=\"vc_col-sm-3\/5 wpb_column vc_column_container\"><div class=\"vc_column-inner\"><div class=\"wpb_wrapper\"><div class=\"w-text icon_atleft\"><a target=\"_blank\" href=\"https:\/\/nnpc-marine.com\/wp-content\/uploads\/2026\/02\/nnpc-verzekeringsvoorwaarden-fixed-premium-2026-v01.pdf\" class=\"w-text-h\"><i class=\"far fa-download\"><\/i><span class=\"w-text-value\">NNPC verzekeringsvoorwaarden Fixed Premium 2026<\/span><\/a><\/div><div class=\"w-separator size_custom with_line width_default thick_1 style_solid color_secondary align_center\" style=\"height:50px\"><div class=\"w-separator-h\"><\/div><\/div><div class=\"w-separator hide_on_default hide_on_laptops size_custom\" style=\"height:30px\"><\/div><\/div><\/div><\/div><\/div><\/div><\/section><section class=\"l-section wpb_row us_custom_eac59c77 height_medium\"><div class=\"l-section-h i-cf\"><div class=\"g-cols vc_row via_flex valign_top type_default stacking_default\"><div class=\"vc_col-sm-2\/5 wpb_column vc_column_container\"><div class=\"vc_column-inner\"><div class=\"wpb_wrapper\"><div class=\"w-separator hide_on_default hide_on_laptops hide_on_tablets size_custom\" style=\"height:30px\"><\/div><h2 class=\"w-text us_custom_1f257949\"><span class=\"w-text-h\"><span class=\"w-text-value\">NNPC verzekeringsvoorwaarden binnenvaart rechtsbijstand<\/span><\/span><\/h2><\/div><\/div><\/div><div class=\"vc_col-sm-3\/5 wpb_column vc_column_container\"><div class=\"vc_column-inner\"><div class=\"wpb_wrapper\"><div class=\"w-text icon_atleft\"><a target=\"_blank\" href=\"https:\/\/verzekeringskaarten.nl\/nnpc\/rechtsbijstand-beroepsvaart\" class=\"w-text-h\"><i class=\"far fa-download\"><\/i><span class=\"w-text-value\">Verzekeringskaart beroepsmatige vaart en particulieren<\/span><\/a><\/div><div class=\"w-separator size_custom with_line width_default thick_1 style_solid color_secondary align_center\" style=\"height:50px\"><div class=\"w-separator-h\"><\/div><\/div><div class=\"w-text icon_atleft\"><a target=\"_blank\" href=\"https:\/\/verzekeringskaarten.nl\/nnpc\/pleziervaartrechtsbijstand\" class=\"w-text-h\"><i class=\"far fa-download\"><\/i><span class=\"w-text-value\">Verzekeringskaart pleziervaart rechtbijstand<\/span><\/a><\/div><div class=\"w-separator size_custom with_line width_default thick_1 style_solid color_secondary align_center\" style=\"height:50px\"><div class=\"w-separator-h\"><\/div><\/div><div class=\"w-text icon_atleft\"><a target=\"_blank\" href=\"https:\/\/verzekeringskaarten.nl\/nnpc\/rechtsbijstand-wonen-op-het-water\" class=\"w-text-h\"><i class=\"far fa-download\"><\/i><span class=\"w-text-value\">Verzekeringskaart wonen op het water<\/span><\/a><\/div><div class=\"w-separator size_custom with_line width_default thick_1 style_solid color_secondary align_center\" style=\"height:50px\"><div class=\"w-separator-h\"><\/div><\/div><div class=\"w-separator hide_on_default hide_on_laptops size_custom\" style=\"height:30px\"><\/div><\/div><\/div><\/div><\/div><\/div><\/section><section class=\"l-section wpb_row height_auto width_full\"><div class=\"l-section-h i-cf\"><div class=\"g-cols vc_row via_flex valign_top type_default stacking_default\"><div class=\"vc_col-sm-12 wpb_column vc_column_container\"><div class=\"vc_column-inner\"><div class=\"wpb_wrapper\"><section class=\"l-section wpb_row us_custom_011a30f0 height_auto\" id=\"cheatsheets\"><div class=\"l-section-h i-cf\"><div class=\"g-cols vc_row via_flex valign_middle type_default reversed stacking_default\" style=\"--additional-gap:10px;\"><div class=\"vc_col-sm-6 wpb_column vc_column_container\"><div class=\"vc_column-inner\"><div class=\"wpb_wrapper\"><div class=\"w-separator hide_on_tablets hide_on_mobiles size_custom\" style=\"height:40px\"><\/div><div class=\"w-image us_custom_5f66d4b1 bottom-image hide_on_tablets hide_on_mobiles align_none\"><a href=\"#\" aria-label=\"cheatsheets\" class=\"w-image-h\"><img decoding=\"async\" width=\"807\" height=\"475\" src=\"https:\/\/nnpc-marine.com\/wp-content\/uploads\/2025\/06\/cheatsheets.png\" class=\"attachment-full size-full\" alt=\"\" loading=\"lazy\" srcset=\"https:\/\/nnpc-marine.com\/wp-content\/uploads\/2025\/06\/cheatsheets.png 807w, https:\/\/nnpc-marine.com\/wp-content\/uploads\/2025\/06\/cheatsheets-300x177.png 300w\" sizes=\"auto, (max-width: 807px) 100vw, 807px\" \/><\/a><\/div><div class=\"w-image us_custom_558ec5ca bottom-image hide_on_default hide_on_laptops align_none\"><a href=\"#\" aria-label=\"cheatsheets\" class=\"w-image-h\"><img decoding=\"async\" width=\"807\" height=\"475\" src=\"https:\/\/nnpc-marine.com\/wp-content\/uploads\/2025\/06\/cheatsheets.png\" class=\"attachment-full size-full\" alt=\"\" loading=\"lazy\" srcset=\"https:\/\/nnpc-marine.com\/wp-content\/uploads\/2025\/06\/cheatsheets.png 807w, https:\/\/nnpc-marine.com\/wp-content\/uploads\/2025\/06\/cheatsheets-300x177.png 300w\" sizes=\"auto, (max-width: 807px) 100vw, 807px\" \/><\/a><\/div><\/div><\/div><\/div><div class=\"vc_col-sm-6 wpb_column vc_column_container\"><div class=\"vc_column-inner\"><div class=\"wpb_wrapper\"><div class=\"w-separator size_custom\" style=\"height:50px\"><\/div><div class=\"wpb_text_column us_custom_dcd43b4d has_text_color\"><div class=\"wpb_wrapper\"><p>A quick reference on<br \/>\nkey maritime topics<\/p>\n<\/div><\/div><div class=\"w-separator size_custom\" style=\"height:30px\"><\/div><div class=\"wpb_text_column us_custom_7ef101eb has_text_color\"><div class=\"wpb_wrapper\"><p>Get yours now \u2013 simple, useful, and made with you in mind.<\/p>\n<ul>\n<li>Clear, practical sheets for everyday use.<\/li>\n<li>Easy to display in the office or on the bridge.<\/li>\n<li>Made for everyday challenges at sea and ashore.<\/li>\n<\/ul>\n<\/div><\/div><div class=\"w-separator size_custom\" style=\"height:40px\"><\/div><div class=\"w-btn-wrapper align_none\"><a class=\"w-btn us-btn-style_30\" href=\"https:\/\/nnpc-marine.com\/contact\/\"><span class=\"w-btn-label\">Request yours<\/span><\/a><\/div><div class=\"w-separator hide_on_tablets hide_on_mobiles size_custom\" style=\"height:50px\"><\/div><\/div><\/div><\/div><\/div><\/div><\/section>\n<\/div><\/div><\/div><\/div><\/div><\/section><section class=\"l-section wpb_row height_medium\"><div class=\"l-section-h i-cf\"><div class=\"g-cols vc_row via_flex valign_top type_default stacking_default\"><div class=\"vc_col-sm-2\/5 wpb_column vc_column_container\"><div class=\"vc_column-inner\"><div class=\"wpb_wrapper\"><div class=\"w-separator hide_on_default hide_on_laptops hide_on_tablets size_custom\" style=\"height:30px\"><\/div><h2 class=\"w-text us_custom_1f257949\"><span class=\"w-text-h\"><span class=\"w-text-value\">Solvency and Financial Condition<\/span><\/span><\/h2><\/div><\/div><\/div><div class=\"vc_col-sm-3\/5 wpb_column vc_column_container\"><div class=\"vc_column-inner\"><div class=\"wpb_wrapper\"><div class=\"w-text icon_atleft\"><a href=\"https:\/\/nnpc-marine.com\/wp-content\/uploads\/2025\/04\/2024-Rapportage-aan-publiek-NNPC.pdf\" class=\"w-text-h\"><i class=\"far fa-download\"><\/i><span class=\"w-text-value\">Solvency and Financial Condition Report 2024 NNPC<\/span><\/a><\/div><div class=\"w-separator size_custom with_line width_default thick_1 style_solid color_border align_center\" style=\"height:50px\"><div class=\"w-separator-h\"><\/div><\/div><div class=\"w-text icon_atleft\"><a href=\"https:\/\/nnpc-marine.com\/wp-content\/uploads\/2024\/04\/Rapportage-aan-publiek-NNPC-2023.pdf\" class=\"w-text-h\"><i class=\"far fa-download\"><\/i><span class=\"w-text-value\">Solvency and Financial Condition Report 2023 NNPC<\/span><\/a><\/div><div class=\"w-separator size_custom with_line width_default thick_1 style_solid color_border align_center\" style=\"height:50px\"><div class=\"w-separator-h\"><\/div><\/div><div class=\"w-text icon_atleft\"><a href=\"https:\/\/nnpc.tempurl.host\/wp-content\/uploads\/2023\/04\/2022-Rapportage-aan-publiek-NNPC.pdf\" class=\"w-text-h\"><i class=\"far fa-download\"><\/i><span class=\"w-text-value\">Solvency and Financial Condition Report 2022 NNPC<\/span><\/a><\/div><div class=\"w-separator size_custom with_line width_default thick_1 style_solid color_border align_center\" style=\"height:50px\"><div class=\"w-separator-h\"><\/div><\/div><div class=\"w-text icon_atleft\"><a href=\"https:\/\/nnpc.tempurl.host\/wp-content\/uploads\/2022\/04\/SII-Rapportage-aan-het-publiek-NNPC-2021.pdf\" class=\"w-text-h\"><i class=\"far fa-download\"><\/i><span class=\"w-text-value\">Solvency and Financial Condition Report 2021 NNPC<\/span><\/a><\/div><div class=\"w-separator size_custom with_line width_default thick_1 style_solid color_border align_center\" style=\"height:50px\"><div class=\"w-separator-h\"><\/div><\/div><div class=\"w-text icon_atleft\"><a href=\"https:\/\/nnpc-marine.com\/wp-content\/uploads\/2021\/11\/2020RapportageaanpubliekNNPCSFCR.pdf\" class=\"w-text-h\"><i class=\"far fa-download\"><\/i><span class=\"w-text-value\">Solvency and Financial Condition Report 2020 NNPC<\/span><\/a><\/div><div class=\"w-separator size_custom with_line width_default thick_1 style_solid color_border align_center\" style=\"height:50px\"><div class=\"w-separator-h\"><\/div><\/div><div class=\"w-text icon_atleft\"><a href=\"https:\/\/nnpc-marine.com\/wp-content\/uploads\/2020\/11\/NNPC_Privacy_Beleid_NL.pdf\" class=\"w-text-h\"><i class=\"far fa-download\"><\/i><span class=\"w-text-value\">Privacy Policy<\/span><\/a><\/div><div class=\"w-separator hide_on_default hide_on_laptops size_custom\" style=\"height:30px\"><\/div><\/div><\/div><\/div><\/div><\/div><\/section><section class=\"l-section wpb_row us_custom_eac59c77 height_medium\"><div class=\"l-section-h i-cf\"><div class=\"g-cols vc_row via_flex valign_top type_default stacking_default\"><div class=\"vc_col-sm-2\/5 wpb_column vc_column_container\"><div class=\"vc_column-inner\"><div class=\"wpb_wrapper\"><div class=\"w-separator hide_on_default hide_on_laptops hide_on_tablets size_custom\" style=\"height:30px\"><\/div><h2 class=\"w-text us_custom_1f257949\"><span class=\"w-text-h\"><span class=\"w-text-value\">Documents<\/span><\/span><\/h2><\/div><\/div><\/div><div class=\"vc_col-sm-3\/5 wpb_column vc_column_container\"><div class=\"vc_column-inner\"><div class=\"wpb_wrapper\"><div class=\"w-text icon_atleft\"><a target=\"_blank\" href=\"https:\/\/nnpc-marine.com\/wp-content\/uploads\/2021\/11\/2019Hatchsealingreport.pdf\" class=\"w-text-h\"><i class=\"far fa-download\"><\/i><span class=\"w-text-value\">Hatch sealing report<\/span><\/a><\/div><div class=\"w-separator size_custom with_line width_default thick_1 style_solid color_secondary align_center\" style=\"height:50px\"><div class=\"w-separator-h\"><\/div><\/div><div class=\"w-text icon_atleft\"><a target=\"_blank\" href=\"https:\/\/nnpc-marine.com\/wp-content\/uploads\/2021\/11\/HatchHoldpre-loadingchecklist.pdf\" class=\"w-text-h\"><i class=\"far fa-download\"><\/i><span class=\"w-text-value\">Hatch &amp; Hold pre-loading checklist<\/span><\/a><\/div><div class=\"w-separator size_custom with_line width_default thick_1 style_solid color_secondary align_center\" style=\"height:50px\"><div class=\"w-separator-h\"><\/div><\/div><div class=\"w-text icon_atleft\"><a target=\"_blank\" href=\"https:\/\/nnpc-marine.com\/wp-content\/uploads\/2021\/11\/20170511Draftsurvey.pdf\" class=\"w-text-h\"><i class=\"far fa-download\"><\/i><span class=\"w-text-value\">Draft survey report<\/span><\/a><\/div><div class=\"w-separator size_custom with_line width_default thick_1 style_solid color_secondary align_center\" style=\"height:50px\"><div class=\"w-separator-h\"><\/div><\/div><div class=\"w-text icon_atleft\"><a target=\"_blank\" href=\"https:\/\/nnpc-marine.com\/wp-content\/uploads\/2021\/11\/20170511MastersPre-loading.pdf\" class=\"w-text-h\"><i class=\"far fa-download\"><\/i><span class=\"w-text-value\">Master\u2019s pre-loading general<\/span><\/a><\/div><div class=\"w-separator size_custom with_line width_default thick_1 style_solid color_secondary align_center\" style=\"height:50px\"><div class=\"w-separator-h\"><\/div><\/div><div class=\"w-text icon_atleft\"><a target=\"_blank\" href=\"https:\/\/nnpc-marine.com\/wp-content\/uploads\/2021\/11\/20170511Pre-loadingstandaardformulier-SteelCoils.pdf\" class=\"w-text-h\"><i class=\"far fa-download\"><\/i><span class=\"w-text-value\">Master\u2019s pre-loading for steel cargoes<\/span><\/a><\/div><div class=\"w-separator size_custom with_line width_default thick_1 style_solid color_secondary align_center\" style=\"height:50px\"><div class=\"w-separator-h\"><\/div><\/div><div class=\"w-text icon_atleft\"><a target=\"_blank\" href=\"https:\/\/nnpc-marine.com\/wp-content\/uploads\/2021\/11\/rotterdams-garantieformulier-2008.pdf\" class=\"w-text-h\"><i class=\"far fa-download\"><\/i><span class=\"w-text-value\">Rotterdams garantieformulier 2008<\/span><\/a><\/div><div class=\"w-separator size_custom with_line width_default thick_1 style_solid color_secondary align_center\" style=\"height:50px\"><div class=\"w-separator-h\"><\/div><\/div><div class=\"w-text icon_atleft\"><a target=\"_blank\" href=\"https:\/\/nnpc-marine.com\/wp-content\/uploads\/2021\/11\/NNPCFirstresponseintheeventofstowawaydiscovery.pdf\" class=\"w-text-h\"><i class=\"far fa-download\"><\/i><span class=\"w-text-value\">NNPC Stowaway First response including questionnaire<\/span><\/a><\/div><div class=\"w-separator size_custom with_line width_default thick_1 style_solid color_secondary align_center\" style=\"height:50px\"><div class=\"w-separator-h\"><\/div><\/div><div class=\"w-text icon_atleft\"><a target=\"_blank\" href=\"https:\/\/nnpc-marine.com\/wp-content\/uploads\/2023\/09\/20230925-Letters-of-Indemnity.docx\" class=\"w-text-h\"><i class=\"far fa-download\"><\/i><span class=\"w-text-value\">Letters of Indemnity \u2013 users\u2019 guide<\/span><\/a><\/div><div class=\"w-separator size_custom with_line width_default thick_1 style_solid color_secondary align_center\" style=\"height:50px\"><div class=\"w-separator-h\"><\/div><\/div><div class=\"w-text icon_atleft\"><a target=\"_blank\" href=\"https:\/\/nnpc.nl\/wp-content\/uploads\/2023\/09\/LOI-A-Delivery-of-cargo-without-production-original-BL-without-bank-guarantee.docx\" class=\"w-text-h\"><i class=\"far fa-download\"><\/i><span class=\"w-text-value\">LOI A, Delivery of cargo without production original BL without bank guarantee<\/span><\/a><\/div><div class=\"w-separator size_custom with_line width_default thick_1 style_solid color_secondary align_center\" style=\"height:50px\"><div class=\"w-separator-h\"><\/div><\/div><div class=\"w-text icon_atleft\"><a target=\"_blank\" href=\"https:\/\/nnpc-marine.com\/wp-content\/uploads\/2023\/09\/LOI-AA-Delivery-of-cargo-without-production-original-BL-with-bank-guarantee.docx\" class=\"w-text-h\"><i class=\"far fa-download\"><\/i><span class=\"w-text-value\">LOI AA, Delivery of cargo without production original BL with bank guarantee<\/span><\/a><\/div><div class=\"w-separator size_custom with_line width_default thick_1 style_solid color_secondary align_center\" style=\"height:50px\"><div class=\"w-separator-h\"><\/div><\/div><div class=\"w-text icon_atleft\"><a target=\"_blank\" href=\"https:\/\/nnpc-marine.com\/wp-content\/uploads\/2023\/09\/LOI-B-Delivery-of-cargo-at-port-other-than-stated-in-BL-against-production-original-BL-without-bank-guarantee.docx\" class=\"w-text-h\"><i class=\"far fa-download\"><\/i><span class=\"w-text-value\">LOI B, Delivery of cargo at port other than stated in BL against production original BL, without bank guarantee<\/span><\/a><\/div><div class=\"w-separator size_custom with_line width_default thick_1 style_solid color_secondary align_center\" style=\"height:50px\"><div class=\"w-separator-h\"><\/div><\/div><div class=\"w-text icon_atleft\"><a target=\"_blank\" href=\"https:\/\/nnpc-marine.com\/wp-content\/uploads\/2023\/09\/LOI-BB-Delivery-of-cargo-at-port-other-than-stated-in-BL-against-production-original-BL-with-bank-guarantee.docx\" class=\"w-text-h\"><i class=\"far fa-download\"><\/i><span class=\"w-text-value\">LOI BB, Delivery of cargo at port other than stated in BL against production original BL, with bank guarantee<\/span><\/a><\/div><div class=\"w-separator size_custom with_line width_default thick_1 style_solid color_secondary align_center\" style=\"height:50px\"><div class=\"w-separator-h\"><\/div><\/div><div class=\"w-text icon_atleft\"><a target=\"_blank\" href=\"https:\/\/nnpc-marine.com\/wp-content\/uploads\/2023\/09\/LOI-C-Delivery-of-cargo-at-port-other-than-stated-in-BL-without-production-original-BL-without-bank-guarantee.docx\" class=\"w-text-h\"><i class=\"far fa-download\"><\/i><span class=\"w-text-value\">LOI C, Delivery of cargo at port other than stated in BL without production original BL, without bank guarantee<\/span><\/a><\/div><div class=\"w-separator size_custom with_line width_default thick_1 style_solid color_secondary align_center\" style=\"height:50px\"><div class=\"w-separator-h\"><\/div><\/div><div class=\"w-text icon_atleft\"><a target=\"_blank\" href=\"https:\/\/nnpc-marine.com\/wp-content\/uploads\/2023\/09\/LOI-CC-Delivery-of-cargo-at-port-other-than-stated-in-BL-without-production-original-BL-with-bank-guarantee.docx\" class=\"w-text-h\"><i class=\"far fa-download\"><\/i><span class=\"w-text-value\">LOI CC, Delivery of cargo at port other than stated in BL without production original BL, with bank guarantee<\/span><\/a><\/div><div class=\"w-separator size_custom with_line width_default thick_1 style_solid color_secondary align_center\" style=\"height:50px\"><div class=\"w-separator-h\"><\/div><\/div><div class=\"w-separator hide_on_default hide_on_laptops size_custom\" style=\"height:30px\"><\/div><\/div><\/div><\/div><\/div><\/div><\/section>\n","protected":false},"excerpt":{"rendered":"StartSeitenDownloadsAuf dieser Seite finden Sie eine \u00dcbersicht \u00fcber die verschiedenen Versicherungsbedingungen und weitere Informationen. \u00dcber den Link k\u00f6nnen Sie die Bedingungen und Informationen herunterladen, die f\u00fcr Sie relevant sind. Maritime Labour Convention Extension ClauseMaritime Labour Convention Extension Clause 2016NNPC statuten en verzekeringsvoorwaarden Mutual (IGA)NNPC statuten en verzekeringsvoorwaarden Mutual 2026NNPC verzekeringskaart Klasse 2 Freight, Demurrage and...","protected":false},"author":1,"featured_media":0,"parent":0,"menu_order":0,"comment_status":"closed","ping_status":"closed","template":"","meta":{"footnotes":""},"class_list":["post-9215","page","type-page","status-publish","hentry"],"_links":{"self":[{"href":"https:\/\/nnpc-marine.com\/de\/wp-json\/wp\/v2\/pages\/9215","targetHints":{"allow":["GET"]}}],"collection":[{"href":"https:\/\/nnpc-marine.com\/de\/wp-json\/wp\/v2\/pages"}],"about":[{"href":"https:\/\/nnpc-marine.com\/de\/wp-json\/wp\/v2\/types\/page"}],"author":[{"embeddable":true,"href":"https:\/\/nnpc-marine.com\/de\/wp-json\/wp\/v2\/users\/1"}],"replies":[{"embeddable":true,"href":"https:\/\/nnpc-marine.com\/de\/wp-json\/wp\/v2\/comments?post=9215"}],"version-history":[{"count":0,"href":"https:\/\/nnpc-marine.com\/de\/wp-json\/wp\/v2\/pages\/9215\/revisions"}],"wp:attachment":[{"href":"https:\/\/nnpc-marine.com\/de\/wp-json\/wp\/v2\/media?parent=9215"}],"curies":[{"name":"wp","href":"https:\/\/api.w.org\/{rel}","templated":true}]}}