{"id":9220,"date":"2021-06-30T19:51:01","date_gmt":"2021-06-30T19:51:01","guid":{"rendered":"https:\/\/nlnnpc-mashinaki.savviihq.com\/aktuelles-und-publikationen\/nieuwsbrief\/"},"modified":"2025-12-26T09:38:02","modified_gmt":"2025-12-26T09:38:02","slug":"newsletter","status":"publish","type":"page","link":"https:\/\/nnpc-marine.com\/de\/aktuelles-und-publikationen\/newsletter\/","title":{"rendered":"Newsletter"},"content":{"rendered":"<section class=\"l-section wpb_row us_custom_011a30f0 height_auto\"><div class=\"l-section-h i-cf\"><div class=\"g-cols vc_row via_flex valign_top type_default stacking_default\"><div class=\"vc_col-sm-12 wpb_column vc_column_container\"><div class=\"vc_column-inner\"><div class=\"wpb_wrapper\"><div class=\"w-separator size_custom\" style=\"height:25px\"><\/div><nav class=\"g-breadcrumbs us_custom_14f9dc19 has_text_color separator_icon align_left\" itemscope itemtype=\"http:\/\/schema.org\/BreadcrumbList\"><div class=\"g-breadcrumbs-item\" itemscope itemprop=\"itemListElement\" itemtype=\"http:\/\/schema.org\/ListItem\"><a itemprop=\"item\" href=\"https:\/\/nnpc-marine.com\/de\/\"><span itemprop=\"name\">Start<\/span><\/a><meta itemprop=\"position\" content=\"1\"\/><\/div><div class=\"g-breadcrumbs-separator\"><i class=\"far fa-angle-right\"><\/i><\/div><div class=\"g-breadcrumbs-item\">Seiten<\/div><\/nav><div class=\"w-separator size_custom\" style=\"height:25px\"><\/div><\/div><\/div><\/div><\/div><\/div><\/section><section class=\"l-section wpb_row height_medium\"><div class=\"l-section-h i-cf\"><div class=\"g-cols vc_row via_flex valign_top type_default stacking_default\"><div class=\"vc_col-sm-2 wpb_column vc_column_container\"><div class=\"vc_column-inner\"><div class=\"wpb_wrapper\"><\/div><\/div><\/div><div class=\"vc_col-sm-8 wpb_column vc_column_container\"><div class=\"vc_column-inner\"><div class=\"wpb_wrapper\"><h1 class=\"w-post-elm post_title align_left entry-title color_link_inherit\">Newsletter<\/h1><div class=\"w-separator size_custom\" style=\"height:20px\"><\/div><div class=\"wpb_text_column\"><div class=\"wpb_wrapper\"><p><strong>Bleiben Sie mit unserem zweimonatlichen Newsletter auf dem Laufenden<\/strong><\/p>\n<p>Was passiert in der See- und K\u00fcstenschifffahrt? Der kostenlose, zweimonatliche NNPC-Newsletter informiert Sie \u00fcber alles, was Sie \u00fcber maritime Neuigkeiten, Entwicklungen, Versicherungen und P&amp;I wissen m\u00f6chten. Dies ist die beste M\u00f6glichkeit, um auf dem Laufenden zu bleiben, direkt in Ihrem Posteingang.<\/p>\n<\/div><\/div><\/div><\/div><\/div><div class=\"vc_col-sm-2 wpb_column vc_column_container\"><div class=\"vc_column-inner\"><div class=\"wpb_wrapper\"><\/div><\/div><\/div><\/div><\/div><\/section><section class=\"l-section wpb_row us_custom_eac59c77 height_medium\"><div class=\"l-section-h i-cf\"><div class=\"g-cols vc_row via_flex valign_top type_default stacking_default\"><div class=\"vc_col-sm-6 wpb_column vc_column_container\"><div class=\"vc_column-inner\"><div class=\"wpb_wrapper\"><div class=\"wpb_text_column\"><div class=\"wpb_wrapper\"><h2>Newsletter anmelden<\/h2>\n<p>Ich m\u00f6chte den digitalen Newsletter von NNPC erhalten:<\/p>\n<\/div><\/div><div class=\"w-separator size_custom\" style=\"height:10px\"><\/div><div class=\"wpb_text_column\"><div class=\"wpb_wrapper\">                <div class=\"ml-form-embed\"\n                     data-account=\"3373972:k9u0l3q7d8\"\n                     data-form=\"5193029:m7u3m9\">\n                <\/div>\n            \n<\/div><\/div><div class=\"w-separator size_medium\"><\/div><\/div><\/div><\/div><div class=\"vc_col-sm-6 wpb_column vc_column_container\"><div class=\"vc_column-inner\"><div class=\"wpb_wrapper\"><div class=\"wpb_text_column\"><div class=\"wpb_wrapper\"><h2>Archiv<\/h2>\n<p><strong>2025<\/strong><\/p>\n<ul>\n<li><a href=\"https:\/\/preview.mailerlite.com\/s8c9v4c9n4\" target=\"_blank\" rel=\"noopener\">NNPC newsletter 06 | 2026<\/a><\/li>\n<li><a href=\"https:\/\/preview.mailerlite.com\/h4z6b0p9w4\" target=\"_blank\" rel=\"noopener\">NNPC newsletter 05 | 2025<\/a><\/li>\n<li><a href=\"https:\/\/preview.mailerlite.com\/x6v1s8r4d0\" target=\"_blank\" rel=\"noopener\">NNPC newsletter 04 | 2025<\/a><\/li>\n<li><a href=\"https:\/\/preview.mailerlite.com\/j7g6o5x6d3\" target=\"_blank\" rel=\"noopener\">NNPC newsletter 03 |2025<\/a><\/li>\n<li><a href=\"https:\/\/preview.mailerlite.com\/b7q1g4j4i6\" target=\"_blank\" rel=\"noopener\">NNPC newsletter 02 | 2025<\/a><\/li>\n<li><a href=\"https:\/\/preview.mailerlite.com\/g7v8c4p7e2\" target=\"_blank\" rel=\"noopener\">NNPC newsletter 01 | 2025<\/a><\/li>\n<\/ul>\n<p><strong>2024<\/strong><\/p>\n<ul>\n<li><a href=\"https:\/\/preview.mailerlite.com\/e4e6n2c1y7\" target=\"_blank\" rel=\"noopener\">NNPC newsletter 06 | 2024<\/a><\/li>\n<li><a href=\"https:\/\/preview.mailerlite.com\/y3k3h5o3t5\" target=\"_blank\" rel=\"noopener\">NNPC newsletter 05 | 2024<\/a><\/li>\n<li><a href=\"https:\/\/preview.mailerlite.com\/b1r5s4z8o6\" target=\"_blank\" rel=\"noopener\">NNPC newsletter 04 | 2024<\/a><\/li>\n<li><a href=\"https:\/\/preview.mailerlite.com\/b6b1h7t8f0\" target=\"_blank\" rel=\"noopener\">NNPC newsletter 03 | 2024<\/a><\/li>\n<li><a href=\"https:\/\/preview.mailerlite.com\/j1x5l8a7v4\" target=\"_blank\" rel=\"noopener\">NNPC newsletter 02 | 2024<\/a><\/li>\n<li><a href=\"https:\/\/preview.mailerlite.com\/l4z3j4x9x5\" target=\"_blank\" rel=\"noopener\">NNPC newsletter 01 | 2024<\/a><\/li>\n<\/ul>\n<p><strong>2023<\/strong><\/p>\n<ul>\n<li><a href=\"https:\/\/preview.mailerlite.com\/i4a8x2w6m8\" target=\"_blank\" rel=\"noopener\">NNPC newsletter 05 | 2023<\/a><\/li>\n<li><a href=\"https:\/\/preview.mailerlite.com\/s6o7d7t9d9\" target=\"_blank\" rel=\"noopener\">NNPC newsletter 04 | 2023<\/a><\/li>\n<li><a href=\"https:\/\/app.mailerlite.com\/q7v0n8e1k8\" target=\"_blank\" rel=\"noopener\">NNPC newsletter 03 | 2023<\/a><\/li>\n<li><a href=\"https:\/\/preview.mailerlite.com\/c9p4a6a4s3\" target=\"_blank\" rel=\"noopener\">NNPC newsletter 02 | 2023<\/a><\/li>\n<li><a href=\"https:\/\/preview.mailerlite.com\/b6v0v3a1v6\" target=\"_blank\" rel=\"noopener\">NNPC newsletter 01 |2023<\/a><\/li>\n<\/ul>\n<p><strong>2022<\/strong><\/p>\n<ul>\n<li><a href=\"https:\/\/preview.mailerlite.com\/j6t2q5o0z3\" target=\"_blank\" rel=\"noopener\">NNPC newsletter 06 | 2022<\/a><\/li>\n<li><a href=\"https:\/\/preview.mailerlite.com\/k2f0q7t1m3\" target=\"_blank\" rel=\"noopener\">NNPC newsletter 05 | 2022<\/a><\/li>\n<li><a href=\"https:\/\/preview.mailerlite.com\/q8h1k9l5b3\" target=\"_blank\" rel=\"noopener\">NNPC newsletter 04 | 2022<\/a><\/li>\n<li><a href=\"https:\/\/preview.mailerlite.com\/m0d5x4m0e5\" target=\"_blank\" rel=\"noopener\">NNPC newsletter 03 | 2022<\/a><\/li>\n<li><a href=\"https:\/\/preview.mailerlite.com\/s0t8c5m4z6\" target=\"_blank\" rel=\"noopener\">NNPC newsletter 02 | 2022<\/a><\/li>\n<li><a href=\"https:\/\/preview.mailerlite.com\/v1o4f6g6h1\" target=\"_blank\" rel=\"noopener\">NNPC newsletter 01 | 2022<\/a><\/li>\n<\/ul>\n<\/div><\/div><\/div><\/div><\/div><\/div><\/div><\/section>\n","protected":false},"excerpt":{"rendered":"StartSeitenNewsletterBleiben Sie mit unserem zweimonatlichen Newsletter auf dem Laufenden Was passiert in der See- und K\u00fcstenschifffahrt? Der kostenlose, zweimonatliche NNPC-Newsletter informiert Sie \u00fcber alles, was Sie \u00fcber maritime Neuigkeiten, Entwicklungen, Versicherungen und P&amp;I wissen m\u00f6chten. Dies ist die beste M\u00f6glichkeit, um auf dem Laufenden zu bleiben, direkt in Ihrem Posteingang. Newsletter anmelden Ich m\u00f6chte den...","protected":false},"author":1,"featured_media":0,"parent":9196,"menu_order":0,"comment_status":"closed","ping_status":"closed","template":"","meta":{"footnotes":""},"class_list":["post-9220","page","type-page","status-publish","hentry"],"_links":{"self":[{"href":"https:\/\/nnpc-marine.com\/de\/wp-json\/wp\/v2\/pages\/9220","targetHints":{"allow":["GET"]}}],"collection":[{"href":"https:\/\/nnpc-marine.com\/de\/wp-json\/wp\/v2\/pages"}],"about":[{"href":"https:\/\/nnpc-marine.com\/de\/wp-json\/wp\/v2\/types\/page"}],"author":[{"embeddable":true,"href":"https:\/\/nnpc-marine.com\/de\/wp-json\/wp\/v2\/users\/1"}],"replies":[{"embeddable":true,"href":"https:\/\/nnpc-marine.com\/de\/wp-json\/wp\/v2\/comments?post=9220"}],"version-history":[{"count":0,"href":"https:\/\/nnpc-marine.com\/de\/wp-json\/wp\/v2\/pages\/9220\/revisions"}],"up":[{"embeddable":true,"href":"https:\/\/nnpc-marine.com\/de\/wp-json\/wp\/v2\/pages\/9196"}],"wp:attachment":[{"href":"https:\/\/nnpc-marine.com\/de\/wp-json\/wp\/v2\/media?parent=9220"}],"curies":[{"name":"wp","href":"https:\/\/api.w.org\/{rel}","templated":true}]}}