{"id":9223,"date":"2021-06-30T19:50:26","date_gmt":"2021-06-30T19:50:26","guid":{"rendered":"https:\/\/nlnnpc-mashinaki.savviihq.com\/aktuelles-und-publikationen\/publicaties\/"},"modified":"2025-06-28T20:59:34","modified_gmt":"2025-06-28T20:59:34","slug":"publikationen","status":"publish","type":"page","link":"https:\/\/nnpc-marine.com\/de\/aktuelles-und-publikationen\/publikationen\/","title":{"rendered":"Publikationen"},"content":{"rendered":"<section class=\"l-section wpb_row us_custom_011a30f0 height_auto\"><div class=\"l-section-h i-cf\"><div class=\"g-cols vc_row via_flex valign_top type_default stacking_default\"><div class=\"vc_col-sm-12 wpb_column vc_column_container\"><div class=\"vc_column-inner\"><div class=\"wpb_wrapper\"><div class=\"w-separator size_custom\" style=\"height:25px\"><\/div><nav class=\"g-breadcrumbs us_custom_14f9dc19 has_text_color separator_icon align_left\" itemscope itemtype=\"http:\/\/schema.org\/BreadcrumbList\"><div class=\"g-breadcrumbs-item\" itemscope itemprop=\"itemListElement\" itemtype=\"http:\/\/schema.org\/ListItem\"><a itemprop=\"item\" href=\"https:\/\/nnpc-marine.com\/de\/\"><span itemprop=\"name\">Start<\/span><\/a><meta itemprop=\"position\" content=\"1\"\/><\/div><div class=\"g-breadcrumbs-separator\"><i class=\"far fa-angle-right\"><\/i><\/div><div class=\"g-breadcrumbs-item\">Seiten<\/div><\/nav><div class=\"w-separator size_custom\" style=\"height:25px\"><\/div><\/div><\/div><\/div><\/div><\/div><\/section><section class=\"l-section wpb_row height_medium\"><div class=\"l-section-h i-cf\"><div class=\"g-cols vc_row via_flex valign_top type_default stacking_default\"><div class=\"vc_col-sm-2 wpb_column vc_column_container\"><div class=\"vc_column-inner\"><div class=\"wpb_wrapper\"><\/div><\/div><\/div><div class=\"vc_col-sm-8 wpb_column vc_column_container\"><div class=\"vc_column-inner\"><div class=\"wpb_wrapper\"><h1 class=\"w-text us_custom_1f257949\"><span class=\"w-text-h\"><span class=\"w-text-value\">Publikationen<\/span><\/span><\/h1><div class=\"w-separator size_custom\" style=\"height:20px\"><\/div><div class=\"wpb_text_column\"><div class=\"wpb_wrapper\"><p><strong>Die Entwicklungen auf dem Gebiet des Risikomanagments gehen rasend schnell voran.<\/strong> Durch das Angebot von Workshops und Publikationen sowie durch unsere Website und Newsletter bleiben Sie und wir gleicherma\u00dfen \u00fcber die aktuellen Entwicklungen auf dem Laufenden.<\/p>\n<\/div><\/div><\/div><\/div><\/div><div class=\"vc_col-sm-2 wpb_column vc_column_container\"><div class=\"vc_column-inner\"><div class=\"wpb_wrapper\"><\/div><\/div><\/div><\/div><\/div><\/section><section class=\"l-section wpb_row us_custom_eac59c77 height_medium\"><div class=\"l-section-h i-cf\"><div class=\"g-cols vc_row via_flex valign_top type_default stacking_default\"><div class=\"vc_col-sm-12 wpb_column vc_column_container\"><div class=\"vc_column-inner\"><div class=\"wpb_wrapper\"><div class=\"w-grid us_grid type_grid layout_16465 cols_3 preload_style_spinner\" id=\"us_grid_1\" style=\"--columns:3;--gap:1.5rem;\" data-filterable=\"true\"><style>@media (max-width:1024px){#us_grid_1{--columns:2!important}}@media (max-width:600px){#us_grid_1{--columns:1!important}}.layout_16465 .w-grid-item-h{border-radius:0rem}.layout_16465 .usg_post_title_1{transition-duration:0.2s;transform-origin:50% 50%;transform:scale(1) translate(0%,0%)}.layout_16465 .w-grid-item-h:focus-within .usg_post_title_1,.layout_16465 .w-grid-item-h:hover .usg_post_title_1{transform:scale(1) translate(0%,0%);opacity:1;color:#173260!important}.layout_16465 .usg_post_title_1{color:var(--color-header-middle-text)!important;font-weight:600!important;margin-left:20px!important;margin-top:15px!important;margin-right:20px!important;background:var(--color-header-middle-bg)!important}.layout_16465 .usg_post_date_1{color:var(--color-content-faded)!important;font-size:14px!important;margin-left:20px!important;margin-bottom:15px!important;margin-right:20px!important;background:var(--color-header-middle-bg)!important}.layout_16465 .usg_post_image_1{border-radius:12px 12px 0px 0px!important}.layout_16465 .usg_vwrapper_1{border-radius:0px 0px 12px 12px!important;background:var(--color-header-middle-bg)!important}<\/style><div class=\"w-grid-list\">\t<article class=\"w-grid-item size_1x1 post-17728 post type-post status-publish format-standard has-post-thumbnail hentry category-publication-de\" data-id=\"17728\">\r\n\t\t<div class=\"w-grid-item-h\">\r\n\t\t\t\t\t\t<div class=\"w-post-elm post_image usg_post_image_1 stretched\"><a href=\"https:\/\/nnpc-marine.com\/de\/stowaway-prevention-practical-guide-to-reduce-risks-on-board\/\" aria-label=\"Stowaway prevention: Practical guide to reduce risks on board\"><img loading=\"lazy\" decoding=\"async\" width=\"1200\" height=\"670\" src=\"https:\/\/nnpc-marine.com\/wp-content\/uploads\/2025\/07\/publication-stowaway-label.jpg\" class=\"attachment-full size-full wp-post-image\" alt=\"\" srcset=\"https:\/\/nnpc-marine.com\/wp-content\/uploads\/2025\/07\/publication-stowaway-label.jpg 1200w, https:\/\/nnpc-marine.com\/wp-content\/uploads\/2025\/07\/publication-stowaway-label-300x168.jpg 300w, https:\/\/nnpc-marine.com\/wp-content\/uploads\/2025\/07\/publication-stowaway-label-1024x572.jpg 1024w\" sizes=\"auto, (max-width: 1200px) 100vw, 1200px\" \/><\/a><\/div><div class=\"w-vwrapper usg_vwrapper_1 align_none valign_top\" style=\"--vwrapper-gap:0rem\"><h3 class=\"w-post-elm post_title usg_post_title_1 has_text_color entry-title color_link_inherit\"><a href=\"https:\/\/nnpc-marine.com\/de\/stowaway-prevention-practical-guide-to-reduce-risks-on-board\/\">Stowaway prevention: Practical guide&hellip;<\/a><\/h3><time class=\"w-post-elm post_date usg_post_date_1 has_text_color entry-date published\" datetime=\"2025-07-11T13:07:06+00:00\">11. Juli 2025<\/time><\/div>\t\t<\/div>\r\n\t\t\t<\/article>\r\n\t<article class=\"w-grid-item size_1x1 post-11318 post type-post status-publish format-standard has-post-thumbnail hentry category-publication-de\" data-id=\"11318\">\r\n\t\t<div class=\"w-grid-item-h\">\r\n\t\t\t\t\t\t<div class=\"w-post-elm post_image usg_post_image_1 stretched\"><a href=\"https:\/\/nnpc-marine.com\/de\/nnpc-ballastwasser\/\" aria-label=\"NNPC Ballastwasser\"><img loading=\"lazy\" decoding=\"async\" width=\"1200\" height=\"670\" src=\"https:\/\/nnpc-marine.com\/wp-content\/uploads\/2025\/06\/NNPC_ballast_water.jpg\" class=\"attachment-full size-full wp-post-image\" alt=\"\" srcset=\"https:\/\/nnpc-marine.com\/wp-content\/uploads\/2025\/06\/NNPC_ballast_water.jpg 1200w, https:\/\/nnpc-marine.com\/wp-content\/uploads\/2025\/06\/NNPC_ballast_water-300x168.jpg 300w, https:\/\/nnpc-marine.com\/wp-content\/uploads\/2025\/06\/NNPC_ballast_water-1024x572.jpg 1024w\" sizes=\"auto, (max-width: 1200px) 100vw, 1200px\" \/><\/a><\/div><div class=\"w-vwrapper usg_vwrapper_1 align_none valign_top\" style=\"--vwrapper-gap:0rem\"><h3 class=\"w-post-elm post_title usg_post_title_1 has_text_color entry-title color_link_inherit\"><a href=\"https:\/\/nnpc-marine.com\/de\/nnpc-ballastwasser\/\">NNPC Ballastwasser<\/a><\/h3><time class=\"w-post-elm post_date usg_post_date_1 has_text_color entry-date published\" datetime=\"2023-02-21T22:35:19+00:00\">21. Februar 2023<\/time><\/div>\t\t<\/div>\r\n\t\t\t<\/article>\r\n\t<article class=\"w-grid-item size_1x1 post-9261 post type-post status-publish format-standard has-post-thumbnail hentry category-publication-de\" data-id=\"9261\">\r\n\t\t<div class=\"w-grid-item-h\">\r\n\t\t\t\t\t\t<div class=\"w-post-elm post_image usg_post_image_1 stretched\"><a href=\"https:\/\/nnpc-marine.com\/de\/nnpc-schadenpraevention-in-bezug-auf-ladungsfehlmengen\/\" aria-label=\"NNPC schadenpraevention in bezug auf ladungsfehlmengen\"><img loading=\"lazy\" decoding=\"async\" width=\"1200\" height=\"670\" src=\"https:\/\/nnpc-marine.com\/wp-content\/uploads\/2025\/06\/NNPC_loss_prevention_cargo_shortage.jpg\" class=\"attachment-full size-full wp-post-image\" alt=\"\" srcset=\"https:\/\/nnpc-marine.com\/wp-content\/uploads\/2025\/06\/NNPC_loss_prevention_cargo_shortage.jpg 1200w, https:\/\/nnpc-marine.com\/wp-content\/uploads\/2025\/06\/NNPC_loss_prevention_cargo_shortage-300x168.jpg 300w, https:\/\/nnpc-marine.com\/wp-content\/uploads\/2025\/06\/NNPC_loss_prevention_cargo_shortage-1024x572.jpg 1024w\" sizes=\"auto, (max-width: 1200px) 100vw, 1200px\" \/><\/a><\/div><div class=\"w-vwrapper usg_vwrapper_1 align_none valign_top\" style=\"--vwrapper-gap:0rem\"><h3 class=\"w-post-elm post_title usg_post_title_1 has_text_color entry-title color_link_inherit\"><a href=\"https:\/\/nnpc-marine.com\/de\/nnpc-schadenpraevention-in-bezug-auf-ladungsfehlmengen\/\">NNPC schadenpraevention in bezug auf&hellip;<\/a><\/h3><time class=\"w-post-elm post_date usg_post_date_1 has_text_color entry-date published\" datetime=\"2021-07-07T10:37:47+00:00\">7. Juli 2021<\/time><\/div>\t\t<\/div>\r\n\t\t\t<\/article>\r\n\t<article class=\"w-grid-item size_1x1 post-9259 post type-post status-publish format-standard has-post-thumbnail hentry category-publication-de\" data-id=\"9259\">\r\n\t\t<div class=\"w-grid-item-h\">\r\n\t\t\t\t\t\t<div class=\"w-post-elm post_image usg_post_image_1 stretched\"><a href=\"https:\/\/nnpc-marine.com\/de\/nnpc-schadenpraevention-beim-frachttransport\/\" aria-label=\"NNPC schadenpraevention beim frachttransport\"><img loading=\"lazy\" decoding=\"async\" width=\"1200\" height=\"670\" src=\"https:\/\/nnpc-marine.com\/wp-content\/uploads\/2025\/06\/NNPC_loss_prevention_carriage_cargo-.jpg\" class=\"attachment-full size-full wp-post-image\" alt=\"\" srcset=\"https:\/\/nnpc-marine.com\/wp-content\/uploads\/2025\/06\/NNPC_loss_prevention_carriage_cargo-.jpg 1200w, https:\/\/nnpc-marine.com\/wp-content\/uploads\/2025\/06\/NNPC_loss_prevention_carriage_cargo--300x168.jpg 300w, https:\/\/nnpc-marine.com\/wp-content\/uploads\/2025\/06\/NNPC_loss_prevention_carriage_cargo--1024x572.jpg 1024w\" sizes=\"auto, (max-width: 1200px) 100vw, 1200px\" \/><\/a><\/div><div class=\"w-vwrapper usg_vwrapper_1 align_none valign_top\" style=\"--vwrapper-gap:0rem\"><h3 class=\"w-post-elm post_title usg_post_title_1 has_text_color entry-title color_link_inherit\"><a href=\"https:\/\/nnpc-marine.com\/de\/nnpc-schadenpraevention-beim-frachttransport\/\">NNPC schadenpraevention beim frachttr&hellip;<\/a><\/h3><time class=\"w-post-elm post_date usg_post_date_1 has_text_color entry-date published\" datetime=\"2021-06-29T09:35:52+00:00\">29. Juni 2021<\/time><\/div>\t\t<\/div>\r\n\t\t\t<\/article>\r\n<\/div>\t<div class=\"w-grid-preloader\">\r\n\t\t<div class=\"g-preloader type_1\">\r\n\t\t\t<div><\/div>\r\n\t\t<\/div>\r\n\t<\/div>\r\n\t\t<div class=\"w-grid-json hidden\" onclick='return {&quot;action&quot;:&quot;us_ajax_grid&quot;,&quot;infinite_scroll&quot;:0,&quot;max_num_pages&quot;:1,&quot;pagination&quot;:&quot;none&quot;,&quot;template_vars&quot;:{&quot;columns&quot;:&quot;3&quot;,&quot;exclude_items&quot;:&quot;none&quot;,&quot;img_size&quot;:&quot;default&quot;,&quot;ignore_items_size&quot;:0,&quot;items_layout&quot;:&quot;16465&quot;,&quot;items_offset&quot;:&quot;1&quot;,&quot;load_animation&quot;:&quot;none&quot;,&quot;overriding_link&quot;:&quot;%7B%22url%22%3A%22%22%7D&quot;,&quot;post_id&quot;:0,&quot;query_args&quot;:{&quot;post_type&quot;:[&quot;post&quot;],&quot;tax_query&quot;:[{&quot;taxonomy&quot;:&quot;category&quot;,&quot;field&quot;:&quot;slug&quot;,&quot;terms&quot;:[&quot;publication&quot;]}],&quot;post_status&quot;:[&quot;publish&quot;],&quot;posts_per_page&quot;:&quot;12&quot;},&quot;orderby_query_args&quot;:{&quot;orderby&quot;:{&quot;date&quot;:&quot;DESC&quot;}},&quot;type&quot;:&quot;grid&quot;,&quot;us_grid_post_type&quot;:&quot;post&quot;,&quot;us_grid_ajax_index&quot;:1,&quot;us_grid_filter_query_string&quot;:null,&quot;us_grid_index&quot;:1,&quot;page_args&quot;:[],&quot;lang&quot;:&quot;de&quot;}}'><\/div>\r\n\t<\/div><\/div><\/div><\/div><\/div><\/div><\/section>\n","protected":false},"excerpt":{"rendered":"Frachtschaden kann passieren &#8211; aber die Risiken sind beherrschbar Der Noord Nederlandsche P&amp;I Club (NNPC) unterst\u00fctzt seine Mitglieder bereits seit knapp 80 Jahren mit Dienstleistungen zur Schadenpr\u00e4vention. Die Verh\u00fctung von Schaden spielt beim Risikomanagement eine wichtige Rolle und dient in Anbetracht des Prinzips der Gegenseitigkeit den Interessen aller NNPC-Mitglieder. Der Kapit\u00e4n und die Besatzung haben...","protected":false},"author":1,"featured_media":0,"parent":9196,"menu_order":0,"comment_status":"closed","ping_status":"closed","template":"","meta":{"footnotes":""},"class_list":["post-9223","page","type-page","status-publish","hentry"],"_links":{"self":[{"href":"https:\/\/nnpc-marine.com\/de\/wp-json\/wp\/v2\/pages\/9223","targetHints":{"allow":["GET"]}}],"collection":[{"href":"https:\/\/nnpc-marine.com\/de\/wp-json\/wp\/v2\/pages"}],"about":[{"href":"https:\/\/nnpc-marine.com\/de\/wp-json\/wp\/v2\/types\/page"}],"author":[{"embeddable":true,"href":"https:\/\/nnpc-marine.com\/de\/wp-json\/wp\/v2\/users\/1"}],"replies":[{"embeddable":true,"href":"https:\/\/nnpc-marine.com\/de\/wp-json\/wp\/v2\/comments?post=9223"}],"version-history":[{"count":0,"href":"https:\/\/nnpc-marine.com\/de\/wp-json\/wp\/v2\/pages\/9223\/revisions"}],"up":[{"embeddable":true,"href":"https:\/\/nnpc-marine.com\/de\/wp-json\/wp\/v2\/pages\/9196"}],"wp:attachment":[{"href":"https:\/\/nnpc-marine.com\/de\/wp-json\/wp\/v2\/media?parent=9223"}],"curies":[{"name":"wp","href":"https:\/\/api.w.org\/{rel}","templated":true}]}}