{"id":9880,"date":"2021-12-08T16:19:45","date_gmt":"2021-12-08T16:19:45","guid":{"rendered":"https:\/\/nlnnpc-mashinaki.savviihq.com\/ueber-nnpc\/unsere-spezialisten\/rob-beets\/"},"modified":"2026-01-26T13:28:50","modified_gmt":"2026-01-26T13:28:50","slug":"rob-beets","status":"publish","type":"page","link":"https:\/\/nnpc-marine.com\/de\/ueber-nnpc\/unsere-spezialisten\/rob-beets\/","title":{"rendered":"Robert W.J. Beets"},"content":{"rendered":"<section class=\"l-section wpb_row height_auto width_full\"><div class=\"l-section-h i-cf\"><div class=\"g-cols vc_row via_flex valign_top type_default stacking_default\"><div class=\"vc_col-sm-12 wpb_column vc_column_container\"><div class=\"vc_column-inner\"><div class=\"wpb_wrapper\"><section class=\"l-section wpb_row us_custom_6b927907 height_medium\"><div class=\"l-section-h i-cf\"><div class=\"g-cols vc_row via_flex valign_top type_default stacking_default\"><div class=\"vc_col-sm-12 wpb_column vc_column_container\"><div class=\"vc_column-inner\"><div class=\"wpb_wrapper\"><div class=\"wpb_text_column us_custom_68ae8862 has_text_color\"><div class=\"wpb_wrapper\"><p>\u00dcber NNPC<\/p>\n<\/div><\/div><div class=\"w-image us_custom_636cd958 us_animate_this hide_on_tablets hide_on_mobiles align_right\"><div class=\"w-image-h\"><img decoding=\"async\" width=\"350\" height=\"350\" src=\"https:\/\/nnpc-marine.com\/wp-content\/uploads\/2025\/06\/ster3.png\" class=\"attachment-full size-full\" alt=\"\" loading=\"lazy\" srcset=\"https:\/\/nnpc-marine.com\/wp-content\/uploads\/2025\/06\/ster3.png 350w, https:\/\/nnpc-marine.com\/wp-content\/uploads\/2025\/06\/ster3-300x300.png 300w, https:\/\/nnpc-marine.com\/wp-content\/uploads\/2025\/06\/ster3-150x150.png 150w\" sizes=\"auto, (max-width: 350px) 100vw, 350px\" \/><\/div><\/div><\/div><\/div><\/div><\/div><\/div><\/section>\n<\/div><\/div><\/div><\/div><\/div><\/section><section class=\"l-section wpb_row height_small\"><div class=\"l-section-h i-cf\"><div class=\"g-cols vc_row via_flex valign_top type_default stacking_default\"><div class=\"vc_col-sm-2 wpb_column vc_column_container\"><div class=\"vc_column-inner\"><div class=\"wpb_wrapper\"><\/div><\/div><\/div><div class=\"vc_col-sm-8 wpb_column vc_column_container\"><div class=\"vc_column-inner\"><div class=\"wpb_wrapper\"><div class=\"w-text us_custom_80a192e9 icon_atleft\"><a href=\"https:\/\/nnpc-marine.com\/de\/ueber-nnpc\/unsere-spezialisten\/\" class=\"w-text-h\"><i class=\"fas fa-long-arrow-left\"><\/i><span class=\"w-text-value\">Unsere Spezialisten<\/span><\/a><\/div><div class=\"w-separator size_custom\" style=\"height:30px\"><\/div><h1 class=\"w-post-elm post_title align_center entry-title color_link_inherit\">Robert W.J. Beets<\/h1><div class=\"wpb_text_column us_custom_d59980a0 has_text_color\"><div class=\"wpb_wrapper\"><p style=\"text-align: center;\">Chairman Board of Directors<\/p>\n<\/div><\/div><div class=\"w-separator hide_on_tablets hide_on_mobiles size_custom\" style=\"height:30px\"><\/div><\/div><\/div><\/div><div class=\"vc_col-sm-2 wpb_column vc_column_container\"><div class=\"vc_column-inner\"><div class=\"wpb_wrapper\"><\/div><\/div><\/div><\/div><\/div><\/section><section class=\"l-section wpb_row height_auto\"><div class=\"l-section-h i-cf\"><div class=\"g-cols vc_row via_flex valign_top type_default stacking_default\"><div class=\"vc_col-sm-2 wpb_column vc_column_container\"><div class=\"vc_column-inner\"><div class=\"wpb_wrapper\"><\/div><\/div><\/div><div class=\"vc_col-sm-8 wpb_column vc_column_container\"><div class=\"vc_column-inner\"><div class=\"wpb_wrapper\"><div class=\"g-cols wpb_row via_flex valign_top type_default stacking_default\"><div class=\"vc_col-sm-6 wpb_column vc_column_container\"><div class=\"vc_column-inner\"><div class=\"wpb_wrapper\"><div class=\"w-image us_custom_7cd9500e align_center\"><div class=\"w-image-h\"><img decoding=\"async\" width=\"500\" height=\"532\" src=\"https:\/\/nnpc-marine.com\/wp-content\/uploads\/2021\/06\/profiel-robbeets.jpg\" class=\"attachment-full size-full\" alt=\"\" loading=\"lazy\" srcset=\"https:\/\/nnpc-marine.com\/wp-content\/uploads\/2021\/06\/profiel-robbeets.jpg 500w, https:\/\/nnpc-marine.com\/wp-content\/uploads\/2021\/06\/profiel-robbeets-282x300.jpg 282w\" sizes=\"auto, (max-width: 500px) 100vw, 500px\" \/><\/div><\/div><div class=\"w-separator size_custom\" style=\"height:30px\"><\/div><div class=\"wpb_text_column us_custom_6c9a0c76\"><div class=\"wpb_wrapper\"><p style=\"text-align: left;\"><strong>E-mail<\/strong><br \/>\n<a href=\"mailto:rwj.beets@nnpc-marine.com\">rwj.beets@nnpc-marine.com<\/a><\/p>\n<\/div><\/div><div class=\"w-separator size_custom\" style=\"height:20px\"><\/div><div class=\"wpb_text_column us_custom_6c9a0c76\"><div class=\"wpb_wrapper\"><p><strong>Mobilfunknummer<\/strong><br \/>\n<a href=\"tel:+31654325185\">+31 (0)6 54 32 51 85<\/a><\/p>\n<\/div><\/div><div class=\"w-separator size_custom\" style=\"height:40px\"><\/div><div class=\"w-text us_custom_6c9a0c76 hide_on_default hide_on_laptops hide_on_tablets hide_on_mobiles icon_atleft\"><a href=\"#\" class=\"w-text-h\"><i class=\"far fa-download\"><\/i><span class=\"w-text-value\">Download V-card<\/span><\/a><\/div><div class=\"w-separator size_custom\" style=\"height:20px\"><\/div><\/div><\/div><\/div><div class=\"vc_col-sm-6 wpb_column vc_column_container\"><div class=\"vc_column-inner\"><div class=\"wpb_wrapper\"><h2 class=\"w-text\"><span class=\"w-text-h\"><span class=\"w-text-value\">Biographie<\/span><\/span><\/h2><div class=\"w-separator size_custom\" style=\"height:20px\"><\/div><div class=\"wpb_text_column\"><div class=\"wpb_wrapper\"><p><strong>Position beim NNPC<\/strong><br \/>\nIch begann 1996 beim NNPC in der Schadensabteilung, wurde 2005 Gesch\u00e4ftsf\u00fchrer und 2012 Vorsitzender des Vorstands. In dieser Funktion bin ich unter anderem f\u00fcr die Kultur und Strategie unseres Unternehmens sowie f\u00fcr die R\u00fcckversicherungen zust\u00e4ndig. Ich leite den Vorstand und bin f\u00fcr den Kontakt zum Aufsichtsrat und zum Unternehmensbeirat verantwortlich.<\/p>\n<p><strong>Was ist das Besondere an diesem Verein?<\/strong><br \/>\nBeim NNPC kommt alles zusammen: das gesamte Spektrum der finanziellen, internationalen und rechtlichen Aspekte im Bereich der maritimen Versicherungen. All dies unter der Aufsicht der niederl\u00e4ndischen Zentralbank. Genau diese Komplexit\u00e4t finde ich interessant. Wir sind ein kleines Unternehmen, das auf hohem Niveau auf dem internationalen P&amp;I-Markt aktiv ist.<\/p>\n<p><strong>Pers\u00f6nliche Vision<\/strong><br \/>\nF\u00fcr mich ist es sehr wichtig, dass der NNPC f\u00fcr unsere Grunds\u00e4tze als Versicherungsverein auf Gegenseitigkeit einsteht. In dieser Eigenschaft vertreten wir die Interessen von dreihundert Seeschiffen sowie die Interessen von 5.100 Schiffen, die im Rahmen der Charterer-Haftpflicht versichert sind, mit einer Gesamtbruttoraumzahl von 60 Millionen GT.<\/p>\n<\/div><\/div><\/div><\/div><\/div><\/div><\/div><\/div><\/div><div class=\"vc_col-sm-2 wpb_column vc_column_container\"><div class=\"vc_column-inner\"><div class=\"wpb_wrapper\"><\/div><\/div><\/div><\/div><\/div><\/section><section class=\"l-section wpb_row height_auto\"><div class=\"l-section-h i-cf\"><div class=\"g-cols vc_row via_flex valign_top type_default stacking_default\"><div class=\"vc_col-sm-12 wpb_column vc_column_container\"><div class=\"vc_column-inner\"><div class=\"wpb_wrapper\"><div class=\"w-separator size_large\"><\/div><\/div><\/div><\/div><\/div><\/div><\/section>\n","protected":false},"excerpt":{"rendered":"\u00dcber NNPC Unsere SpezialistenRobert W.J. BeetsChairman Board of Directors E-mail rwj.beets@nnpc-marine.com Mobilfunknummer +31 (0)6 54 32 51 85 Download V-cardBiographiePosition beim NNPC Ich begann 1996 beim NNPC in der Schadensabteilung, wurde 2005 Gesch\u00e4ftsf\u00fchrer und 2012 Vorsitzender des Vorstands. In dieser Funktion bin ich unter anderem f\u00fcr die Kultur und Strategie unseres Unternehmens sowie f\u00fcr die...","protected":false},"author":1,"featured_media":8104,"parent":9157,"menu_order":0,"comment_status":"closed","ping_status":"closed","template":"","meta":{"footnotes":""},"class_list":["post-9880","page","type-page","status-publish","has-post-thumbnail","hentry"],"_links":{"self":[{"href":"https:\/\/nnpc-marine.com\/de\/wp-json\/wp\/v2\/pages\/9880","targetHints":{"allow":["GET"]}}],"collection":[{"href":"https:\/\/nnpc-marine.com\/de\/wp-json\/wp\/v2\/pages"}],"about":[{"href":"https:\/\/nnpc-marine.com\/de\/wp-json\/wp\/v2\/types\/page"}],"author":[{"embeddable":true,"href":"https:\/\/nnpc-marine.com\/de\/wp-json\/wp\/v2\/users\/1"}],"replies":[{"embeddable":true,"href":"https:\/\/nnpc-marine.com\/de\/wp-json\/wp\/v2\/comments?post=9880"}],"version-history":[{"count":0,"href":"https:\/\/nnpc-marine.com\/de\/wp-json\/wp\/v2\/pages\/9880\/revisions"}],"up":[{"embeddable":true,"href":"https:\/\/nnpc-marine.com\/de\/wp-json\/wp\/v2\/pages\/9157"}],"wp:featuredmedia":[{"embeddable":true,"href":"https:\/\/nnpc-marine.com\/de\/wp-json\/wp\/v2\/media\/8104"}],"wp:attachment":[{"href":"https:\/\/nnpc-marine.com\/de\/wp-json\/wp\/v2\/media?parent=9880"}],"curies":[{"name":"wp","href":"https:\/\/api.w.org\/{rel}","templated":true}]}}