{"id":9920,"date":"2020-11-03T09:40:32","date_gmt":"2020-11-03T09:40:32","guid":{"rendered":"https:\/\/nlnnpc-mashinaki.savviihq.com\/privacy-policy\/"},"modified":"2025-07-15T13:32:53","modified_gmt":"2025-07-15T13:32:53","slug":"privacy-policy","status":"publish","type":"page","link":"https:\/\/nnpc-marine.com\/de\/privacy-policy\/","title":{"rendered":"Privacy Policy"},"content":{"rendered":"<section class=\"l-section wpb_row us_custom_011a30f0 height_auto\"><div class=\"l-section-h i-cf\"><div class=\"g-cols vc_row via_flex valign_top type_default stacking_default\"><div class=\"vc_col-sm-12 wpb_column vc_column_container\"><div class=\"vc_column-inner\"><div class=\"wpb_wrapper\"><div class=\"w-separator size_custom\" style=\"height:25px\"><\/div><nav class=\"g-breadcrumbs us_custom_14f9dc19 has_text_color separator_icon align_left\" itemscope itemtype=\"http:\/\/schema.org\/BreadcrumbList\"><div class=\"g-breadcrumbs-item\" itemscope itemprop=\"itemListElement\" itemtype=\"http:\/\/schema.org\/ListItem\"><a itemprop=\"item\" href=\"https:\/\/nnpc-marine.com\/de\/\"><span itemprop=\"name\">Start<\/span><\/a><meta itemprop=\"position\" content=\"1\"\/><\/div><div class=\"g-breadcrumbs-separator\"><i class=\"far fa-angle-right\"><\/i><\/div><div class=\"g-breadcrumbs-item\">Seiten<\/div><\/nav><div class=\"w-separator size_custom\" style=\"height:25px\"><\/div><\/div><\/div><\/div><\/div><\/div><\/section><section class=\"l-section wpb_row height_medium\"><div class=\"l-section-h i-cf\"><div class=\"g-cols vc_row via_flex valign_top type_default stacking_default\"><div class=\"vc_col-sm-2 wpb_column vc_column_container\"><div class=\"vc_column-inner\"><div class=\"wpb_wrapper\"><\/div><\/div><\/div><div class=\"vc_col-sm-8 wpb_column vc_column_container\"><div class=\"vc_column-inner\"><div class=\"wpb_wrapper\"><h1 class=\"w-text\"><span class=\"w-text-h\"><span class=\"w-text-value\">Datenschutzrichtlinie f\u00fcr Mitglieder, Lieferanten und Nutzer der NNPC-Website (2024)<\/span><\/span><\/h1><div class=\"w-separator size_custom\" style=\"height:20px\"><\/div><div class=\"wpb_text_column\"><div class=\"wpb_wrapper\"><p>Dies ist die Datenschutzrichtlinie (im Folgenden \u201eRichtlinie\u201c genannt) der gegenseitigen Versicherungsgesellschaft \u2018Noord Nederlandsche P&amp;I Club\u2019 U.A. sowie der Gesellschaften, an denen NNPC eine Mehrheitsbeteiligung h\u00e4lt, n\u00e4mlich NNPC Rechtsbijstand B.V., NNPC Management B.V. handelnd unter dem Namen NNPC Marine Insurance, NNPC Logistics B.V. und NNPC MGA B.V., im Folgenden gemeinsam \u201eNNPC\u201c genannt. NNPC ist f\u00fcr die Verarbeitung personenbezogener Daten verantwortlich. Diese Richtlinie gilt f\u00fcr alle Personen, die die NNPC-Website nutzen, die Mitglieder\/Versicherten von NNPC sowie die Lieferanten von NNPC.<\/p>\n<\/div><\/div><\/div><\/div><\/div><div class=\"vc_col-sm-2 wpb_column vc_column_container\"><div class=\"vc_column-inner\"><div class=\"wpb_wrapper\"><\/div><\/div><\/div><\/div><\/div><\/section><section class=\"l-section wpb_row us_custom_eac59c77 height_medium\"><div class=\"l-section-h i-cf\"><div class=\"g-cols vc_row via_flex valign_top type_default stacking_default\"><div class=\"vc_col-sm-2 wpb_column vc_column_container\"><div class=\"vc_column-inner\"><div class=\"wpb_wrapper\"><\/div><\/div><\/div><div class=\"vc_col-sm-8 wpb_column vc_column_container\"><div class=\"vc_column-inner\"><div class=\"wpb_wrapper\"><div class=\"wpb_text_column\"><div class=\"wpb_wrapper\"><p>Diese Richtlinie informiert Sie \u00fcber die Verarbeitung Ihrer personenbezogenen Daten und dar\u00fcber, wie wir mit Ihren personenbezogenen Daten umgehen. Sollten Sie nach dem Lesen dieser Richtlinie noch Fragen haben, k\u00f6nnen Sie uns \u00fcber die im letzten Absatz angegebenen Kontaktdaten erreichen.<\/p>\n<p>Wir gehen sorgf\u00e4ltig mit Ihren personenbezogenen Daten um und stellen sicher, dass jede Verarbeitung Ihrer personenbezogenen Daten den geltenden Gesetzen und Vorschriften entspricht. Wir bem\u00fchen uns, Ihre Privatsph\u00e4re zu sch\u00fctzen und gleichzeitig unseren Service so pers\u00f6nlich wie m\u00f6glich zu gestalten.<\/p>\n<\/div><\/div><div class=\"w-separator size_medium\"><\/div><div class=\"wpb_text_column\"><div class=\"wpb_wrapper\"><h2>Arten personenbezogener Daten<\/h2>\n<p>Wij verwerken uiteenlopende persoonsgegevens. Voorbeelden van de gegevens die kunnen worden verwerkt zijn:<\/p>\n<p><span>Wir verarbeiten verschiedene personenbezogene Daten. Beispiele f\u00fcr Daten, die verarbeitet werden k\u00f6nnen, sind:<\/span><\/p>\n<ul>\n<li><span>Firmenname und Informationen zu Schiffen, Ladung und deren Sicherung;<\/span><\/li>\n<li><span>Daten \u00fcber den rechtlichen Eigent\u00fcmer der Schiffe, wie Name, vollst\u00e4ndige Gesch\u00e4ftsadresse, Website und eventuelle Mitversicherte;<\/span><\/li>\n<li><span>Daten zu Kontaktpersonen im Unternehmen, wie vollst\u00e4ndiger Name, Initialen, Geschlecht und Funktion;<\/span><\/li>\n<li><span>Daten zu beteiligten Maklern, Agenten, Rechtsanw\u00e4lten und Schadensbearbeitern, wie vollst\u00e4ndiger Name, Initialen, Geschlecht und Funktion;<\/span><\/li>\n<li><span>Namen der beteiligten Sachverst\u00e4ndigen;<\/span><\/li>\n<li><span>Namen, Geburtsdaten, Ausweis- oder Seefahrtsbuchnummern der Besatzungsmitglieder, sofern f\u00fcr die Schadensabwicklung erforderlich;<\/span><\/li>\n<li><span>Arbeitsbedingungen der Besatzungsmitglieder;<\/span><\/li>\n<li><span>Medizinische Berichte, soweit erforderlich und nicht mehr als erforderlich zur Beurteilung Ihres Antrags;<\/span><\/li>\n<li><span>Fotos und\/oder Videoaufnahmen von Vorf\u00e4llen;<\/span><\/li>\n<li><span>Zeugenaussagen;<\/span><\/li>\n<li><span>Kontaktdaten wie Gesch\u00e4ftsadresse, E-Mail-Adresse, Telefon- und Faxnummer(n);<\/span><\/li>\n<li><span>Ihre Aktennummer bei NNPC;<\/span><\/li>\n<li><span>Ihre IP-Adresse, falls Sie unsere Website besuchen;<\/span><\/li>\n<li><span>Informationen \u00fcber etwaige Schadenszahlungen;<\/span><\/li>\n<li><span>Daten bez\u00fcglich der Zertifizierung des Schiffes;<\/span><\/li>\n<li><span>Fotos und Videoaufnahmen zu Sch\u00e4den;<\/span><\/li>\n<li><span>Informationen aus relevanter Korrespondenz;<\/span><\/li>\n<li><span>Fotos von Veranstaltungen;<\/span><\/li>\n<li><span>Weitere im Zusammenhang mit dem Abschluss eines Produkts oder der Schadensabwicklung bereitgestellte Informationen.<\/span><\/li>\n<\/ul>\n<\/div><\/div><div class=\"w-separator size_medium\"><\/div><div class=\"wpb_text_column\"><div class=\"wpb_wrapper\"><h2>Verwendung personenbezogener Daten<\/h2>\n<p>Wir erheben Ihre personenbezogenen Daten unter anderem, wenn Sie diese \u00fcber unsere Website \u00fcbermitteln (z.B. \u00fcber das Kontaktformular), wenn Sie eine Versicherung abschlie\u00dfen, einen Schaden melden oder unseren Newsletter abonnieren.<\/p>\n<p>Wir verwenden Ihre personenbezogenen Daten ausschlie\u00dflich zu den Zwecken, f\u00fcr die Sie uns diese zur Verf\u00fcgung gestellt haben. Wenn Sie beispielsweise personenbezogene Daten bereitstellen im Zusammenhang mit:<\/p>\n<ul>\n<li><span>einer Anfrage zu unseren Dienstleistungen und Produkten, verarbeiten wir Ihre personenbezogenen Daten nur zur Erf\u00fcllung dieser Anfrage;<\/span><\/li>\n<li><span>dem Abschluss einer Versicherung oder der Meldung eines Schadens, verarbeiten wir Ihre personenbezogenen Daten nur f\u00fcr den Annahmeprozess, die Durchf\u00fchrung der von Ihnen gew\u00fcnschten Versicherung(en), die Einziehung der Pr\u00e4mien sowie die (finanzielle) Abwicklung der gemeldeten Sch\u00e4den;<\/span><\/li>\n<li><span>dem Erhalt unseres Newsletters und Einladungen zu Veranstaltungen, verarbeiten wir Ihre personenbezogenen Daten nur, um Ihnen den Newsletter oder eine Einladung zuzusenden.<\/span><\/li>\n<\/ul>\n<p>Dar\u00fcber hinaus verwenden wir Ihre personenbezogenen Daten, um Sie \u00fcber Produkte und Dienstleistungen zu informieren, die f\u00fcr Sie von Interesse sein k\u00f6nnten, sowie f\u00fcr den Versand von Umfrageformularen im Rahmen unserer Kundenzufriedenheitsuntersuchungen. Die Rechtsgrundlagen f\u00fcr die Verarbeitung Ihrer personenbezogenen Daten zu diesen Zwecken sind die Vertragserf\u00fcllung, die berechtigten Interessen von NNPC und in einigen F\u00e4llen Ihre Einwilligung. Wenn Sie keine derartigen Informationen erhalten m\u00f6chten, k\u00f6nnen Sie uns kontaktieren. Unsere Kontaktdaten finden Sie am Ende dieser Richtlinie.<\/p>\n<p>Die oben genannten Zwecke (Gr\u00fcnde) f\u00fcr die Verarbeitung Ihrer personenbezogenen Daten stellen auch die gesetzlichen Grundlagen f\u00fcr diese Verarbeitung dar, n\u00e4mlich die Erforderlichkeit der Verarbeitung: (i) zur Erf\u00fcllung des Vertrags mit Ihnen; (ii) zur Wahrung unserer berechtigten Interessen an einem ordnungsgem\u00e4\u00dfen und effizienten Gesch\u00e4ftsbetrieb; (iii) Ihre Einwilligung; und (iv) zur Erf\u00fcllung gesetzlicher Verpflichtungen. Soweit die Grundlage der Verarbeitung Ihrer personenbezogenen Daten unser berechtigtes Interesse ist, ber\u00fccksichtigen wir stets auch Ihr Interesse am Schutz Ihrer Privatsph\u00e4re.<\/p>\n<\/div><\/div><div class=\"w-separator size_medium\"><\/div><div class=\"wpb_text_column\"><div class=\"wpb_wrapper\"><h2>Zugriff und Weitergabe Ihrer personenbezogenen Daten an Dritte<\/h2>\n<p>Mitarbeiter von NNPC, die f\u00fcr die Ausf\u00fchrung ihrer Aufgaben und die oben genannten Zwecke Zugriff auf Ihre personenbezogenen Daten ben\u00f6tigen, haben Zugriff auf diese Daten.<\/p>\n<p>Ihre personenbezogenen Daten werden bei Arcus IT gespeichert und sind somit f\u00fcr Arcus IT zug\u00e4nglich. Arcus IT ist unser Netzwerkadministrator und sorgt zudem f\u00fcr die sichere Speicherung aller Daten.<\/p>\n<p>Unser Website-Administrator hat ebenfalls Zugriff auf die Daten, die Sie uns \u00fcber unsere Website \u00fcbermitteln, einschlie\u00dflich der Daten, die Sie im Kontaktformular eingeben.<\/p>\n<p>Ansonsten werden Ihre Daten nicht an Dritte weitergegeben.<\/p>\n<\/div><\/div><div class=\"w-separator size_medium\"><\/div><div class=\"wpb_text_column\"><div class=\"wpb_wrapper\"><h2>Aufbewahrungsfrist<\/h2>\n<p>Personenbezogene Daten werden nicht l\u00e4nger als notwendig f\u00fcr die Zwecke, f\u00fcr die sie erhoben oder weiterverarbeitet wurden, gespeichert. Die Aufbewahrungsdauer kann je nach Kategorie der personenbezogenen Daten variieren.<\/p>\n<p>Nach Beendigung der Versicherung und\/oder Abwicklung des Schadens werden Ihre personenbezogenen Daten grunds\u00e4tzlich noch 2 Jahre aufbewahrt, sofern nicht eine l\u00e4ngere Speicherung aufgrund gesetzlicher Pflichten oder anderer legitimer Gr\u00fcnde erforderlich ist.<\/p>\n<\/div><\/div><div class=\"w-separator size_medium\"><\/div><div class=\"wpb_text_column\"><div class=\"wpb_wrapper\"><h2>Sicherheit personenbezogener Daten<\/h2>\n<p>NNPC hat angemessene technische und organisatorische Ma\u00dfnahmen getroffen, um Ihre personenbezogenen Daten vor Verlust oder unrechtm\u00e4\u00dfiger Verarbeitung zu sch\u00fctzen, einschlie\u00dflich, aber nicht beschr\u00e4nkt auf Passwortschutz, sichere Datenspeicherung, einen physischen Tresor und eine Alarmanlage zur Sicherung der Gesch\u00e4ftsr\u00e4ume.<\/p>\n<\/div><\/div><div class=\"w-separator size_medium\"><\/div><div class=\"wpb_text_column\"><div class=\"wpb_wrapper\"><h2>Keine Cookies<\/h2>\n<p>Unsere Website verwendet keine Cookies, sondern Logfiles. Mithilfe dieser Logfiles erhalten wir folgende Informationen: IP-Adresse(n), besuchte Seiten, Browser und Zeitpunkt Ihres Besuchs auf unserer Website.<\/p>\n<\/div><\/div><div class=\"w-separator size_medium\"><\/div><div class=\"wpb_text_column\"><div class=\"wpb_wrapper\"><h2>Recht auf Auskunft, Einsicht und Berichtigung<\/h2>\n<p>Sie haben das Recht, Ihre personenbezogenen Daten einzusehen und\/oder zu berichtigen, zu erg\u00e4nzen, l\u00f6schen oder sperren sowie der Verarbeitung Ihrer personenbezogenen Daten zu widersprechen. Au\u00dferdem haben Sie das Recht auf Einschr\u00e4nkung der Verarbeitung und das Recht auf Daten\u00fcbertragbarkeit.<\/p>\n<p>Zus\u00e4tzlich haben Sie jederzeit das Recht, eine Beschwerde bez\u00fcglich der Verarbeitung Ihrer personenbezogenen Daten bei der Datenschutzbeh\u00f6rde (Autoriteit Persoonsgegevens) einzureichen.<\/p>\n<p>Wenn in dieser Richtlinie angegeben ist, dass die Verarbeitung Ihrer personenbezogenen Daten auf Ihrer Einwilligung beruht, z.B. beim Versand von Newslettern, haben Sie das Recht, diese Einwilligung jederzeit zu widerrufen. Der Widerruf der Einwilligung ber\u00fchrt nicht die Rechtm\u00e4\u00dfigkeit der Verarbeitung vor dem Widerruf.<\/p>\n<\/div><\/div><div class=\"w-separator size_medium\"><\/div><div class=\"wpb_text_column\"><div class=\"wpb_wrapper\"><h2>\u00c4nderungen der Richtlinie<\/h2>\n<p>Wir behalten uns das Recht vor, diese Richtlinie zu \u00e4ndern. \u00c4nderungen werden auf unserer Website bekannt gegeben. Wir empfehlen Ihnen daher, unsere Website regelm\u00e4\u00dfig zu besuchen, um \u00fcber Aktualisierungen informiert zu bleiben.<\/p>\n<\/div><\/div><div class=\"w-separator size_medium\"><\/div><div class=\"wpb_text_column\"><div class=\"wpb_wrapper\"><h2>Kontakt und Fragen<\/h2>\n<p>M\u00f6chten Sie mehr \u00fcber diese Richtlinie, Ihre Rechte, die Verarbeitung und unseren Umgang mit und unsere Haltung zur Verarbeitung Ihrer personenbezogenen Daten und\/oder zum Datenschutz allgemein erfahren, wenden Sie sich bitte an:<\/p>\n<p>NNPC Marine Insurance<br \/>\nCompliance Funktion<br \/>\nRijksstraatweg 361<br \/>\n9752 CH Haren (Groningen)<br \/>\nE-Mail: <a href=\"mailto:info@nnpc-marine.com\">info@nnpc-marine.com<\/a><br \/>\nTelefon: +31 (0)50 534 3211<\/p>\n<\/div><\/div><\/div><\/div><\/div><div class=\"vc_col-sm-2 wpb_column vc_column_container\"><div class=\"vc_column-inner\"><div class=\"wpb_wrapper\"><\/div><\/div><\/div><\/div><\/div><\/section>\n","protected":false},"excerpt":{"rendered":"StartSeitenDatenschutzrichtlinie f\u00fcr Mitglieder, Lieferanten und Nutzer der NNPC-Website (2024)Dies ist die Datenschutzrichtlinie (im Folgenden \u201eRichtlinie\u201c genannt) der gegenseitigen Versicherungsgesellschaft \u2018Noord Nederlandsche P&amp;I Club\u2019 U.A. sowie der Gesellschaften, an denen NNPC eine Mehrheitsbeteiligung h\u00e4lt, n\u00e4mlich NNPC Rechtsbijstand B.V., NNPC Management B.V. handelnd unter dem Namen NNPC Marine Insurance, NNPC Logistics B.V. und NNPC MGA B.V., im...","protected":false},"author":1,"featured_media":0,"parent":0,"menu_order":0,"comment_status":"closed","ping_status":"closed","template":"","meta":{"footnotes":""},"class_list":["post-9920","page","type-page","status-publish","hentry"],"_links":{"self":[{"href":"https:\/\/nnpc-marine.com\/de\/wp-json\/wp\/v2\/pages\/9920","targetHints":{"allow":["GET"]}}],"collection":[{"href":"https:\/\/nnpc-marine.com\/de\/wp-json\/wp\/v2\/pages"}],"about":[{"href":"https:\/\/nnpc-marine.com\/de\/wp-json\/wp\/v2\/types\/page"}],"author":[{"embeddable":true,"href":"https:\/\/nnpc-marine.com\/de\/wp-json\/wp\/v2\/users\/1"}],"replies":[{"embeddable":true,"href":"https:\/\/nnpc-marine.com\/de\/wp-json\/wp\/v2\/comments?post=9920"}],"version-history":[{"count":0,"href":"https:\/\/nnpc-marine.com\/de\/wp-json\/wp\/v2\/pages\/9920\/revisions"}],"wp:attachment":[{"href":"https:\/\/nnpc-marine.com\/de\/wp-json\/wp\/v2\/media?parent=9920"}],"curies":[{"name":"wp","href":"https:\/\/api.w.org\/{rel}","templated":true}]}}